{"id":1396,"date":"2016-03-21T16:22:27","date_gmt":"2016-03-21T16:22:27","guid":{"rendered":"http:\/\/www.ccea.org\/?page_id=1396"},"modified":"2016-03-21T16:22:27","modified_gmt":"2016-03-21T16:22:27","slug":"aichi-target-11-guidance","status":"publish","type":"page","link":"https:\/\/ccea-ccae.org\/fr\/aichi-target-11-guidance\/","title":{"rendered":"Aichi Target 11 Guidance"},"content":{"rendered":"<p>[:en]<\/p>\n<div class=\"page\" title=\"Page 1\">\n<div class=\"section\">\n<div class=\"layoutArea\">\n<div class=\"column\">\n<p><a href=\"https:\/\/ccea-ccae.org\/wp-content\/uploads\/2016\/03\/art3A10.10072Fs10531-015-1018-1.pdf\" target=\"_blank\" rel=\"noopener noreferrer\">Canada and Aichi Biodiversity Target 11: understanding \u2018other effective area-based conservation measures\u2019<\/a>\u00a0<a href=\"https:\/\/ccea-ccae.org\/wp-content\/uploads\/2016\/03\/art3A10.10072Fs10531-015-1018-1.pdf\" target=\"_blank\" rel=\"noopener noreferrer\">in the context of the broader target<\/a>\u00a0<em>D. MacKinnon \u2022 C. J. Lemieux \u2022 K. Beazley \u2022\u00a0S. Woodley \u2022 R. Helie \u2022 J. Perron \u2022 J. Elliott \u2022\u00a0C. Haas \u2022 J. Langlois \u2022 H. Lazaruk \u2022 T. Beechey \u2022 P. Gray<\/em><\/p>\n<div class=\"page\" title=\"Page 1\">\n<div class=\"section\">\n<div class=\"layoutArea\">\n<div class=\"column\">\n<p><a href=\"https:\/\/ccea-ccae.org\/wp-content\/uploads\/2016\/03\/OECMs_CCEA_2017BanffConf_03-15-2017-updated-June6-2017-1.pdf\" target=\"_blank\" rel=\"noopener noreferrer\">Science\u2010Based Guidance for Reporting Aichi Target 11 \u201cOther Effective Area\u2010Based Conservation Measures\u201d<\/a>\u00a0(Presentation &#8211; March 10, 2017)<\/p>\n<p><a href=\"https:\/\/ccea-ccae.org\/wp-content\/uploads\/2016\/03\/Canadian-Guidelines-Template-for-PA-and-OEABCM-Assessment_final_copyrightlogo.docx\" target=\"_blank\" rel=\"noopener noreferrer\">Canadian Guidelines Template for PA and OEABCM Assessment<\/a><\/p>\n<\/div>\n<p><a href=\"https:\/\/ccea-ccae.org\/wp-content\/uploads\/2016\/03\/Table-4.1-SSR-Mechanism-Scores-June6-2017-1.xlsx\" target=\"_blank\" rel=\"noopener noreferrer\">Table 4.1 SSR Mechanism Scores<\/a> (June 6, 2017)<\/p>\n<p><a href=\"https:\/\/ccea-ccae.org\/wp-content\/uploads\/2017\/06\/Revised-February2017-Target11_Decision-Screening_Tool_June2-2017-2.xls\" target=\"_blank\" rel=\"noopener noreferrer\">Target 11 Decision-Screening Tool\u00a0<\/a>(June 2, 2017)<\/p>\n<\/div>\n<\/div>\n<\/div>\n<\/div>\n<\/div>\n<\/div>\n<\/div>\n<p>[:]<\/p>\n","protected":false},"excerpt":{"rendered":"<p>[:en] Canada and Aichi Biodiversity Target 11: understanding \u2018other effective area-based conservation measures\u2019\u00a0in the context of the broader target\u00a0D. MacKinnon \u2022 C. J. Lemieux \u2022 K. Beazley \u2022\u00a0S. Woodley \u2022 R. Helie \u2022 J. Perron \u2022 J. Elliott \u2022\u00a0C. Haas \u2022 J. Langlois \u2022 H. Lazaruk \u2022 T. Beechey \u2022 P. Gray Science\u2010Based Guidance for [&hellip;]<\/p>\n","protected":false},"author":1,"featured_media":0,"parent":0,"menu_order":0,"comment_status":"closed","ping_status":"closed","template":"","meta":{"_monsterinsights_skip_tracking":false,"_monsterinsights_sitenote_active":false,"_monsterinsights_sitenote_note":"","_monsterinsights_sitenote_category":0,"site-sidebar-layout":"default","site-content-layout":"","ast-site-content-layout":"default","site-content-style":"default","site-sidebar-style":"default","ast-global-header-display":"","ast-banner-title-visibility":"","ast-main-header-display":"","ast-hfb-above-header-display":"","ast-hfb-below-header-display":"","ast-hfb-mobile-header-display":"","site-post-title":"","ast-breadcrumbs-content":"","ast-featured-img":"","footer-sml-layout":"","ast-disable-related-posts":"","theme-transparent-header-meta":"","adv-header-id-meta":"","stick-header-meta":"","header-above-stick-meta":"","header-main-stick-meta":"","header-below-stick-meta":"","astra-migrate-meta-layouts":"default","ast-page-background-enabled":"default","ast-page-background-meta":{"desktop":{"background-color":"","background-image":"","background-repeat":"repeat","background-position":"center center","background-size":"auto","background-attachment":"scroll","background-type":"","background-media":"","overlay-type":"","overlay-color":"","overlay-opacity":"","overlay-gradient":""},"tablet":{"background-color":"","background-image":"","background-repeat":"repeat","background-position":"center center","background-size":"auto","background-attachment":"scroll","background-type":"","background-media":"","overlay-type":"","overlay-color":"","overlay-opacity":"","overlay-gradient":""},"mobile":{"background-color":"","background-image":"","background-repeat":"repeat","background-position":"center center","background-size":"auto","background-attachment":"scroll","background-type":"","background-media":"","overlay-type":"","overlay-color":"","overlay-opacity":"","overlay-gradient":""}},"ast-content-background-meta":{"desktop":{"background-color":"var(--ast-global-color-5)","background-image":"","background-repeat":"repeat","background-position":"center center","background-size":"auto","background-attachment":"scroll","background-type":"","background-media":"","overlay-type":"","overlay-color":"","overlay-opacity":"","overlay-gradient":""},"tablet":{"background-color":"var(--ast-global-color-5)","background-image":"","background-repeat":"repeat","background-position":"center center","background-size":"auto","background-attachment":"scroll","background-type":"","background-media":"","overlay-type":"","overlay-color":"","overlay-opacity":"","overlay-gradient":""},"mobile":{"background-color":"var(--ast-global-color-5)","background-image":"","background-repeat":"repeat","background-position":"center center","background-size":"auto","background-attachment":"scroll","background-type":"","background-media":"","overlay-type":"","overlay-color":"","overlay-opacity":"","overlay-gradient":""}},"footnotes":""},"class_list":["post-1396","page","type-page","status-publish","hentry"],"yoast_head":"<!-- This site is optimized with the Yoast SEO plugin v27.5 - https:\/\/yoast.com\/product\/yoast-seo-wordpress\/ -->\n<title>Aichi Target 11 Guidance | CCEA-CCAE<\/title>\n<meta name=\"robots\" content=\"index, follow, max-snippet:-1, max-image-preview:large, max-video-preview:-1\" \/>\n<link rel=\"canonical\" href=\"https:\/\/ccea-ccae.org\/fr\/aichi-target-11-guidance\/\" \/>\n<meta property=\"og:locale\" content=\"fr_CA\" \/>\n<meta property=\"og:type\" content=\"article\" \/>\n<meta property=\"og:title\" content=\"Aichi Target 11 Guidance | CCEA-CCAE\" \/>\n<meta property=\"og:description\" content=\"[:en] Canada and Aichi Biodiversity Target 11: understanding \u2018other effective area-based conservation measures\u2019\u00a0in the context of the broader target\u00a0D. MacKinnon \u2022 C. J. Lemieux \u2022 K. Beazley \u2022\u00a0S. Woodley \u2022 R. Helie \u2022 J. Perron \u2022 J. Elliott \u2022\u00a0C. Haas \u2022 J. Langlois \u2022 H. Lazaruk \u2022 T. Beechey \u2022 P. Gray Science\u2010Based Guidance for [&hellip;]\" \/>\n<meta property=\"og:url\" content=\"https:\/\/ccea-ccae.org\/fr\/aichi-target-11-guidance\/\" \/>\n<meta property=\"og:site_name\" content=\"CCEA-CCAE\" \/>\n<meta name=\"twitter:card\" content=\"summary_large_image\" \/>\n<script type=\"application\/ld+json\" class=\"yoast-schema-graph\">{\"@context\":\"https:\\\/\\\/schema.org\",\"@graph\":[{\"@type\":\"WebPage\",\"@id\":\"https:\\\/\\\/ccea-ccae.org\\\/aichi-target-11-guidance\\\/\",\"url\":\"https:\\\/\\\/ccea-ccae.org\\\/aichi-target-11-guidance\\\/\",\"name\":\"Aichi Target 11 Guidance | CCEA-CCAE\",\"isPartOf\":{\"@id\":\"https:\\\/\\\/ccea-ccae.org\\\/#website\"},\"datePublished\":\"2016-03-21T16:22:27+00:00\",\"breadcrumb\":{\"@id\":\"https:\\\/\\\/ccea-ccae.org\\\/aichi-target-11-guidance\\\/#breadcrumb\"},\"inLanguage\":\"fr-CA\",\"potentialAction\":[{\"@type\":\"ReadAction\",\"target\":[\"https:\\\/\\\/ccea-ccae.org\\\/aichi-target-11-guidance\\\/\"]}]},{\"@type\":\"BreadcrumbList\",\"@id\":\"https:\\\/\\\/ccea-ccae.org\\\/aichi-target-11-guidance\\\/#breadcrumb\",\"itemListElement\":[{\"@type\":\"ListItem\",\"position\":1,\"name\":\"Home\",\"item\":\"https:\\\/\\\/ccea-ccae.org\\\/\"},{\"@type\":\"ListItem\",\"position\":2,\"name\":\"Aichi Target 11 Guidance\"}]},{\"@type\":\"WebSite\",\"@id\":\"https:\\\/\\\/ccea-ccae.org\\\/#website\",\"url\":\"https:\\\/\\\/ccea-ccae.org\\\/\",\"name\":\"CCEA-CCAE\",\"description\":\"Helping Canadians establish and  manage protected ecological areas\",\"publisher\":{\"@id\":\"https:\\\/\\\/ccea-ccae.org\\\/#organization\"},\"potentialAction\":[{\"@type\":\"SearchAction\",\"target\":{\"@type\":\"EntryPoint\",\"urlTemplate\":\"https:\\\/\\\/ccea-ccae.org\\\/?s={search_term_string}\"},\"query-input\":{\"@type\":\"PropertyValueSpecification\",\"valueRequired\":true,\"valueName\":\"search_term_string\"}}],\"inLanguage\":\"fr-CA\"},{\"@type\":\"Organization\",\"@id\":\"https:\\\/\\\/ccea-ccae.org\\\/#organization\",\"name\":\"CCEA-CCAE\",\"url\":\"https:\\\/\\\/ccea-ccae.org\\\/\",\"logo\":{\"@type\":\"ImageObject\",\"inLanguage\":\"fr-CA\",\"@id\":\"https:\\\/\\\/ccea-ccae.org\\\/#\\\/schema\\\/logo\\\/image\\\/\",\"url\":\"https:\\\/\\\/ccea-ccae.org\\\/wp-content\\\/uploads\\\/2014\\\/05\\\/header_CCEA.png\",\"contentUrl\":\"https:\\\/\\\/ccea-ccae.org\\\/wp-content\\\/uploads\\\/2014\\\/05\\\/header_CCEA.png\",\"width\":164,\"height\":57,\"caption\":\"CCEA-CCAE\"},\"image\":{\"@id\":\"https:\\\/\\\/ccea-ccae.org\\\/#\\\/schema\\\/logo\\\/image\\\/\"}}]}<\/script>\n<!-- \/ Yoast SEO plugin. -->","yoast_head_json":{"title":"Aichi Target 11 Guidance | CCEA-CCAE","robots":{"index":"index","follow":"follow","max-snippet":"max-snippet:-1","max-image-preview":"max-image-preview:large","max-video-preview":"max-video-preview:-1"},"canonical":"https:\/\/ccea-ccae.org\/fr\/aichi-target-11-guidance\/","og_locale":"fr_CA","og_type":"article","og_title":"Aichi Target 11 Guidance | CCEA-CCAE","og_description":"[:en] Canada and Aichi Biodiversity Target 11: understanding \u2018other effective area-based conservation measures\u2019\u00a0in the context of the broader target\u00a0D. MacKinnon \u2022 C. J. Lemieux \u2022 K. Beazley \u2022\u00a0S. Woodley \u2022 R. Helie \u2022 J. Perron \u2022 J. Elliott \u2022\u00a0C. Haas \u2022 J. Langlois \u2022 H. Lazaruk \u2022 T. Beechey \u2022 P. Gray Science\u2010Based Guidance for [&hellip;]","og_url":"https:\/\/ccea-ccae.org\/fr\/aichi-target-11-guidance\/","og_site_name":"CCEA-CCAE","twitter_card":"summary_large_image","schema":{"@context":"https:\/\/schema.org","@graph":[{"@type":"WebPage","@id":"https:\/\/ccea-ccae.org\/aichi-target-11-guidance\/","url":"https:\/\/ccea-ccae.org\/aichi-target-11-guidance\/","name":"Aichi Target 11 Guidance | CCEA-CCAE","isPartOf":{"@id":"https:\/\/ccea-ccae.org\/#website"},"datePublished":"2016-03-21T16:22:27+00:00","breadcrumb":{"@id":"https:\/\/ccea-ccae.org\/aichi-target-11-guidance\/#breadcrumb"},"inLanguage":"fr-CA","potentialAction":[{"@type":"ReadAction","target":["https:\/\/ccea-ccae.org\/aichi-target-11-guidance\/"]}]},{"@type":"BreadcrumbList","@id":"https:\/\/ccea-ccae.org\/aichi-target-11-guidance\/#breadcrumb","itemListElement":[{"@type":"ListItem","position":1,"name":"Home","item":"https:\/\/ccea-ccae.org\/"},{"@type":"ListItem","position":2,"name":"Aichi Target 11 Guidance"}]},{"@type":"WebSite","@id":"https:\/\/ccea-ccae.org\/#website","url":"https:\/\/ccea-ccae.org\/","name":"CCAE-CCEA","description":"Aider les Canadiens \u00e0 \u00e9tablir et \u00e0 g\u00e9rer des aires \u00e9cologiques prot\u00e9g\u00e9es","publisher":{"@id":"https:\/\/ccea-ccae.org\/#organization"},"potentialAction":[{"@type":"SearchAction","target":{"@type":"EntryPoint","urlTemplate":"https:\/\/ccea-ccae.org\/?s={search_term_string}"},"query-input":{"@type":"PropertyValueSpecification","valueRequired":true,"valueName":"search_term_string"}}],"inLanguage":"fr-CA"},{"@type":"Organization","@id":"https:\/\/ccea-ccae.org\/#organization","name":"CCAE-CCEA","url":"https:\/\/ccea-ccae.org\/","logo":{"@type":"ImageObject","inLanguage":"fr-CA","@id":"https:\/\/ccea-ccae.org\/#\/schema\/logo\/image\/","url":"https:\/\/ccea-ccae.org\/wp-content\/uploads\/2014\/05\/header_CCEA.png","contentUrl":"https:\/\/ccea-ccae.org\/wp-content\/uploads\/2014\/05\/header_CCEA.png","width":164,"height":57,"caption":"CCEA-CCAE"},"image":{"@id":"https:\/\/ccea-ccae.org\/#\/schema\/logo\/image\/"}}]}},"_links":{"self":[{"href":"https:\/\/ccea-ccae.org\/fr\/wp-json\/wp\/v2\/pages\/1396","targetHints":{"allow":["GET"]}}],"collection":[{"href":"https:\/\/ccea-ccae.org\/fr\/wp-json\/wp\/v2\/pages"}],"about":[{"href":"https:\/\/ccea-ccae.org\/fr\/wp-json\/wp\/v2\/types\/page"}],"author":[{"embeddable":true,"href":"https:\/\/ccea-ccae.org\/fr\/wp-json\/wp\/v2\/users\/1"}],"replies":[{"embeddable":true,"href":"https:\/\/ccea-ccae.org\/fr\/wp-json\/wp\/v2\/comments?post=1396"}],"version-history":[{"count":0,"href":"https:\/\/ccea-ccae.org\/fr\/wp-json\/wp\/v2\/pages\/1396\/revisions"}],"wp:attachment":[{"href":"https:\/\/ccea-ccae.org\/fr\/wp-json\/wp\/v2\/media?parent=1396"}],"curies":[{"name":"wp","href":"https:\/\/api.w.org\/{rel}","templated":true}]}}