{"id":233,"date":"2014-05-22T13:58:37","date_gmt":"2014-05-22T13:58:37","guid":{"rendered":"http:\/\/www.ccea.org\/?page_id=233"},"modified":"2023-10-04T20:25:53","modified_gmt":"2023-10-05T00:25:53","slug":"carts","status":"publish","type":"page","link":"https:\/\/ccea-ccae.org\/fr\/carts\/","title":{"rendered":"Introduction au SRSAC"},"content":{"rendered":"<div data-elementor-type=\"wp-page\" data-elementor-id=\"233\" class=\"elementor elementor-233\">\n\t\t\t\t\t\t<section class=\"elementor-section elementor-top-section elementor-element elementor-element-2789b60b elementor-section-boxed elementor-section-height-default elementor-section-height-default\" data-id=\"2789b60b\" data-element_type=\"section\" data-e-type=\"section\">\n\t\t\t\t\t\t<div class=\"elementor-container elementor-column-gap-default\">\n\t\t\t\t\t<div class=\"elementor-column elementor-col-100 elementor-top-column elementor-element elementor-element-10a10ec9\" data-id=\"10a10ec9\" data-element_type=\"column\" data-e-type=\"column\">\n\t\t\t<div class=\"elementor-widget-wrap elementor-element-populated\">\n\t\t\t\t\t\t<div class=\"elementor-element elementor-element-3a5d6903 elementor-widget elementor-widget-page-title\" data-id=\"3a5d6903\" data-element_type=\"widget\" data-e-type=\"widget\" data-widget_type=\"page-title.default\">\n\t\t\t\t<div class=\"elementor-widget-container\">\n\t\t\t\t\t\t\t\n\t\t<div class=\"hfe-page-title hfe-page-title-wrapper elementor-widget-heading\">\n\n\t\t\t\t\t\t\t\t\t\t\t<a href=\"https:\/\/ccea-ccae.org\/fr\">\n\t\t\t\t\t\t<h2 class=\"elementor-heading-title elementor-size-default\">\n\t\t\t\t\t\t\t\t\n\t\t\t\tIntroduction au SRSAC  \n\t\t\t<\/h2> \n\t\t\t\t\t\t\t\t\t<\/a>\n\t\t\t\t\t<\/div>\n\t\t\t\t\t\t<\/div>\n\t\t\t\t<\/div>\n\t\t\t\t\t<\/div>\n\t\t<\/div>\n\t\t\t\t\t<\/div>\n\t\t<\/section>\n\t\t\t\t<section class=\"elementor-section elementor-top-section elementor-element elementor-element-51e631f9 elementor-section-boxed elementor-section-height-default elementor-section-height-default\" data-id=\"51e631f9\" data-element_type=\"section\" data-e-type=\"section\">\n\t\t\t\t\t\t<div class=\"elementor-container elementor-column-gap-default\">\n\t\t\t\t\t<div class=\"elementor-column elementor-col-50 elementor-top-column elementor-element elementor-element-34309cd6\" data-id=\"34309cd6\" data-element_type=\"column\" data-e-type=\"column\">\n\t\t\t<div class=\"elementor-widget-wrap elementor-element-populated\">\n\t\t\t\t\t\t<div class=\"elementor-element elementor-element-3764d4e8 elementor-widget elementor-widget-text-editor\" data-id=\"3764d4e8\" data-element_type=\"widget\" data-e-type=\"widget\" data-widget_type=\"text-editor.default\">\n\t\t\t\t<div class=\"elementor-widget-container\">\n\t\t\t\t\t\t\t\t\t<p>Le SRSAC \u00e9tait g\u00e9r\u00e9 conjointement par Environnement et Changement climatique Canada (ECCC) et le Conseil canadien des aires \u00e9cologiques (CCAE).  Maintenant BDCAPC sera g\u00e9r\u00e9 uniquement par Environnement et Changement climatique Canada (ECCC).<\/p><h2>Histoire du SRSAC\u00a0<\/h2><p>Le projet SRSAC (Syst\u00e8me de rapport et de suivi pour les aires de conservation) r\u00e9pond \u00e0 un besoin qui se faisait sentir depuis longtemps, soit celui de faire le suivi et de rendre compte de l\u2019\u00e9tat des aires prot\u00e9g\u00e9es au Canada d\u2019une mani\u00e8re coh\u00e9rente, normalis\u00e9e et faisant autorit\u00e9. Le site Web du SRSAC donne acc\u00e8s \u00e0 des rapports sommaires, \u00e0 des donn\u00e9es g\u00e9ospatiales, \u00e0 des graphiques et \u00e0 des cartes couramment demand\u00e9es en format PDF.<\/p><p>La base de donn\u00e9es g\u00e9ographique du SRSAC contient des donn\u00e9es de toutes les administrations f\u00e9d\u00e9rales, provinciales et territoriales, qui, chaque ann\u00e9e, y mettent \u00e0 jour leurs donn\u00e9es sur les aires prot\u00e9g\u00e9es.<\/p><p>Le SRSAC a de multiples fonctions. Il contribue \u00e0 la production du Rapport national sur les aires prot\u00e9g\u00e9es, qui est dirig\u00e9e par Environnement et Changement climatique Canada (ECCC) par l\u2019interm\u00e9diaire des Rapports sur la situation des aires prot\u00e9g\u00e9es au Canada et des Indicateurs canadiens de durabilit\u00e9 de l\u2019environnement (ICDE). Il facilite aussi la r\u00e9action du Canada \u00e0 l\u2019\u00e9gard de la Convention sur la diversit\u00e9 biologique de l\u2019ONU, par l\u2019entremise d\u2019ECCC, et de la Commission mondiale des aires prot\u00e9g\u00e9es (CMAP), par l\u2019entremise de Parcs Canada. De plus, le SRSAC appuie le Programme pour les aires prot\u00e9g\u00e9es du Canada par l\u2019\u00e9laboration et l\u2019extension d\u2019aires prot\u00e9g\u00e9es pour les esp\u00e8ces en p\u00e9ril et les habitats essentiels, ainsi que par la planification int\u00e9gr\u00e9e de la conservation. De nombreux autres utilisateurs, comme les autres minist\u00e8res, des organisations non gouvernementales de l\u2019environnement (ONGE), des gestionnaires de ressources, les industries et le public canadien, b\u00e9n\u00e9ficient d\u2019une source unique faisant autorit\u00e9 d\u2019acc\u00e8s aux donn\u00e9es et aux cartes des aires prot\u00e9g\u00e9es \u00e0 l\u2019\u00e9chelle nationale.<\/p><p>Parmi les collaborateurs initiaux du Conseil canadien des aires \u00e9cologiques (CCAE) affect\u00e9s au d\u00e9veloppement du SRSAC, on retrouve des experts des aires prot\u00e9g\u00e9es de chacune des dix provinces du Canada, des trois territoires et des quatre minist\u00e8res f\u00e9d\u00e9raux charg\u00e9s de la gestion des aires prot\u00e9g\u00e9es (Parcs Canada, ECCC, P\u00eaches et Oc\u00e9ans Canada, et Affaires autochtones et du Nord Canada). Le Conseil canadien des parcs, dont font partie des directeurs de parcs d\u2019organismes f\u00e9d\u00e9raux, provinciaux et territoriaux, a appuy\u00e9 le d\u00e9veloppement du SRSAC, ce qui a, par le fait m\u00eame, encourag\u00e9 la collaboration entre les administrations. Les partenaires futurs comprendront des ONGE qui assument des responsabilit\u00e9s en mati\u00e8re d\u2019intendance des terres et d\u2019autres ordres de gouvernements charg\u00e9s de la gestion des aires prot\u00e9g\u00e9es. Le SRSAC est soutenu par le Conseil canadien des parcs et le Conseil canadien des ministres de l\u2019environnement.<\/p><p>Le mandat \u00e9largi du SRSAC comprend les activit\u00e9s suivantes :<\/p><ul><li>Le site Web du SRSAC et les produits connexes sont le fruit d\u2019un partenariat entre ECCC et le CCAE;<\/li><li>Coordonner l\u2019\u00e9volution du SRSAC pour satisfaire aux exigences l\u00e9gislatives, politiques, scientifiques, technologiques et informationnelles actuelles et futures telles qu\u2019elles ont \u00e9t\u00e9 \u00e9tablies par la communaut\u00e9 des aires prot\u00e9g\u00e9es;<\/li><li>\u00c9laborer des strat\u00e9gies de maintien et d\u2019expansion de l\u2019approbation et de l\u2019appui des organismes gouvernementaux, des organismes intergouvernementaux responsables des aires prot\u00e9g\u00e9es et des organismes politiques;<\/li><li>Faire en sorte que l\u2019administrateur du SRSAC collabore \u00e9troitement avec le CCAE \u00e0 la gestion des questions li\u00e9es au contenu, \u00e0 l\u2019utilisation, \u00e0 l\u2019approvisionnement en donn\u00e9es et \u00e0 la commercialisation du SRSAC;<\/li><li>Veiller \u00e0 la r\u00e9alisation du plein potentiel du SRSAC comme source harmonis\u00e9e, normalis\u00e9e et nationale de donn\u00e9es g\u00e9ospatiales sur les aires prot\u00e9g\u00e9es.<br \/>Le CCAE reconna\u00eet que l\u2019administrateur du SRSAC doit \u00eatre responsable devant tous les organismes de gestion des aires prot\u00e9g\u00e9es qui ont transmis leurs donn\u00e9es. Le CCAE reconna\u00eet \u00e9galement qu\u2019il doit \u00eatre particuli\u00e8rement responsable devant les organismes gouvernementaux qui assument un r\u00f4le cl\u00e9 en mati\u00e8re de rapport \u00e0 l\u2019\u00e9chelle nationale.<\/li><\/ul><p>Le CCAE dirige l\u2019application des cat\u00e9gories d\u2019aires prot\u00e9g\u00e9es \u00e9tablies par l\u2019Union Internationale pour la Conservation de la Nature (UICN) pour le Canada. Il est \u00e9galement responsable de la mise au point du guide de l\u2019UICN pour le Canada. Ce guide, qui est maintenant pr\u00eat, sera int\u00e9gr\u00e9 au sch\u00e9ma du SRSAC aux fins d\u2019analyses approfondies et de la production de statistiques document\u00e9es.<\/p><p>CARTS is no longer a CCEA initiative.\u00a0 See the link to CPCAD.<\/p>\t\t\t\t\t\t\t\t<\/div>\n\t\t\t\t<\/div>\n\t\t\t\t\t<\/div>\n\t\t<\/div>\n\t\t\t\t<div class=\"elementor-column elementor-col-50 elementor-top-column elementor-element elementor-element-76c5b37\" data-id=\"76c5b37\" data-element_type=\"column\" data-e-type=\"column\" data-settings=\"{&quot;background_background&quot;:&quot;gradient&quot;}\">\n\t\t\t<div class=\"elementor-widget-wrap elementor-element-populated\">\n\t\t\t\t\t\t<div class=\"elementor-element elementor-element-6459d261 elementor-widget elementor-widget-spacer\" data-id=\"6459d261\" data-element_type=\"widget\" data-e-type=\"widget\" data-widget_type=\"spacer.default\">\n\t\t\t\t<div class=\"elementor-widget-container\">\n\t\t\t\t\t\t\t<div class=\"elementor-spacer\">\n\t\t\t<div class=\"elementor-spacer-inner\"><\/div>\n\t\t<\/div>\n\t\t\t\t\t\t<\/div>\n\t\t\t\t<\/div>\n\t\t\t\t<div class=\"elementor-element elementor-element-83965a1 elementor-widget elementor-widget-text-editor\" data-id=\"83965a1\" data-element_type=\"widget\" data-e-type=\"widget\" data-widget_type=\"text-editor.default\">\n\t\t\t\t<div class=\"elementor-widget-container\">\n\t\t\t\t\t\t\t\t\t<p>Le syst\u00e8me de rapport et de suivi pour les aires de conservation (SRSAC) est maintenant la base de donn\u00e9es canadienne sur les aires prot\u00e9g\u00e9es et de conservation (BDCAPC). Le nouveau lien pour BDCAPC se trouve ici\u00a0:<\/p>\t\t\t\t\t\t\t\t<\/div>\n\t\t\t\t<\/div>\n\t\t\t\t<div class=\"elementor-element elementor-element-449eacd elementor-align-center elementor-widget elementor-widget-button\" data-id=\"449eacd\" data-element_type=\"widget\" data-e-type=\"widget\" data-widget_type=\"button.default\">\n\t\t\t\t<div class=\"elementor-widget-container\">\n\t\t\t\t\t\t\t\t\t<div class=\"elementor-button-wrapper\">\n\t\t\t\t\t<a class=\"elementor-button elementor-button-link elementor-size-sm\" href=\"https:\/\/www.canada.ca\/fr\/environnement-changement-climatique\/services\/reserves-nationales-faune\/base-donnees-aires-protegees-conservation.html\" target=\"_blank\">\n\t\t\t\t\t\t<span class=\"elementor-button-content-wrapper\">\n\t\t\t\t\t\t\t\t\t<span class=\"elementor-button-text\">ALLER \u00c0 BDCAPC<\/span>\n\t\t\t\t\t<\/span>\n\t\t\t\t\t<\/a>\n\t\t\t\t<\/div>\n\t\t\t\t\t\t\t\t<\/div>\n\t\t\t\t<\/div>\n\t\t\t\t\t<\/div>\n\t\t<\/div>\n\t\t\t\t\t<\/div>\n\t\t<\/section>\n\t\t\t\t<\/div>","protected":false},"excerpt":{"rendered":"<p>CARTS Introduction CARTS was jointly managed between Environment and Climate Change Canada (ECCC) and the Canadian Council on Ecological Areas (CCEA), while CPCAD will now be managed solely by Environment and Climate Change Canada (ECCC). CARTS History\u00a0 The CARTS project was a response to a longstanding need to track and report on the status of [&hellip;]<\/p>\n","protected":false},"author":1,"featured_media":0,"parent":0,"menu_order":0,"comment_status":"closed","ping_status":"closed","template":"elementor_header_footer","meta":{"_monsterinsights_skip_tracking":false,"_monsterinsights_sitenote_active":false,"_monsterinsights_sitenote_note":"","_monsterinsights_sitenote_category":0,"site-sidebar-layout":"default","site-content-layout":"default","ast-site-content-layout":"default","site-content-style":"default","site-sidebar-style":"default","ast-global-header-display":"","ast-banner-title-visibility":"","ast-main-header-display":"","ast-hfb-above-header-display":"","ast-hfb-below-header-display":"","ast-hfb-mobile-header-display":"","site-post-title":"","ast-breadcrumbs-content":"","ast-featured-img":"","footer-sml-layout":"","ast-disable-related-posts":"","theme-transparent-header-meta":"default","adv-header-id-meta":"","stick-header-meta":"","header-above-stick-meta":"","header-main-stick-meta":"","header-below-stick-meta":"","astra-migrate-meta-layouts":"default","ast-page-background-enabled":"default","ast-page-background-meta":{"desktop":{"background-color":"","background-image":"","background-repeat":"repeat","background-position":"center center","background-size":"auto","background-attachment":"scroll","background-type":"","background-media":"","overlay-type":"","overlay-color":"","overlay-opacity":"","overlay-gradient":""},"tablet":{"background-color":"","background-image":"","background-repeat":"repeat","background-position":"center center","background-size":"auto","background-attachment":"scroll","background-type":"","background-media":"","overlay-type":"","overlay-color":"","overlay-opacity":"","overlay-gradient":""},"mobile":{"background-color":"","background-image":"","background-repeat":"repeat","background-position":"center center","background-size":"auto","background-attachment":"scroll","background-type":"","background-media":"","overlay-type":"","overlay-color":"","overlay-opacity":"","overlay-gradient":""}},"ast-content-background-meta":{"desktop":{"background-color":"var(--ast-global-color-5)","background-image":"","background-repeat":"repeat","background-position":"center center","background-size":"auto","background-attachment":"scroll","background-type":"","background-media":"","overlay-type":"","overlay-color":"","overlay-opacity":"","overlay-gradient":""},"tablet":{"background-color":"var(--ast-global-color-5)","background-image":"","background-repeat":"repeat","background-position":"center center","background-size":"auto","background-attachment":"scroll","background-type":"","background-media":"","overlay-type":"","overlay-color":"","overlay-opacity":"","overlay-gradient":""},"mobile":{"background-color":"var(--ast-global-color-5)","background-image":"","background-repeat":"repeat","background-position":"center center","background-size":"auto","background-attachment":"scroll","background-type":"","background-media":"","overlay-type":"","overlay-color":"","overlay-opacity":"","overlay-gradient":""}},"footnotes":""},"class_list":["post-233","page","type-page","status-publish","hentry"],"yoast_head":"<!-- This site is optimized with the Yoast SEO plugin v27.4 - https:\/\/yoast.com\/product\/yoast-seo-wordpress\/ -->\n<title>CARTS Introduction | CCEA-CCAE<\/title>\n<meta name=\"robots\" content=\"index, follow, max-snippet:-1, max-image-preview:large, max-video-preview:-1\" \/>\n<link rel=\"canonical\" href=\"https:\/\/ccea-ccae.org\/fr\/carts\/\" \/>\n<meta property=\"og:locale\" content=\"fr_CA\" \/>\n<meta property=\"og:type\" content=\"article\" \/>\n<meta property=\"og:title\" content=\"CARTS Introduction | CCEA-CCAE\" \/>\n<meta property=\"og:description\" content=\"CARTS Introduction CARTS was jointly managed between Environment and Climate Change Canada (ECCC) and the Canadian Council on Ecological Areas (CCEA), while CPCAD will now be managed solely by Environment and Climate Change Canada (ECCC). CARTS History\u00a0 The CARTS project was a response to a longstanding need to track and report on the status of [&hellip;]\" \/>\n<meta property=\"og:url\" content=\"https:\/\/ccea-ccae.org\/fr\/carts\/\" \/>\n<meta property=\"og:site_name\" content=\"CCEA-CCAE\" \/>\n<meta property=\"article:modified_time\" content=\"2023-10-05T00:25:53+00:00\" \/>\n<meta name=\"twitter:card\" content=\"summary_large_image\" \/>\n<meta name=\"twitter:label1\" content=\"Estimation du temps de lecture\" \/>\n\t<meta name=\"twitter:data1\" content=\"3 minutes\" \/>\n<script type=\"application\/ld+json\" class=\"yoast-schema-graph\">{\"@context\":\"https:\\\/\\\/schema.org\",\"@graph\":[{\"@type\":\"WebPage\",\"@id\":\"https:\\\/\\\/ccea-ccae.org\\\/carts\\\/\",\"url\":\"https:\\\/\\\/ccea-ccae.org\\\/carts\\\/\",\"name\":\"CARTS Introduction | CCEA-CCAE\",\"isPartOf\":{\"@id\":\"https:\\\/\\\/ccea-ccae.org\\\/#website\"},\"datePublished\":\"2014-05-22T13:58:37+00:00\",\"dateModified\":\"2023-10-05T00:25:53+00:00\",\"breadcrumb\":{\"@id\":\"https:\\\/\\\/ccea-ccae.org\\\/carts\\\/#breadcrumb\"},\"inLanguage\":\"fr-CA\",\"potentialAction\":[{\"@type\":\"ReadAction\",\"target\":[\"https:\\\/\\\/ccea-ccae.org\\\/carts\\\/\"]}]},{\"@type\":\"BreadcrumbList\",\"@id\":\"https:\\\/\\\/ccea-ccae.org\\\/carts\\\/#breadcrumb\",\"itemListElement\":[{\"@type\":\"ListItem\",\"position\":1,\"name\":\"Home\",\"item\":\"https:\\\/\\\/ccea-ccae.org\\\/\"},{\"@type\":\"ListItem\",\"position\":2,\"name\":\"CARTS Introduction\"}]},{\"@type\":\"WebSite\",\"@id\":\"https:\\\/\\\/ccea-ccae.org\\\/#website\",\"url\":\"https:\\\/\\\/ccea-ccae.org\\\/\",\"name\":\"CCEA-CCAE\",\"description\":\"Helping Canadians establish and  manage protected ecological areas\",\"publisher\":{\"@id\":\"https:\\\/\\\/ccea-ccae.org\\\/#organization\"},\"potentialAction\":[{\"@type\":\"SearchAction\",\"target\":{\"@type\":\"EntryPoint\",\"urlTemplate\":\"https:\\\/\\\/ccea-ccae.org\\\/?s={search_term_string}\"},\"query-input\":{\"@type\":\"PropertyValueSpecification\",\"valueRequired\":true,\"valueName\":\"search_term_string\"}}],\"inLanguage\":\"fr-CA\"},{\"@type\":\"Organization\",\"@id\":\"https:\\\/\\\/ccea-ccae.org\\\/#organization\",\"name\":\"CCEA-CCAE\",\"url\":\"https:\\\/\\\/ccea-ccae.org\\\/\",\"logo\":{\"@type\":\"ImageObject\",\"inLanguage\":\"fr-CA\",\"@id\":\"https:\\\/\\\/ccea-ccae.org\\\/#\\\/schema\\\/logo\\\/image\\\/\",\"url\":\"https:\\\/\\\/ccea-ccae.org\\\/wp-content\\\/uploads\\\/2014\\\/05\\\/header_CCEA.png\",\"contentUrl\":\"https:\\\/\\\/ccea-ccae.org\\\/wp-content\\\/uploads\\\/2014\\\/05\\\/header_CCEA.png\",\"width\":164,\"height\":57,\"caption\":\"CCEA-CCAE\"},\"image\":{\"@id\":\"https:\\\/\\\/ccea-ccae.org\\\/#\\\/schema\\\/logo\\\/image\\\/\"}}]}<\/script>\n<!-- \/ Yoast SEO plugin. -->","yoast_head_json":{"title":"CARTS Introduction | CCEA-CCAE","robots":{"index":"index","follow":"follow","max-snippet":"max-snippet:-1","max-image-preview":"max-image-preview:large","max-video-preview":"max-video-preview:-1"},"canonical":"https:\/\/ccea-ccae.org\/fr\/carts\/","og_locale":"fr_CA","og_type":"article","og_title":"CARTS Introduction | CCEA-CCAE","og_description":"CARTS Introduction CARTS was jointly managed between Environment and Climate Change Canada (ECCC) and the Canadian Council on Ecological Areas (CCEA), while CPCAD will now be managed solely by Environment and Climate Change Canada (ECCC). CARTS History\u00a0 The CARTS project was a response to a longstanding need to track and report on the status of [&hellip;]","og_url":"https:\/\/ccea-ccae.org\/fr\/carts\/","og_site_name":"CCEA-CCAE","article_modified_time":"2023-10-05T00:25:53+00:00","twitter_card":"summary_large_image","twitter_misc":{"Estimation du temps de lecture":"3 minutes"},"schema":{"@context":"https:\/\/schema.org","@graph":[{"@type":"WebPage","@id":"https:\/\/ccea-ccae.org\/carts\/","url":"https:\/\/ccea-ccae.org\/carts\/","name":"CARTS Introduction | CCEA-CCAE","isPartOf":{"@id":"https:\/\/ccea-ccae.org\/#website"},"datePublished":"2014-05-22T13:58:37+00:00","dateModified":"2023-10-05T00:25:53+00:00","breadcrumb":{"@id":"https:\/\/ccea-ccae.org\/carts\/#breadcrumb"},"inLanguage":"fr-CA","potentialAction":[{"@type":"ReadAction","target":["https:\/\/ccea-ccae.org\/carts\/"]}]},{"@type":"BreadcrumbList","@id":"https:\/\/ccea-ccae.org\/carts\/#breadcrumb","itemListElement":[{"@type":"ListItem","position":1,"name":"Home","item":"https:\/\/ccea-ccae.org\/"},{"@type":"ListItem","position":2,"name":"CARTS Introduction"}]},{"@type":"WebSite","@id":"https:\/\/ccea-ccae.org\/#website","url":"https:\/\/ccea-ccae.org\/","name":"CCAE-CCEA","description":"Aider les Canadiens \u00e0 \u00e9tablir et \u00e0 g\u00e9rer des aires \u00e9cologiques prot\u00e9g\u00e9es","publisher":{"@id":"https:\/\/ccea-ccae.org\/#organization"},"potentialAction":[{"@type":"SearchAction","target":{"@type":"EntryPoint","urlTemplate":"https:\/\/ccea-ccae.org\/?s={search_term_string}"},"query-input":{"@type":"PropertyValueSpecification","valueRequired":true,"valueName":"search_term_string"}}],"inLanguage":"fr-CA"},{"@type":"Organization","@id":"https:\/\/ccea-ccae.org\/#organization","name":"CCAE-CCEA","url":"https:\/\/ccea-ccae.org\/","logo":{"@type":"ImageObject","inLanguage":"fr-CA","@id":"https:\/\/ccea-ccae.org\/#\/schema\/logo\/image\/","url":"https:\/\/ccea-ccae.org\/wp-content\/uploads\/2014\/05\/header_CCEA.png","contentUrl":"https:\/\/ccea-ccae.org\/wp-content\/uploads\/2014\/05\/header_CCEA.png","width":164,"height":57,"caption":"CCEA-CCAE"},"image":{"@id":"https:\/\/ccea-ccae.org\/#\/schema\/logo\/image\/"}}]}},"_links":{"self":[{"href":"https:\/\/ccea-ccae.org\/fr\/wp-json\/wp\/v2\/pages\/233","targetHints":{"allow":["GET"]}}],"collection":[{"href":"https:\/\/ccea-ccae.org\/fr\/wp-json\/wp\/v2\/pages"}],"about":[{"href":"https:\/\/ccea-ccae.org\/fr\/wp-json\/wp\/v2\/types\/page"}],"author":[{"embeddable":true,"href":"https:\/\/ccea-ccae.org\/fr\/wp-json\/wp\/v2\/users\/1"}],"replies":[{"embeddable":true,"href":"https:\/\/ccea-ccae.org\/fr\/wp-json\/wp\/v2\/comments?post=233"}],"version-history":[{"count":19,"href":"https:\/\/ccea-ccae.org\/fr\/wp-json\/wp\/v2\/pages\/233\/revisions"}],"predecessor-version":[{"id":6707,"href":"https:\/\/ccea-ccae.org\/fr\/wp-json\/wp\/v2\/pages\/233\/revisions\/6707"}],"wp:attachment":[{"href":"https:\/\/ccea-ccae.org\/fr\/wp-json\/wp\/v2\/media?parent=233"}],"curies":[{"name":"wp","href":"https:\/\/api.w.org\/{rel}","templated":true}]}}