{"id":240,"date":"2014-05-22T14:04:20","date_gmt":"2014-05-22T14:04:20","guid":{"rendered":"http:\/\/www.ccea.org\/?page_id=240"},"modified":"2020-07-21T13:39:01","modified_gmt":"2020-07-21T17:39:01","slug":"download-carts-data","status":"publish","type":"page","link":"https:\/\/ccea-ccae.org\/fr\/download-carts-data\/","title":{"rendered":"Entente d\u2019utilisation des donn\u00e9es"},"content":{"rendered":"\t\t<div data-elementor-type=\"wp-page\" data-elementor-id=\"240\" class=\"elementor elementor-240\">\n\t\t\t\t\t\t<section class=\"elementor-section elementor-top-section elementor-element elementor-element-c39b25c elementor-section-boxed elementor-section-height-default elementor-section-height-default\" data-id=\"c39b25c\" data-element_type=\"section\" data-e-type=\"section\">\n\t\t\t\t\t\t<div class=\"elementor-container elementor-column-gap-default\">\n\t\t\t\t\t<div class=\"elementor-column elementor-col-50 elementor-top-column elementor-element elementor-element-207f350\" data-id=\"207f350\" data-element_type=\"column\" data-e-type=\"column\">\n\t\t\t<div class=\"elementor-widget-wrap elementor-element-populated\">\n\t\t\t\t\t\t<div class=\"elementor-element elementor-element-538aa6da elementor-widget elementor-widget-text-editor\" data-id=\"538aa6da\" data-element_type=\"widget\" data-e-type=\"widget\" data-widget_type=\"text-editor.default\">\n\t\t\t\t<div class=\"elementor-widget-container\">\n\t\t\t\t\t\t\t\t\t<p>By clicking on the link below, you agree to the following&#8230;\u00a0<\/p><p><strong>Copyright\/Permission to Download<\/strong><\/p><p>The information found in this file was produced and\/or compiled by the Canadian Council on Ecological Areas (CCEA) for the purpose of providing Canadians with direct access to information about protected areas in Canada.<\/p><p>The material in this file is covered by the provisions of the Copyright Act, by Canadian federal, provincial and territorial laws, policies and regulations, and by international agreements. All files have been obtained from the various CCEA jurisdictions. Copyright rests with each individual source and jurisdiction.<\/p><p><strong>Non-commercial Reproduction<\/strong><br \/>Information in this file has been posted with the intent that it be readily available for personal and public, non-commercial use. With the exception of identified third party materials whose reproduction may require the permission of another rights holder, as described below, the information in this file may be reproduced, in part or in whole and by any means, for the sole purpose of its utilization by the user, without charge or further permission from Canadian Council on Ecological Areas. However, we require that:<\/p><ul><li>users exercise due diligence in ensuring the accuracy of the materials reproduced and their appropriateness for the user&#8217;s purposes;<\/li><li>the Canadian Council on Ecological Areas be identified as the source; and,<\/li><li>the reproduction is not represented as an official version of the materials reproduced, nor as having been made with the endorsement of the Canadian Council on Ecological Areas.<\/li><\/ul><p><strong> Disclaimer<\/strong><br \/>The material in this file includes information of a technical nature, such as geographical information, reference values, statistical data, and the like, which is made available to the public on a free-of-charge basis. While the Canadian Council on Ecological Areas employs reasonable efforts, whenever feasible, to ensure the currency, accuracy and precision of the information they provide, some of this material has limitations due to their technical nature. Furthermore, the material or any data derived using same is subject to interpretation. Users are responsible for verifying that the material is appropriate for the use or application for which they wish to employ it. The Canadian Council on Ecological Areas makes no representation or warranty of any kind, either expressed or implied, as to the content of the file nor as to its fitness for any particular use, and the Canadian Council on Ecological Areas does not assume nor accept any liability arising from any use of the information and applications used to display or use the information.<\/p><p>The Canadian Council on Ecological Areas does not assume nor accept any liability arising from any use of third party sourced content.<\/p><p><strong>Official Languages<\/strong><br \/>The Canadian Council on Ecological Areas is committed to ensuring files are available in both French and English. However, users should be aware that some information from external sources is available only in the language in which it was provided.<\/p><h2>CARTS End-user Agreement<\/h2><p>In order to download the CARTS Shapefile database of protected ares in Canada, fill in the following form and indicate that you agree to the terms and conditions.<\/p><p>(Data for the protected areas in Quebec are subject to Article 5 of the Natural Heritage Conservation Act (R.S.Q., c. C-61.01) and only the statistics derived from the Registre des aires prot\u00e9g\u00e9es au Qu\u00e9bec can be considered as official. Access to digital data is made by request only to the <a href=\"mailto:registre.ap@mddelcc.gouv.qc.ca\">Registraire des aires prot\u00e9g\u00e9es<\/a>).<\/p><p><strong>Once you complete this form you will be redirected to a download page with a link to the file.<\/strong><\/p><p>All fields are required.<\/p><p>[wpforms id=&#8221;4253&#8243; title=&#8221;false&#8221; description=&#8221;false&#8221;]<\/p><p>The Canadian Council on Ecological Areas will only use the information you supply for tracking purposes and to contact you regarding important data or database issues. Your contact details will not be given to anyone outside the CCEA.[:fr]<\/p><p id=\"tw-target-text\" class=\"tw-data-text vk_txt tw-ta tw-text-small\" dir=\"ltr\" data-placeholder=\"Translation\"><span lang=\"fr\">En cliquant sur le lien ci-dessous, vous acceptez ce qui suit &#8230;<\/span><\/p><p><strong>Droit d\u2019auteur \/ permission de t\u00e9l\u00e9charger<\/strong><\/p><p>L\u2019information qui se trouve dans ce fichier a \u00e9t\u00e9 produite et\/ou compil\u00e9e par le Conseil canadien des aires \u00e9cologiques (CCAE) afin de fournir aux Canadiennes et aux Canadiens un acc\u00e8s direct \u00e0 l\u2019information portant sur les aires prot\u00e9g\u00e9es au Canada.<\/p><p>Le mat\u00e9riel contenu dans ce fichier est prot\u00e9g\u00e9 par les dispositions de la Loi sur le droit d&#8217;auteur, par les lois canadiennes f\u00e9d\u00e9rales, provinciales et territoriales, des politiques et des r\u00e8glements et par des ententes internationales. Tous les fichiers ont \u00e9t\u00e9 obtenus des diff\u00e9rentes comp\u00e9tences du CCAE. Le droit d\u2019auteur rel\u00e8ve de chaque source et comp\u00e9tence individuelle.<\/p><p><strong>Reproduction noncommerciale<\/strong><\/p><p>L\u2019information contenue dans ce fichier a \u00e9t\u00e9 affich\u00e9e en vue qu\u2019elle soit facilement accessible \u00e0 des fins personnelles et publiques non commerciales. \u00c0 l\u2019exception du contenu identifi\u00e9 de tiers dont la reproduction peut requ\u00e9rir la permission d\u2019un autre d\u00e9tenteur de droits, tel que d\u00e9crit ci-dessous, l\u2019information contenue dans ce fichier peut \u00eatre reproduite, en entier ou en partie et par tout moyen, uniquement \u00e0 des fins d\u2019utilisation par l\u2019utilisateur, sans frais ou autre permission du Conseil canadien des aires \u00e9cologiques. Nous demandons que :<\/p><ol><li>les utilisateurs exercent une diligence raisonnable pour assurer l\u2019exactitude du mat\u00e9riel reproduit et la nature appropri\u00e9e aux fins de l\u2019utilisateur;<\/li><li>le Conseil canadien des aires \u00e9cologiques soit identifi\u00e9 comme source;<\/li><li>la reproduction n\u2019est pas repr\u00e9sent\u00e9e comme version officielle du mat\u00e9riel reproduit, ni comme ayant \u00e9t\u00e9 faite avec l\u2019appui du Conseil canadien des aires \u00e9cologiques.<\/li><\/ol><p><strong>Reproduction commerciale<\/strong><\/p><p>La reproduction de ce fichier, en entier ou en partie, \u00e0 des fins de redistribution commerciale, est interdite sauf avec la permission \u00e9crite de l\u2019administrateur des droits d\u2019auteur du Conseil canadien des aires \u00e9cologiques. Pour obtenir la permission de reproduire le mat\u00e9riel de ce fichier \u00e0 des fins commerciales, veuillez vous adresser au Conseil canadien des aires \u00e9cologiques (http:\/\/www.ccea.org\/).<\/p><p><strong>Avis de non-responsabilit\u00e9<\/strong><\/p><p>Le mat\u00e9riel dans ce fichier comprend de l\u2019information de nature technique, telle de l\u2019information g\u00e9ographique, des valeurs de r\u00e9f\u00e9rence, des donn\u00e9es statistiques et autres donn\u00e9es semblables qui sont fournies au public gratuitement. Bien que le Conseil canadien des aires \u00e9cologiques consacre tous les efforts raisonnables chaque fois que cela est possible \u00e0 assurer que l\u2019information est actuelle, exacte et pr\u00e9cise, une partie de ce mat\u00e9riel pose des limites \u00e9tant donn\u00e9 sa nature technique. De plus, le mat\u00e9riel ou toutes donn\u00e9es tir\u00e9es de celui-ci font l\u2019objet d\u2019interpr\u00e9tation. Les utilisateurs sont responsables de v\u00e9rifier que le mat\u00e9riel est appropri\u00e9 pour l\u2019utilisation pr\u00e9vue ou l\u2019application qu\u2019ils veulent utiliser. Le Conseil canadien des aires \u00e9cologiques ne fait aucune repr\u00e9sentation ou garantie d\u2019aucune sorte, explicite ou implicite, quant au contenu du fichier ni \u00e0 sa nature ad\u00e9quate pour toute utilisation particuli\u00e8re et le Conseil canadien des aires \u00e9cologiques n\u2019assume ni n\u2019accepte aucune responsabilit\u00e9 d\u00e9coulant de l\u2019utilisation quelle qu\u2019elle soit de l\u2019information et des applications utilis\u00e9es pour afficher ou utiliser l\u2019information.<\/p><p>Le Conseil canadien des aires \u00e9cologiques n\u2019assume ni n\u2019accepte aucune responsabilit\u00e9 d\u00e9coulant de toute utilisation du contenu en source d\u2019un tiers.<\/p><p><strong>Langues officielles<\/strong><\/p><p>Le Conseil canadien des aires \u00e9cologiques est engag\u00e9 \u00e0 assurer que les fichiers sont disponibles en fran\u00e7ais et en anglais. Cependant, les utilisateurs devraient savoir qu\u2019une partie de l\u2019information de source externe n\u2019est disponible uniquement que dans la langue dans laquelle elle a \u00e9t\u00e9 fournie.<\/p><h2>Entente d\u2019utilisation des donn\u00e9es<\/h2><p>Pour t\u00e9l\u00e9charger la base de donn\u00e9es \u201cShapefile\u201d des aires prot\u00e9g\u00e9es au Canada du SRSAC, remplissez le formulaire ci-dessous et indiquez que vous acceptez les termes et conditions.<\/p><p>(Les donn\u00e9es sur les aires prot\u00e9g\u00e9es au Qu\u00e9bec rel\u00e8vent de l&#8217;application de l&#8217;article 5 de la Loi sur la conservation du patrimoine naturel (L.R.Q., c. C-61.01) et seul les statistiques provenant du Registre des aires prot\u00e9g\u00e9es au Qu\u00e9bec peuvent \u00eatre consid\u00e9r\u00e9es officielles. L&#8217;acc\u00e8s aux donn\u00e9es num\u00e9riques se fait pr\u00e9sentement sur demande, directement aupr\u00e8s du Registraire des aires prot\u00e9g\u00e9es).<\/p><p><strong>Une fois que vous remplissez ce formulaire, vous serez redirig\u00e9 vers une page de t\u00e9l\u00e9chargement avec un lien vers le fichier.<\/strong><\/p><p id=\"tw-target-text\" class=\"tw-data-text vk_txt tw-ta tw-text-medium\" dir=\"ltr\" data-placeholder=\"Translation\"><span lang=\"fr\">Tous les champs sont requis<\/span><\/p><p dir=\"ltr\" data-placeholder=\"Translation\">[wpforms id=&#8221;4255&#8243; title=&#8221;false&#8221; description=&#8221;false&#8221;]<\/p><p>Le Conseil canadien sur les aires \u00e9cologiques utilise l\u2019information que vous nous donnez pour fin de suivi et pour vous contacter advenant des probl\u00e8mes s\u00e9rieux avec la base de donn\u00e9es. Votre information n\u2019est pas partag\u00e9e au-del\u00e0 du CCAE.<\/p><p><style><\/style><\/p><p>[:]<\/p>\t\t\t\t\t\t\t\t<\/div>\n\t\t\t\t<\/div>\n\t\t\t\t\t<\/div>\n\t\t<\/div>\n\t\t\t\t<div class=\"elementor-column elementor-col-50 elementor-top-column elementor-element elementor-element-9cf879b\" data-id=\"9cf879b\" data-element_type=\"column\" data-e-type=\"column\">\n\t\t\t<div class=\"elementor-widget-wrap elementor-element-populated\">\n\t\t\t\t\t\t<div class=\"elementor-element elementor-element-76312ac elementor-widget elementor-widget-wp-widget-nav_menu\" data-id=\"76312ac\" data-element_type=\"widget\" data-e-type=\"widget\" data-widget_type=\"wp-widget-nav_menu.default\">\n\t\t\t\t<div class=\"elementor-widget-container\">\n\t\t\t\t\t<nav class=\"menu-carts-menu-container\" aria-label=\"Menu\"><ul id=\"menu-carts-menu\" class=\"menu\"><li id=\"menu-item-4963\" class=\"menu-item menu-item-type-post_type menu-item-object-page menu-item-4963\"><a href=\"https:\/\/ccea-ccae.org\/fr\/carts\/\" class=\"menu-link\">CARTS Introduction<\/a><\/li>\n<li id=\"menu-item-4985\" class=\"menu-item menu-item-type-post_type menu-item-object-page menu-item-4985\"><a href=\"https:\/\/ccea-ccae.org\/fr\/download-carts-data\/\" class=\"menu-link\">Download CARTS Data<\/a><\/li>\n<li id=\"menu-item-4965\" class=\"menu-item menu-item-type-post_type menu-item-object-page menu-item-4965\"><a href=\"https:\/\/ccea-ccae.org\/fr\/visualize-carts\/\" class=\"menu-link\">Visualize CARTS<\/a><\/li>\n<li id=\"menu-item-4986\" class=\"menu-item menu-item-type-post_type menu-item-object-page menu-item-4986\"><a href=\"https:\/\/ccea-ccae.org\/fr\/download-carts-maps\/\" class=\"menu-link\">Download CARTS Maps<\/a><\/li>\n<li id=\"menu-item-4967\" class=\"menu-item menu-item-type-custom menu-item-object-custom menu-item-4967\"><a href=\"https:\/\/ccea-ccae.org\/wp-content\/uploads\/2019\/04\/2017-CARTS-Procedures-Manual-and-Schema.pdf\" class=\"menu-link\">CARTS Procedures Manual &#038; Schema<\/a><\/li>\n<\/ul><\/nav>\t\t\t\t<\/div>\n\t\t\t\t<\/div>\n\t\t\t\t\t<\/div>\n\t\t<\/div>\n\t\t\t\t\t<\/div>\n\t\t<\/section>\n\t\t\t\t<\/div>\n\t\t","protected":false},"excerpt":{"rendered":"<p>By clicking on the link below, you agree to the following&#8230;\u00a0 Copyright\/Permission to Download The information found in this file was produced and\/or compiled by the Canadian Council on Ecological Areas (CCEA) for the purpose of providing Canadians with direct access to information about protected areas in Canada. The material in this file is covered [&hellip;]<\/p>\n","protected":false},"author":1,"featured_media":0,"parent":0,"menu_order":0,"comment_status":"closed","ping_status":"closed","template":"","meta":{"_monsterinsights_skip_tracking":false,"_monsterinsights_sitenote_active":false,"_monsterinsights_sitenote_note":"","_monsterinsights_sitenote_category":0,"site-sidebar-layout":"default","site-content-layout":"default","ast-site-content-layout":"default","site-content-style":"default","site-sidebar-style":"default","ast-global-header-display":"","ast-banner-title-visibility":"","ast-main-header-display":"","ast-hfb-above-header-display":"","ast-hfb-below-header-display":"","ast-hfb-mobile-header-display":"","site-post-title":"","ast-breadcrumbs-content":"","ast-featured-img":"","footer-sml-layout":"","ast-disable-related-posts":"","theme-transparent-header-meta":"default","adv-header-id-meta":"","stick-header-meta":"","header-above-stick-meta":"","header-main-stick-meta":"","header-below-stick-meta":"","astra-migrate-meta-layouts":"default","ast-page-background-enabled":"default","ast-page-background-meta":{"desktop":{"background-color":"","background-image":"","background-repeat":"repeat","background-position":"center center","background-size":"auto","background-attachment":"scroll","background-type":"","background-media":"","overlay-type":"","overlay-color":"","overlay-opacity":"","overlay-gradient":""},"tablet":{"background-color":"","background-image":"","background-repeat":"repeat","background-position":"center center","background-size":"auto","background-attachment":"scroll","background-type":"","background-media":"","overlay-type":"","overlay-color":"","overlay-opacity":"","overlay-gradient":""},"mobile":{"background-color":"","background-image":"","background-repeat":"repeat","background-position":"center center","background-size":"auto","background-attachment":"scroll","background-type":"","background-media":"","overlay-type":"","overlay-color":"","overlay-opacity":"","overlay-gradient":""}},"ast-content-background-meta":{"desktop":{"background-color":"var(--ast-global-color-5)","background-image":"","background-repeat":"repeat","background-position":"center center","background-size":"auto","background-attachment":"scroll","background-type":"","background-media":"","overlay-type":"","overlay-color":"","overlay-opacity":"","overlay-gradient":""},"tablet":{"background-color":"var(--ast-global-color-5)","background-image":"","background-repeat":"repeat","background-position":"center center","background-size":"auto","background-attachment":"scroll","background-type":"","background-media":"","overlay-type":"","overlay-color":"","overlay-opacity":"","overlay-gradient":""},"mobile":{"background-color":"var(--ast-global-color-5)","background-image":"","background-repeat":"repeat","background-position":"center center","background-size":"auto","background-attachment":"scroll","background-type":"","background-media":"","overlay-type":"","overlay-color":"","overlay-opacity":"","overlay-gradient":""}},"footnotes":""},"class_list":["post-240","page","type-page","status-publish","hentry"],"yoast_head":"<!-- This site is optimized with the Yoast SEO plugin v27.5 - https:\/\/yoast.com\/product\/yoast-seo-wordpress\/ -->\n<title>Download CARTS Data | CCEA-CCAE<\/title>\n<meta name=\"robots\" content=\"index, follow, max-snippet:-1, max-image-preview:large, max-video-preview:-1\" \/>\n<link rel=\"canonical\" href=\"https:\/\/ccea-ccae.org\/fr\/download-carts-data\/\" \/>\n<meta property=\"og:locale\" content=\"fr_CA\" \/>\n<meta property=\"og:type\" content=\"article\" \/>\n<meta property=\"og:title\" content=\"Download CARTS Data | CCEA-CCAE\" \/>\n<meta property=\"og:description\" content=\"By clicking on the link below, you agree to the following&#8230;\u00a0 Copyright\/Permission to Download The information found in this file was produced and\/or compiled by the Canadian Council on Ecological Areas (CCEA) for the purpose of providing Canadians with direct access to information about protected areas in Canada. The material in this file is covered [&hellip;]\" \/>\n<meta property=\"og:url\" content=\"https:\/\/ccea-ccae.org\/fr\/download-carts-data\/\" \/>\n<meta property=\"og:site_name\" content=\"CCEA-CCAE\" \/>\n<meta property=\"article:modified_time\" content=\"2020-07-21T17:39:01+00:00\" \/>\n<meta name=\"twitter:card\" content=\"summary_large_image\" \/>\n<meta name=\"twitter:label1\" content=\"Estimation du temps de lecture\" \/>\n\t<meta name=\"twitter:data1\" content=\"7 minutes\" \/>\n<script type=\"application\/ld+json\" class=\"yoast-schema-graph\">{\"@context\":\"https:\\\/\\\/schema.org\",\"@graph\":[{\"@type\":\"WebPage\",\"@id\":\"https:\\\/\\\/ccea-ccae.org\\\/download-carts-data\\\/\",\"url\":\"https:\\\/\\\/ccea-ccae.org\\\/download-carts-data\\\/\",\"name\":\"Download CARTS Data | CCEA-CCAE\",\"isPartOf\":{\"@id\":\"https:\\\/\\\/ccea-ccae.org\\\/#website\"},\"datePublished\":\"2014-05-22T14:04:20+00:00\",\"dateModified\":\"2020-07-21T17:39:01+00:00\",\"breadcrumb\":{\"@id\":\"https:\\\/\\\/ccea-ccae.org\\\/download-carts-data\\\/#breadcrumb\"},\"inLanguage\":\"fr-CA\",\"potentialAction\":[{\"@type\":\"ReadAction\",\"target\":[\"https:\\\/\\\/ccea-ccae.org\\\/download-carts-data\\\/\"]}]},{\"@type\":\"BreadcrumbList\",\"@id\":\"https:\\\/\\\/ccea-ccae.org\\\/download-carts-data\\\/#breadcrumb\",\"itemListElement\":[{\"@type\":\"ListItem\",\"position\":1,\"name\":\"Home\",\"item\":\"https:\\\/\\\/ccea-ccae.org\\\/\"},{\"@type\":\"ListItem\",\"position\":2,\"name\":\"Download CARTS Data\"}]},{\"@type\":\"WebSite\",\"@id\":\"https:\\\/\\\/ccea-ccae.org\\\/#website\",\"url\":\"https:\\\/\\\/ccea-ccae.org\\\/\",\"name\":\"CCEA-CCAE\",\"description\":\"Helping Canadians establish and  manage protected ecological areas\",\"publisher\":{\"@id\":\"https:\\\/\\\/ccea-ccae.org\\\/#organization\"},\"potentialAction\":[{\"@type\":\"SearchAction\",\"target\":{\"@type\":\"EntryPoint\",\"urlTemplate\":\"https:\\\/\\\/ccea-ccae.org\\\/?s={search_term_string}\"},\"query-input\":{\"@type\":\"PropertyValueSpecification\",\"valueRequired\":true,\"valueName\":\"search_term_string\"}}],\"inLanguage\":\"fr-CA\"},{\"@type\":\"Organization\",\"@id\":\"https:\\\/\\\/ccea-ccae.org\\\/#organization\",\"name\":\"CCEA-CCAE\",\"url\":\"https:\\\/\\\/ccea-ccae.org\\\/\",\"logo\":{\"@type\":\"ImageObject\",\"inLanguage\":\"fr-CA\",\"@id\":\"https:\\\/\\\/ccea-ccae.org\\\/#\\\/schema\\\/logo\\\/image\\\/\",\"url\":\"https:\\\/\\\/ccea-ccae.org\\\/wp-content\\\/uploads\\\/2014\\\/05\\\/header_CCEA.png\",\"contentUrl\":\"https:\\\/\\\/ccea-ccae.org\\\/wp-content\\\/uploads\\\/2014\\\/05\\\/header_CCEA.png\",\"width\":164,\"height\":57,\"caption\":\"CCEA-CCAE\"},\"image\":{\"@id\":\"https:\\\/\\\/ccea-ccae.org\\\/#\\\/schema\\\/logo\\\/image\\\/\"}}]}<\/script>\n<!-- \/ Yoast SEO plugin. -->","yoast_head_json":{"title":"Download CARTS Data | CCEA-CCAE","robots":{"index":"index","follow":"follow","max-snippet":"max-snippet:-1","max-image-preview":"max-image-preview:large","max-video-preview":"max-video-preview:-1"},"canonical":"https:\/\/ccea-ccae.org\/fr\/download-carts-data\/","og_locale":"fr_CA","og_type":"article","og_title":"Download CARTS Data | CCEA-CCAE","og_description":"By clicking on the link below, you agree to the following&#8230;\u00a0 Copyright\/Permission to Download The information found in this file was produced and\/or compiled by the Canadian Council on Ecological Areas (CCEA) for the purpose of providing Canadians with direct access to information about protected areas in Canada. The material in this file is covered [&hellip;]","og_url":"https:\/\/ccea-ccae.org\/fr\/download-carts-data\/","og_site_name":"CCEA-CCAE","article_modified_time":"2020-07-21T17:39:01+00:00","twitter_card":"summary_large_image","twitter_misc":{"Estimation du temps de lecture":"7 minutes"},"schema":{"@context":"https:\/\/schema.org","@graph":[{"@type":"WebPage","@id":"https:\/\/ccea-ccae.org\/download-carts-data\/","url":"https:\/\/ccea-ccae.org\/download-carts-data\/","name":"Download CARTS Data | CCEA-CCAE","isPartOf":{"@id":"https:\/\/ccea-ccae.org\/#website"},"datePublished":"2014-05-22T14:04:20+00:00","dateModified":"2020-07-21T17:39:01+00:00","breadcrumb":{"@id":"https:\/\/ccea-ccae.org\/download-carts-data\/#breadcrumb"},"inLanguage":"fr-CA","potentialAction":[{"@type":"ReadAction","target":["https:\/\/ccea-ccae.org\/download-carts-data\/"]}]},{"@type":"BreadcrumbList","@id":"https:\/\/ccea-ccae.org\/download-carts-data\/#breadcrumb","itemListElement":[{"@type":"ListItem","position":1,"name":"Home","item":"https:\/\/ccea-ccae.org\/"},{"@type":"ListItem","position":2,"name":"Download CARTS Data"}]},{"@type":"WebSite","@id":"https:\/\/ccea-ccae.org\/#website","url":"https:\/\/ccea-ccae.org\/","name":"CCAE-CCEA","description":"Aider les Canadiens \u00e0 \u00e9tablir et \u00e0 g\u00e9rer des aires \u00e9cologiques prot\u00e9g\u00e9es","publisher":{"@id":"https:\/\/ccea-ccae.org\/#organization"},"potentialAction":[{"@type":"SearchAction","target":{"@type":"EntryPoint","urlTemplate":"https:\/\/ccea-ccae.org\/?s={search_term_string}"},"query-input":{"@type":"PropertyValueSpecification","valueRequired":true,"valueName":"search_term_string"}}],"inLanguage":"fr-CA"},{"@type":"Organization","@id":"https:\/\/ccea-ccae.org\/#organization","name":"CCAE-CCEA","url":"https:\/\/ccea-ccae.org\/","logo":{"@type":"ImageObject","inLanguage":"fr-CA","@id":"https:\/\/ccea-ccae.org\/#\/schema\/logo\/image\/","url":"https:\/\/ccea-ccae.org\/wp-content\/uploads\/2014\/05\/header_CCEA.png","contentUrl":"https:\/\/ccea-ccae.org\/wp-content\/uploads\/2014\/05\/header_CCEA.png","width":164,"height":57,"caption":"CCEA-CCAE"},"image":{"@id":"https:\/\/ccea-ccae.org\/#\/schema\/logo\/image\/"}}]}},"_links":{"self":[{"href":"https:\/\/ccea-ccae.org\/fr\/wp-json\/wp\/v2\/pages\/240","targetHints":{"allow":["GET"]}}],"collection":[{"href":"https:\/\/ccea-ccae.org\/fr\/wp-json\/wp\/v2\/pages"}],"about":[{"href":"https:\/\/ccea-ccae.org\/fr\/wp-json\/wp\/v2\/types\/page"}],"author":[{"embeddable":true,"href":"https:\/\/ccea-ccae.org\/fr\/wp-json\/wp\/v2\/users\/1"}],"replies":[{"embeddable":true,"href":"https:\/\/ccea-ccae.org\/fr\/wp-json\/wp\/v2\/comments?post=240"}],"version-history":[{"count":4,"href":"https:\/\/ccea-ccae.org\/fr\/wp-json\/wp\/v2\/pages\/240\/revisions"}],"predecessor-version":[{"id":4997,"href":"https:\/\/ccea-ccae.org\/fr\/wp-json\/wp\/v2\/pages\/240\/revisions\/4997"}],"wp:attachment":[{"href":"https:\/\/ccea-ccae.org\/fr\/wp-json\/wp\/v2\/media?parent=240"}],"curies":[{"name":"wp","href":"https:\/\/api.w.org\/{rel}","templated":true}]}}