{"id":242,"date":"2014-05-22T14:06:03","date_gmt":"2014-05-22T14:06:03","guid":{"rendered":"http:\/\/www.ccea.org\/?page_id=242"},"modified":"2020-07-21T12:49:41","modified_gmt":"2020-07-21T16:49:41","slug":"download-carts-maps","status":"publish","type":"page","link":"https:\/\/ccea-ccae.org\/fr\/download-carts-maps\/","title":{"rendered":"Download CARTS Maps"},"content":{"rendered":"\t\t<div data-elementor-type=\"wp-page\" data-elementor-id=\"242\" class=\"elementor elementor-242\">\n\t\t\t\t\t\t<section class=\"elementor-section elementor-top-section elementor-element elementor-element-2658d24 elementor-section-boxed elementor-section-height-default elementor-section-height-default\" data-id=\"2658d24\" data-element_type=\"section\" data-e-type=\"section\">\n\t\t\t\t\t\t<div class=\"elementor-container elementor-column-gap-default\">\n\t\t\t\t\t<div class=\"elementor-column elementor-col-50 elementor-top-column elementor-element elementor-element-8a98e09\" data-id=\"8a98e09\" data-element_type=\"column\" data-e-type=\"column\">\n\t\t\t<div class=\"elementor-widget-wrap elementor-element-populated\">\n\t\t\t\t\t\t<div class=\"elementor-element elementor-element-448a25f8 elementor-widget elementor-widget-text-editor\" data-id=\"448a25f8\" data-element_type=\"widget\" data-e-type=\"widget\" data-widget_type=\"text-editor.default\">\n\t\t\t\t<div class=\"elementor-widget-container\">\n\t\t\t\t\t\t\t\t\t[:en]The following maps were created using the latest version of CARTS and are an ideal way of reviewing the various attributes of the CARTS dataset on a national scale.\n<div>\n<h3>CARTS By IUCN Categories<\/h3>\n<img decoding=\"async\" class=\"alignleft wp-image-1349 size-full\" src=\"http:\/\/www.ccea.org\/wp-content\/uploads\/2014\/05\/iucn_map_thumb-e1454351287340.png\" alt=\"CCEA IUCN Map\" width=\"150\" height=\"115\" srcset=\"https:\/\/ccea-ccae.org\/wp-content\/uploads\/2014\/05\/iucn_map_thumb-e1454351287340.png 150w, https:\/\/ccea-ccae.org\/wp-content\/uploads\/2014\/05\/iucn_map_thumb-e1454351287340-16x12.png 16w\" sizes=\"(max-width: 150px) 100vw, 150px\" \/>\n<a href=\"https:\/\/ccea-ccae.org\/wp-content\/uploads\/2019\/04\/CCEA_CANADA_15M_LETTER_CARTS_IUCN_20171231.pdf\" target=\"_blank\" rel=\"noopener noreferrer\">Download Letter Size PDF<\/a>\n\n<\/div>\n<div><\/div>\n<div><\/div>\n<div>\n<h3>CARTS By Governance<\/h3>\n<img decoding=\"async\" class=\"alignleft wp-image-1350 size-full\" src=\"http:\/\/www.ccea.org\/wp-content\/uploads\/2014\/05\/governance_map_thumb-e1454351381497.png\" alt=\"CCEA Carts by Governance\" width=\"150\" height=\"114\" srcset=\"https:\/\/ccea-ccae.org\/wp-content\/uploads\/2014\/05\/governance_map_thumb-e1454351381497.png 150w, https:\/\/ccea-ccae.org\/wp-content\/uploads\/2014\/05\/governance_map_thumb-e1454351381497-16x12.png 16w\" sizes=\"(max-width: 150px) 100vw, 150px\" \/>\n<a href=\"https:\/\/ccea-ccae.org\/wp-content\/uploads\/2019\/04\/CCEA_CANADA_15M_LETTER_CARTS_GOVERNANCE_20171231.pdf\" target=\"_blank\" rel=\"noopener noreferrer\">Download Letter Size PDF<\/a>\n\n<\/div>\n[:fr]Les cartes suivantes ont \u00e9t\u00e9 cr\u00e9\u00e9es \u00e0 partir de la version la plus r\u00e9cente du SRSAC et fournissent une fa\u00e7on id\u00e9ale les attributs du SRSAC \u00e0 l\u2019\u00e9chelle nationale.\n<div>\n<h3>SRSAC&nbsp;Cat\u00e9gorie de l&#8217;UICN<\/h3>\n<img decoding=\"async\" class=\"alignleft wp-image-1349 size-full\" src=\"http:\/\/www.ccea.org\/wp-content\/uploads\/2014\/05\/iucn_map_thumb-e1454351287340.png\" alt=\"CCEA IUCN Map\" width=\"150\" height=\"115\" srcset=\"https:\/\/ccea-ccae.org\/wp-content\/uploads\/2014\/05\/iucn_map_thumb-e1454351287340.png 150w, https:\/\/ccea-ccae.org\/wp-content\/uploads\/2014\/05\/iucn_map_thumb-e1454351287340-16x12.png 16w\" sizes=\"(max-width: 150px) 100vw, 150px\" \/>\n<a href=\"https:\/\/ccea-ccae.org\/wp-content\/uploads\/2019\/04\/CCEA_CANADA_15M_LETTER_CARTS_IUCN_20171231.pdf\" target=\"_blank\" rel=\"noopener noreferrer\">T\u00e9l\u00e9chargez en format PDF-lettre<\/a>\n\n<\/div>\n<div><\/div>\n<div><\/div>\n<div>\n<h3>SRSAC&nbsp;Types de Gouvernance<\/h3>\n<img decoding=\"async\" class=\"alignleft wp-image-1350 size-full\" src=\"http:\/\/www.ccea.org\/wp-content\/uploads\/2014\/05\/governance_map_thumb-e1454351381497.png\" alt=\"CCEA Carts by Governance\" width=\"150\" height=\"114\" srcset=\"https:\/\/ccea-ccae.org\/wp-content\/uploads\/2014\/05\/governance_map_thumb-e1454351381497.png 150w, https:\/\/ccea-ccae.org\/wp-content\/uploads\/2014\/05\/governance_map_thumb-e1454351381497-16x12.png 16w\" sizes=\"(max-width: 150px) 100vw, 150px\" \/>\n<a href=\"https:\/\/ccea-ccae.org\/wp-content\/uploads\/2019\/04\/CCEA_CANADA_15M_LETTER_CARTS_GOVERNANCE_20171231.pdf\" target=\"_blank\" rel=\"noopener noreferrer\">T\u00e9l\u00e9chargez en format PDF-lettre<\/a>\n\n<\/div>\n[:]\t\t\t\t\t\t\t\t<\/div>\n\t\t\t\t<\/div>\n\t\t\t\t\t<\/div>\n\t\t<\/div>\n\t\t\t\t<div class=\"elementor-column elementor-col-50 elementor-top-column elementor-element elementor-element-f26a70a\" data-id=\"f26a70a\" data-element_type=\"column\" data-e-type=\"column\">\n\t\t\t<div class=\"elementor-widget-wrap elementor-element-populated\">\n\t\t\t\t\t\t<div class=\"elementor-element elementor-element-b75df5e elementor-widget elementor-widget-wp-widget-nav_menu\" data-id=\"b75df5e\" data-element_type=\"widget\" data-e-type=\"widget\" data-widget_type=\"wp-widget-nav_menu.default\">\n\t\t\t\t<div class=\"elementor-widget-container\">\n\t\t\t\t\t<nav class=\"menu-carts-menu-container\" aria-label=\"Menu\"><ul id=\"menu-carts-menu\" class=\"menu\"><li id=\"menu-item-4963\" class=\"menu-item menu-item-type-post_type menu-item-object-page menu-item-4963\"><a href=\"https:\/\/ccea-ccae.org\/fr\/carts\/\" class=\"menu-link\">CARTS Introduction<\/a><\/li>\n<li id=\"menu-item-4985\" class=\"menu-item menu-item-type-post_type menu-item-object-page menu-item-4985\"><a href=\"https:\/\/ccea-ccae.org\/fr\/download-carts-data\/\" class=\"menu-link\">Download CARTS Data<\/a><\/li>\n<li id=\"menu-item-4965\" class=\"menu-item menu-item-type-post_type menu-item-object-page menu-item-4965\"><a href=\"https:\/\/ccea-ccae.org\/fr\/visualize-carts\/\" class=\"menu-link\">Visualize CARTS<\/a><\/li>\n<li id=\"menu-item-4986\" class=\"menu-item menu-item-type-post_type menu-item-object-page menu-item-4986\"><a href=\"https:\/\/ccea-ccae.org\/fr\/download-carts-maps\/\" class=\"menu-link\">Download CARTS Maps<\/a><\/li>\n<li id=\"menu-item-4967\" class=\"menu-item menu-item-type-custom menu-item-object-custom menu-item-4967\"><a href=\"https:\/\/ccea-ccae.org\/wp-content\/uploads\/2019\/04\/2017-CARTS-Procedures-Manual-and-Schema.pdf\" class=\"menu-link\">CARTS Procedures Manual &#038; Schema<\/a><\/li>\n<\/ul><\/nav>\t\t\t\t<\/div>\n\t\t\t\t<\/div>\n\t\t\t\t\t<\/div>\n\t\t<\/div>\n\t\t\t\t\t<\/div>\n\t\t<\/section>\n\t\t\t\t<\/div>\n\t\t","protected":false},"excerpt":{"rendered":"<p>[:en]The following maps were created using the latest version of CARTS and are an ideal way of reviewing the various attributes of the CARTS dataset on a national scale. CARTS By IUCN Categories Download Letter Size PDF CARTS By Governance Download Letter Size PDF [:fr]Les cartes suivantes ont \u00e9t\u00e9 cr\u00e9\u00e9es \u00e0 partir de la version [&hellip;]<\/p>\n","protected":false},"author":1,"featured_media":0,"parent":0,"menu_order":0,"comment_status":"closed","ping_status":"closed","template":"","meta":{"_monsterinsights_skip_tracking":false,"_monsterinsights_sitenote_active":false,"_monsterinsights_sitenote_note":"","_monsterinsights_sitenote_category":0,"site-sidebar-layout":"default","site-content-layout":"default","ast-site-content-layout":"default","site-content-style":"default","site-sidebar-style":"default","ast-global-header-display":"","ast-banner-title-visibility":"","ast-main-header-display":"","ast-hfb-above-header-display":"","ast-hfb-below-header-display":"","ast-hfb-mobile-header-display":"","site-post-title":"","ast-breadcrumbs-content":"","ast-featured-img":"","footer-sml-layout":"","ast-disable-related-posts":"","theme-transparent-header-meta":"default","adv-header-id-meta":"","stick-header-meta":"","header-above-stick-meta":"","header-main-stick-meta":"","header-below-stick-meta":"","astra-migrate-meta-layouts":"default","ast-page-background-enabled":"default","ast-page-background-meta":{"desktop":{"background-color":"","background-image":"","background-repeat":"repeat","background-position":"center center","background-size":"auto","background-attachment":"scroll","background-type":"","background-media":"","overlay-type":"","overlay-color":"","overlay-opacity":"","overlay-gradient":""},"tablet":{"background-color":"","background-image":"","background-repeat":"repeat","background-position":"center center","background-size":"auto","background-attachment":"scroll","background-type":"","background-media":"","overlay-type":"","overlay-color":"","overlay-opacity":"","overlay-gradient":""},"mobile":{"background-color":"","background-image":"","background-repeat":"repeat","background-position":"center center","background-size":"auto","background-attachment":"scroll","background-type":"","background-media":"","overlay-type":"","overlay-color":"","overlay-opacity":"","overlay-gradient":""}},"ast-content-background-meta":{"desktop":{"background-color":"var(--ast-global-color-5)","background-image":"","background-repeat":"repeat","background-position":"center center","background-size":"auto","background-attachment":"scroll","background-type":"","background-media":"","overlay-type":"","overlay-color":"","overlay-opacity":"","overlay-gradient":""},"tablet":{"background-color":"var(--ast-global-color-5)","background-image":"","background-repeat":"repeat","background-position":"center center","background-size":"auto","background-attachment":"scroll","background-type":"","background-media":"","overlay-type":"","overlay-color":"","overlay-opacity":"","overlay-gradient":""},"mobile":{"background-color":"var(--ast-global-color-5)","background-image":"","background-repeat":"repeat","background-position":"center center","background-size":"auto","background-attachment":"scroll","background-type":"","background-media":"","overlay-type":"","overlay-color":"","overlay-opacity":"","overlay-gradient":""}},"footnotes":""},"class_list":["post-242","page","type-page","status-publish","hentry"],"yoast_head":"<!-- This site is optimized with the Yoast SEO plugin v27.5 - https:\/\/yoast.com\/product\/yoast-seo-wordpress\/ -->\n<title>Download CARTS Maps | CCEA-CCAE<\/title>\n<meta name=\"robots\" content=\"index, follow, max-snippet:-1, max-image-preview:large, max-video-preview:-1\" \/>\n<link rel=\"canonical\" href=\"https:\/\/ccea-ccae.org\/fr\/download-carts-maps\/\" \/>\n<meta property=\"og:locale\" content=\"fr_CA\" \/>\n<meta property=\"og:type\" content=\"article\" \/>\n<meta property=\"og:title\" content=\"Download CARTS Maps | CCEA-CCAE\" \/>\n<meta property=\"og:description\" content=\"[:en]The following maps were created using the latest version of CARTS and are an ideal way of reviewing the various attributes of the CARTS dataset on a national scale. CARTS By IUCN Categories Download Letter Size PDF CARTS By Governance Download Letter Size PDF [:fr]Les cartes suivantes ont \u00e9t\u00e9 cr\u00e9\u00e9es \u00e0 partir de la version [&hellip;]\" \/>\n<meta property=\"og:url\" content=\"https:\/\/ccea-ccae.org\/fr\/download-carts-maps\/\" \/>\n<meta property=\"og:site_name\" content=\"CCEA-CCAE\" \/>\n<meta property=\"article:modified_time\" content=\"2020-07-21T16:49:41+00:00\" \/>\n<meta property=\"og:image\" content=\"http:\/\/www.ccea.org\/wp-content\/uploads\/2014\/05\/iucn_map_thumb-e1454351287340.png\" \/>\n<meta name=\"twitter:card\" content=\"summary_large_image\" \/>\n<meta name=\"twitter:label1\" content=\"Estimation du temps de lecture\" \/>\n\t<meta name=\"twitter:data1\" content=\"1 minute\" \/>\n<script type=\"application\/ld+json\" class=\"yoast-schema-graph\">{\"@context\":\"https:\\\/\\\/schema.org\",\"@graph\":[{\"@type\":\"WebPage\",\"@id\":\"https:\\\/\\\/ccea-ccae.org\\\/fr\\\/download-carts-maps\\\/\",\"url\":\"https:\\\/\\\/ccea-ccae.org\\\/fr\\\/download-carts-maps\\\/\",\"name\":\"Download CARTS Maps | CCEA-CCAE\",\"isPartOf\":{\"@id\":\"https:\\\/\\\/ccea-ccae.org\\\/#website\"},\"primaryImageOfPage\":{\"@id\":\"https:\\\/\\\/ccea-ccae.org\\\/fr\\\/download-carts-maps\\\/#primaryimage\"},\"image\":{\"@id\":\"https:\\\/\\\/ccea-ccae.org\\\/fr\\\/download-carts-maps\\\/#primaryimage\"},\"thumbnailUrl\":\"http:\\\/\\\/www.ccea.org\\\/wp-content\\\/uploads\\\/2014\\\/05\\\/iucn_map_thumb-e1454351287340.png\",\"datePublished\":\"2014-05-22T14:06:03+00:00\",\"dateModified\":\"2020-07-21T16:49:41+00:00\",\"breadcrumb\":{\"@id\":\"https:\\\/\\\/ccea-ccae.org\\\/fr\\\/download-carts-maps\\\/#breadcrumb\"},\"inLanguage\":\"fr-CA\",\"potentialAction\":[{\"@type\":\"ReadAction\",\"target\":[\"https:\\\/\\\/ccea-ccae.org\\\/fr\\\/download-carts-maps\\\/\"]}]},{\"@type\":\"ImageObject\",\"inLanguage\":\"fr-CA\",\"@id\":\"https:\\\/\\\/ccea-ccae.org\\\/fr\\\/download-carts-maps\\\/#primaryimage\",\"url\":\"http:\\\/\\\/www.ccea.org\\\/wp-content\\\/uploads\\\/2014\\\/05\\\/iucn_map_thumb-e1454351287340.png\",\"contentUrl\":\"http:\\\/\\\/www.ccea.org\\\/wp-content\\\/uploads\\\/2014\\\/05\\\/iucn_map_thumb-e1454351287340.png\"},{\"@type\":\"BreadcrumbList\",\"@id\":\"https:\\\/\\\/ccea-ccae.org\\\/fr\\\/download-carts-maps\\\/#breadcrumb\",\"itemListElement\":[{\"@type\":\"ListItem\",\"position\":1,\"name\":\"Home\",\"item\":\"https:\\\/\\\/ccea-ccae.org\\\/\"},{\"@type\":\"ListItem\",\"position\":2,\"name\":\"Download CARTS Maps\"}]},{\"@type\":\"WebSite\",\"@id\":\"https:\\\/\\\/ccea-ccae.org\\\/#website\",\"url\":\"https:\\\/\\\/ccea-ccae.org\\\/\",\"name\":\"CCEA-CCAE\",\"description\":\"Helping Canadians establish and  manage protected ecological areas\",\"publisher\":{\"@id\":\"https:\\\/\\\/ccea-ccae.org\\\/#organization\"},\"potentialAction\":[{\"@type\":\"SearchAction\",\"target\":{\"@type\":\"EntryPoint\",\"urlTemplate\":\"https:\\\/\\\/ccea-ccae.org\\\/?s={search_term_string}\"},\"query-input\":{\"@type\":\"PropertyValueSpecification\",\"valueRequired\":true,\"valueName\":\"search_term_string\"}}],\"inLanguage\":\"fr-CA\"},{\"@type\":\"Organization\",\"@id\":\"https:\\\/\\\/ccea-ccae.org\\\/#organization\",\"name\":\"CCEA-CCAE\",\"url\":\"https:\\\/\\\/ccea-ccae.org\\\/\",\"logo\":{\"@type\":\"ImageObject\",\"inLanguage\":\"fr-CA\",\"@id\":\"https:\\\/\\\/ccea-ccae.org\\\/#\\\/schema\\\/logo\\\/image\\\/\",\"url\":\"https:\\\/\\\/ccea-ccae.org\\\/wp-content\\\/uploads\\\/2014\\\/05\\\/header_CCEA.png\",\"contentUrl\":\"https:\\\/\\\/ccea-ccae.org\\\/wp-content\\\/uploads\\\/2014\\\/05\\\/header_CCEA.png\",\"width\":164,\"height\":57,\"caption\":\"CCEA-CCAE\"},\"image\":{\"@id\":\"https:\\\/\\\/ccea-ccae.org\\\/#\\\/schema\\\/logo\\\/image\\\/\"}}]}<\/script>\n<!-- \/ Yoast SEO plugin. -->","yoast_head_json":{"title":"Download CARTS Maps | CCEA-CCAE","robots":{"index":"index","follow":"follow","max-snippet":"max-snippet:-1","max-image-preview":"max-image-preview:large","max-video-preview":"max-video-preview:-1"},"canonical":"https:\/\/ccea-ccae.org\/fr\/download-carts-maps\/","og_locale":"fr_CA","og_type":"article","og_title":"Download CARTS Maps | CCEA-CCAE","og_description":"[:en]The following maps were created using the latest version of CARTS and are an ideal way of reviewing the various attributes of the CARTS dataset on a national scale. CARTS By IUCN Categories Download Letter Size PDF CARTS By Governance Download Letter Size PDF [:fr]Les cartes suivantes ont \u00e9t\u00e9 cr\u00e9\u00e9es \u00e0 partir de la version [&hellip;]","og_url":"https:\/\/ccea-ccae.org\/fr\/download-carts-maps\/","og_site_name":"CCEA-CCAE","article_modified_time":"2020-07-21T16:49:41+00:00","og_image":[{"url":"http:\/\/www.ccea.org\/wp-content\/uploads\/2014\/05\/iucn_map_thumb-e1454351287340.png","type":"","width":"","height":""}],"twitter_card":"summary_large_image","twitter_misc":{"Estimation du temps de lecture":"1 minute"},"schema":{"@context":"https:\/\/schema.org","@graph":[{"@type":"WebPage","@id":"https:\/\/ccea-ccae.org\/fr\/download-carts-maps\/","url":"https:\/\/ccea-ccae.org\/fr\/download-carts-maps\/","name":"Download CARTS Maps | CCEA-CCAE","isPartOf":{"@id":"https:\/\/ccea-ccae.org\/#website"},"primaryImageOfPage":{"@id":"https:\/\/ccea-ccae.org\/fr\/download-carts-maps\/#primaryimage"},"image":{"@id":"https:\/\/ccea-ccae.org\/fr\/download-carts-maps\/#primaryimage"},"thumbnailUrl":"http:\/\/www.ccea.org\/wp-content\/uploads\/2014\/05\/iucn_map_thumb-e1454351287340.png","datePublished":"2014-05-22T14:06:03+00:00","dateModified":"2020-07-21T16:49:41+00:00","breadcrumb":{"@id":"https:\/\/ccea-ccae.org\/fr\/download-carts-maps\/#breadcrumb"},"inLanguage":"fr-CA","potentialAction":[{"@type":"ReadAction","target":["https:\/\/ccea-ccae.org\/fr\/download-carts-maps\/"]}]},{"@type":"ImageObject","inLanguage":"fr-CA","@id":"https:\/\/ccea-ccae.org\/fr\/download-carts-maps\/#primaryimage","url":"http:\/\/www.ccea.org\/wp-content\/uploads\/2014\/05\/iucn_map_thumb-e1454351287340.png","contentUrl":"http:\/\/www.ccea.org\/wp-content\/uploads\/2014\/05\/iucn_map_thumb-e1454351287340.png"},{"@type":"BreadcrumbList","@id":"https:\/\/ccea-ccae.org\/fr\/download-carts-maps\/#breadcrumb","itemListElement":[{"@type":"ListItem","position":1,"name":"Home","item":"https:\/\/ccea-ccae.org\/"},{"@type":"ListItem","position":2,"name":"Download CARTS Maps"}]},{"@type":"WebSite","@id":"https:\/\/ccea-ccae.org\/#website","url":"https:\/\/ccea-ccae.org\/","name":"CCAE-CCEA","description":"Aider les Canadiens \u00e0 \u00e9tablir et \u00e0 g\u00e9rer des aires \u00e9cologiques prot\u00e9g\u00e9es","publisher":{"@id":"https:\/\/ccea-ccae.org\/#organization"},"potentialAction":[{"@type":"SearchAction","target":{"@type":"EntryPoint","urlTemplate":"https:\/\/ccea-ccae.org\/?s={search_term_string}"},"query-input":{"@type":"PropertyValueSpecification","valueRequired":true,"valueName":"search_term_string"}}],"inLanguage":"fr-CA"},{"@type":"Organization","@id":"https:\/\/ccea-ccae.org\/#organization","name":"CCAE-CCEA","url":"https:\/\/ccea-ccae.org\/","logo":{"@type":"ImageObject","inLanguage":"fr-CA","@id":"https:\/\/ccea-ccae.org\/#\/schema\/logo\/image\/","url":"https:\/\/ccea-ccae.org\/wp-content\/uploads\/2014\/05\/header_CCEA.png","contentUrl":"https:\/\/ccea-ccae.org\/wp-content\/uploads\/2014\/05\/header_CCEA.png","width":164,"height":57,"caption":"CCEA-CCAE"},"image":{"@id":"https:\/\/ccea-ccae.org\/#\/schema\/logo\/image\/"}}]}},"_links":{"self":[{"href":"https:\/\/ccea-ccae.org\/fr\/wp-json\/wp\/v2\/pages\/242","targetHints":{"allow":["GET"]}}],"collection":[{"href":"https:\/\/ccea-ccae.org\/fr\/wp-json\/wp\/v2\/pages"}],"about":[{"href":"https:\/\/ccea-ccae.org\/fr\/wp-json\/wp\/v2\/types\/page"}],"author":[{"embeddable":true,"href":"https:\/\/ccea-ccae.org\/fr\/wp-json\/wp\/v2\/users\/1"}],"replies":[{"embeddable":true,"href":"https:\/\/ccea-ccae.org\/fr\/wp-json\/wp\/v2\/comments?post=242"}],"version-history":[{"count":2,"href":"https:\/\/ccea-ccae.org\/fr\/wp-json\/wp\/v2\/pages\/242\/revisions"}],"predecessor-version":[{"id":4981,"href":"https:\/\/ccea-ccae.org\/fr\/wp-json\/wp\/v2\/pages\/242\/revisions\/4981"}],"wp:attachment":[{"href":"https:\/\/ccea-ccae.org\/fr\/wp-json\/wp\/v2\/media?parent=242"}],"curies":[{"name":"wp","href":"https:\/\/api.w.org\/{rel}","templated":true}]}}