{"id":250,"date":"2014-05-22T14:17:19","date_gmt":"2014-05-22T14:17:19","guid":{"rendered":"http:\/\/www.ccea.org\/?page_id=250"},"modified":"2020-10-15T16:14:35","modified_gmt":"2020-10-15T20:14:35","slug":"ecozones-introduction","status":"publish","type":"page","link":"https:\/\/ccea-ccae.org\/fr\/ecozones-introduction\/","title":{"rendered":"Une introduction aux \u00e9cozones"},"content":{"rendered":"<div data-elementor-type=\"wp-page\" data-elementor-id=\"250\" class=\"elementor elementor-250\">\n\t\t\t\t\t\t<section class=\"elementor-section elementor-top-section elementor-element elementor-element-644e5b6a elementor-section-boxed elementor-section-height-default elementor-section-height-default\" data-id=\"644e5b6a\" data-element_type=\"section\" data-e-type=\"section\">\n\t\t\t\t\t\t<div class=\"elementor-container elementor-column-gap-default\">\n\t\t\t\t\t<div class=\"elementor-column elementor-col-100 elementor-top-column elementor-element elementor-element-4d62bfff\" data-id=\"4d62bfff\" data-element_type=\"column\" data-e-type=\"column\">\n\t\t\t<div class=\"elementor-widget-wrap elementor-element-populated\">\n\t\t\t\t\t\t<div class=\"elementor-element elementor-element-373eb6e0 elementor-widget elementor-widget-page-title\" data-id=\"373eb6e0\" data-element_type=\"widget\" data-e-type=\"widget\" data-widget_type=\"page-title.default\">\n\t\t\t\t<div class=\"elementor-widget-container\">\n\t\t\t\t\t\t\t\n\t\t<div class=\"hfe-page-title hfe-page-title-wrapper elementor-widget-heading\">\n\n\t\t\t\t\t\t\t\t\t\t\t<a href=\"https:\/\/ccea-ccae.org\/fr\">\n\t\t\t\t\t\t<h2 class=\"elementor-heading-title elementor-size-default\">\n\t\t\t\t\t\t\t\t\n\t\t\t\tUne introduction aux \u00e9cozones  \n\t\t\t<\/h2> \n\t\t\t\t\t\t\t\t\t<\/a>\n\t\t\t\t\t<\/div>\n\t\t\t\t\t\t<\/div>\n\t\t\t\t<\/div>\n\t\t\t\t\t<\/div>\n\t\t<\/div>\n\t\t\t\t\t<\/div>\n\t\t<\/section>\n\t\t\t\t<section class=\"elementor-section elementor-top-section elementor-element elementor-element-765ccb30 elementor-section-boxed elementor-section-height-default elementor-section-height-default\" data-id=\"765ccb30\" data-element_type=\"section\" data-e-type=\"section\">\n\t\t\t\t\t\t<div class=\"elementor-container elementor-column-gap-default\">\n\t\t\t\t\t<div class=\"elementor-column elementor-col-50 elementor-top-column elementor-element elementor-element-133fd8d3\" data-id=\"133fd8d3\" data-element_type=\"column\" data-e-type=\"column\">\n\t\t\t<div class=\"elementor-widget-wrap elementor-element-populated\">\n\t\t\t\t\t\t<div class=\"elementor-element elementor-element-1689e985 elementor-widget elementor-widget-text-editor\" data-id=\"1689e985\" data-element_type=\"widget\" data-e-type=\"widget\" data-widget_type=\"text-editor.default\">\n\t\t\t\t<div class=\"elementor-widget-container\">\n\t\t\t\t\t\t\t\t\t<p>La premi\u00e8re version num\u00e9rique du Cadre \u00e9cologique canadien a \u00e9t\u00e9 \u00e9labor\u00e9e dans le cadre d'une initiative conjointe d'Environnement Canada (EC) et d'Agriculture et Agroalimentaire Canada (AAC) entre 1992 et 1995 et publi\u00e9e en 1996. En collaboration avec le CCEA, EC a r\u00e9alis\u00e9 la consultation et la planification des politiques pendant qu'AAC a termin\u00e9 l'analyse SIG et les interpr\u00e9tations spatiales. L'analyse spatiale a utilis\u00e9 des donn\u00e9es physiographiques et climatiques interpr\u00e9t\u00e9es dans les p\u00e9do-paysages du Canada (SLC) a produit  carte nationale des sols au 1: 1 000 000 et un produit de donn\u00e9es connexes.<\/p><p>La pr\u00e9sente mise \u00e0 jour de 2014 se limite au niveau de classification \u00e9cologique le plus g\u00e9n\u00e9ral au Canada\u00a0: l'\u00e9cozone. Ce nouveau cadre spatial remplace le cadre \u00e9cologique de 1995 ainsi que le cadre temporaire de l'\u00e9cozone + utilis\u00e9 pour le rapport sur l'\u00e9tat et les tendances des \u00e9cosyst\u00e8mes.<\/p><p>L'approche que nous avons utilis\u00e9e consiste \u00e0 compiler tous les cadres \u00e9cologiques spatiaux d\u00e9finis par chaque province et territoire. Apr\u00e8s avoir compil\u00e9 et re-projet\u00e9 dans un syst\u00e8me d'information g\u00e9ographique, nous avons pass\u00e9 du temps \u00e0 faire correspondre les lignes entre les juridictions sans compromettre la cartographie d'origine. Nous l'avons fait en v\u00e9rifiant les mod\u00e8les d'\u00e9l\u00e9vation num\u00e9riques, les images Landsat et m\u00eame Google Earth.<\/p><p>Cette version pr\u00e9sente une nouveaut\u00e9.  Pour la premi\u00e8re fois, nous pr\u00e9sentons les \u00e9cozones marines et terrestres sur une seule carte. Il y a \u00e9galement trois \u00e9cozones terrestres suppl\u00e9mentaires. Plus pr\u00e9cis\u00e9ment, il existe une petite extension d'une \u00e9cozone de l'Alaska qui arrive au Yukon. La seconde se trouve dans le sud de la Colombie-Britannique, qui marque la fin d'une \u00e9cozone plus grande au nord-ouest des \u00c9tats-Unis. Le troisi\u00e8me est dans les r\u00e9gions atlantiques pour s\u00e9parer les hautes terres atlantiques du Qu\u00e9bec et du Nouveau-Brunswick de l'\u00e9cozone maritime de l'Atlantique. Leur prise en compte facilitera grandement l'int\u00e9gration avec le cadre \u00e9cologique nord-am\u00e9ricain de la Commission de coop\u00e9ration environnementale (ALENA). Un rapport technique en pr\u00e9paration donnera plus de d\u00e9tails.<\/p><p>Ce niveau de g\u00e9n\u00e9ralisation est bien adapt\u00e9 aux rapports \u00e0 l'\u00e9chelle nationale. Au cours des 20 derni\u00e8res ann\u00e9es, toutes les provinces et tous les territoires ont raffin\u00e9 et automatis\u00e9 leur cadre \u00e9cologique r\u00e9gional respectif. Il est donc important de fournir une perspective nationale actuelle qui refl\u00e8te fid\u00e8lement les efforts r\u00e9gionaux actuels. Cette carte r\u00e9pond \u00e0 cette exigence. N'oubliez pas qu'il s'agit d'une g\u00e9n\u00e9ralisation \u00e0 des fins de planification nationale et de rapport. Des informations \u00e9cologiques d\u00e9taill\u00e9es restent disponibles dans les juridictions.<\/p>\t\t\t\t\t\t\t\t<\/div>\n\t\t\t\t<\/div>\n\t\t\t\t\t<\/div>\n\t\t<\/div>\n\t\t\t\t<div class=\"elementor-column elementor-col-50 elementor-top-column elementor-element elementor-element-6d39ff3d\" data-id=\"6d39ff3d\" data-element_type=\"column\" data-e-type=\"column\" data-settings=\"{&quot;background_background&quot;:&quot;gradient&quot;}\">\n\t\t\t<div class=\"elementor-widget-wrap elementor-element-populated\">\n\t\t\t\t\t\t<div class=\"elementor-element elementor-element-6e57bbca elementor-widget elementor-widget-spacer\" data-id=\"6e57bbca\" data-element_type=\"widget\" data-e-type=\"widget\" data-widget_type=\"spacer.default\">\n\t\t\t\t<div class=\"elementor-widget-container\">\n\t\t\t\t\t\t\t<div class=\"elementor-spacer\">\n\t\t\t<div class=\"elementor-spacer-inner\"><\/div>\n\t\t<\/div>\n\t\t\t\t\t\t<\/div>\n\t\t\t\t<\/div>\n\t\t\t\t<div class=\"elementor-element elementor-element-b2f0376 elementor-widget elementor-widget-heading\" data-id=\"b2f0376\" data-element_type=\"widget\" data-e-type=\"widget\" data-widget_type=\"heading.default\">\n\t\t\t\t<div class=\"elementor-widget-container\">\n\t\t\t\t\t<h2 class=\"elementor-heading-title elementor-size-default\">Ecozones<\/h2>\t\t\t\t<\/div>\n\t\t\t\t<\/div>\n\t\t\t\t<div class=\"elementor-element elementor-element-60ff63d hfe-nav-menu__align-left hfe-submenu-icon-arrow hfe-link-redirect-child hfe-nav-menu__breakpoint-tablet elementor-widget elementor-widget-navigation-menu\" data-id=\"60ff63d\" data-element_type=\"widget\" data-e-type=\"widget\" data-settings=\"{&quot;padding_vertical_menu_item&quot;:{&quot;unit&quot;:&quot;px&quot;,&quot;size&quot;:9,&quot;sizes&quot;:[]},&quot;menu_space_between&quot;:{&quot;unit&quot;:&quot;px&quot;,&quot;size&quot;:0,&quot;sizes&quot;:[]},&quot;padding_horizontal_menu_item&quot;:{&quot;unit&quot;:&quot;px&quot;,&quot;size&quot;:15,&quot;sizes&quot;:[]},&quot;padding_horizontal_menu_item_tablet&quot;:{&quot;unit&quot;:&quot;px&quot;,&quot;size&quot;:&quot;&quot;,&quot;sizes&quot;:[]},&quot;padding_horizontal_menu_item_mobile&quot;:{&quot;unit&quot;:&quot;px&quot;,&quot;size&quot;:&quot;&quot;,&quot;sizes&quot;:[]},&quot;padding_vertical_menu_item_tablet&quot;:{&quot;unit&quot;:&quot;px&quot;,&quot;size&quot;:&quot;&quot;,&quot;sizes&quot;:[]},&quot;padding_vertical_menu_item_mobile&quot;:{&quot;unit&quot;:&quot;px&quot;,&quot;size&quot;:&quot;&quot;,&quot;sizes&quot;:[]},&quot;menu_space_between_tablet&quot;:{&quot;unit&quot;:&quot;px&quot;,&quot;size&quot;:&quot;&quot;,&quot;sizes&quot;:[]},&quot;menu_space_between_mobile&quot;:{&quot;unit&quot;:&quot;px&quot;,&quot;size&quot;:&quot;&quot;,&quot;sizes&quot;:[]},&quot;dropdown_border_radius&quot;:{&quot;unit&quot;:&quot;px&quot;,&quot;top&quot;:&quot;&quot;,&quot;right&quot;:&quot;&quot;,&quot;bottom&quot;:&quot;&quot;,&quot;left&quot;:&quot;&quot;,&quot;isLinked&quot;:true},&quot;dropdown_border_radius_tablet&quot;:{&quot;unit&quot;:&quot;px&quot;,&quot;top&quot;:&quot;&quot;,&quot;right&quot;:&quot;&quot;,&quot;bottom&quot;:&quot;&quot;,&quot;left&quot;:&quot;&quot;,&quot;isLinked&quot;:true},&quot;dropdown_border_radius_mobile&quot;:{&quot;unit&quot;:&quot;px&quot;,&quot;top&quot;:&quot;&quot;,&quot;right&quot;:&quot;&quot;,&quot;bottom&quot;:&quot;&quot;,&quot;left&quot;:&quot;&quot;,&quot;isLinked&quot;:true},&quot;padding_horizontal_dropdown_item&quot;:{&quot;unit&quot;:&quot;px&quot;,&quot;size&quot;:&quot;&quot;,&quot;sizes&quot;:[]},&quot;padding_horizontal_dropdown_item_tablet&quot;:{&quot;unit&quot;:&quot;px&quot;,&quot;size&quot;:&quot;&quot;,&quot;sizes&quot;:[]},&quot;padding_horizontal_dropdown_item_mobile&quot;:{&quot;unit&quot;:&quot;px&quot;,&quot;size&quot;:&quot;&quot;,&quot;sizes&quot;:[]},&quot;padding_vertical_dropdown_item&quot;:{&quot;unit&quot;:&quot;px&quot;,&quot;size&quot;:15,&quot;sizes&quot;:[]},&quot;padding_vertical_dropdown_item_tablet&quot;:{&quot;unit&quot;:&quot;px&quot;,&quot;size&quot;:&quot;&quot;,&quot;sizes&quot;:[]},&quot;padding_vertical_dropdown_item_mobile&quot;:{&quot;unit&quot;:&quot;px&quot;,&quot;size&quot;:&quot;&quot;,&quot;sizes&quot;:[]},&quot;distance_from_menu&quot;:{&quot;unit&quot;:&quot;px&quot;,&quot;size&quot;:&quot;&quot;,&quot;sizes&quot;:[]},&quot;distance_from_menu_tablet&quot;:{&quot;unit&quot;:&quot;px&quot;,&quot;size&quot;:&quot;&quot;,&quot;sizes&quot;:[]},&quot;distance_from_menu_mobile&quot;:{&quot;unit&quot;:&quot;px&quot;,&quot;size&quot;:&quot;&quot;,&quot;sizes&quot;:[]},&quot;toggle_size&quot;:{&quot;unit&quot;:&quot;px&quot;,&quot;size&quot;:&quot;&quot;,&quot;sizes&quot;:[]},&quot;toggle_size_tablet&quot;:{&quot;unit&quot;:&quot;px&quot;,&quot;size&quot;:&quot;&quot;,&quot;sizes&quot;:[]},&quot;toggle_size_mobile&quot;:{&quot;unit&quot;:&quot;px&quot;,&quot;size&quot;:&quot;&quot;,&quot;sizes&quot;:[]},&quot;toggle_border_width&quot;:{&quot;unit&quot;:&quot;px&quot;,&quot;size&quot;:&quot;&quot;,&quot;sizes&quot;:[]},&quot;toggle_border_width_tablet&quot;:{&quot;unit&quot;:&quot;px&quot;,&quot;size&quot;:&quot;&quot;,&quot;sizes&quot;:[]},&quot;toggle_border_width_mobile&quot;:{&quot;unit&quot;:&quot;px&quot;,&quot;size&quot;:&quot;&quot;,&quot;sizes&quot;:[]},&quot;toggle_border_radius&quot;:{&quot;unit&quot;:&quot;px&quot;,&quot;size&quot;:&quot;&quot;,&quot;sizes&quot;:[]},&quot;toggle_border_radius_tablet&quot;:{&quot;unit&quot;:&quot;px&quot;,&quot;size&quot;:&quot;&quot;,&quot;sizes&quot;:[]},&quot;toggle_border_radius_mobile&quot;:{&quot;unit&quot;:&quot;px&quot;,&quot;size&quot;:&quot;&quot;,&quot;sizes&quot;:[]}}\" data-widget_type=\"navigation-menu.default\">\n\t\t\t\t<div class=\"elementor-widget-container\">\n\t\t\t\t\t\t\t\t<div class=\"hfe-nav-menu hfe-layout-vertical hfe-nav-menu-layout vertical\" data-layout=\"vertical\">\n\t\t\t\t<div role=\"button\" class=\"hfe-nav-menu__toggle elementor-clickable\" tabindex=\"0\" aria-label=\"Menu Toggle\">\n\t\t\t\t\t<span class=\"screen-reader-text\">Menu<\/span>\n\t\t\t\t\t<div class=\"hfe-nav-menu-icon\">\n\t\t\t\t\t\t<i aria-hidden=\"true\"  class=\"fas fa-align-justify\"><\/i>\t\t\t\t\t<\/div>\n\t\t\t\t<\/div>\n\t\t\t\t<nav class=\"hfe-nav-menu__layout-vertical hfe-nav-menu__submenu-arrow\" data-toggle-icon=\"&lt;i aria-hidden=&quot;true&quot; tabindex=&quot;0&quot; class=&quot;fas fa-align-justify&quot;&gt;&lt;\/i&gt;\" data-close-icon=\"&lt;i aria-hidden=&quot;true&quot; tabindex=&quot;0&quot; class=&quot;far fa-window-close&quot;&gt;&lt;\/i&gt;\" data-full-width=\"yes\">\n\t\t\t\t\t<ul id=\"menu-1-60ff63d\" class=\"hfe-nav-menu\"><li id=\"menu-item-5515\" class=\"menu-item menu-item-type-post_type menu-item-object-page parent hfe-creative-menu\"><a href=\"https:\/\/ccea-ccae.org\/fr\/ecozones-introduction\/\" class = \"hfe-menu-item\">Une introduction aux \u00e9cozones<\/a><\/li>\n<li id=\"menu-item-5516\" class=\"menu-item menu-item-type-post_type menu-item-object-page parent hfe-creative-menu\"><a href=\"https:\/\/ccea-ccae.org\/fr\/ecozones-downloads\/\" class = \"hfe-menu-item\">T\u00e9l\u00e9chargement des \u00c9cozones<\/a><\/li>\n<li id=\"menu-item-5514\" class=\"menu-item menu-item-type-post_type menu-item-object-page parent hfe-creative-menu\"><a href=\"https:\/\/ccea-ccae.org\/fr\/ecozones-maps\/\" class = \"hfe-menu-item\">Cartes des \u00e9cozones<\/a><\/li>\n<\/ul> \n\t\t\t\t<\/nav>\n\t\t\t<\/div>\n\t\t\t\t\t\t\t<\/div>\n\t\t\t\t<\/div>\n\t\t\t\t\t<\/div>\n\t\t<\/div>\n\t\t\t\t\t<\/div>\n\t\t<\/section>\n\t\t\t\t<\/div>","protected":false},"excerpt":{"rendered":"<p>Ecozones Introduction The first digital version of the Canadian Ecological Framework was developed in a joint initiative between Environment Canada (EC) and Agriculture and Agri-Food Canada (AAFC) between 1992 and 1995 and published in 1996. In collaboration with the CCEA, EC performed the consultative and policy planning while AAFC completed the GIS analysis and spatial [&hellip;]<\/p>\n","protected":false},"author":1,"featured_media":0,"parent":0,"menu_order":0,"comment_status":"closed","ping_status":"closed","template":"elementor_header_footer","meta":{"_monsterinsights_skip_tracking":false,"_monsterinsights_sitenote_active":false,"_monsterinsights_sitenote_note":"","_monsterinsights_sitenote_category":0,"site-sidebar-layout":"default","site-content-layout":"default","ast-site-content-layout":"default","site-content-style":"default","site-sidebar-style":"default","ast-global-header-display":"","ast-banner-title-visibility":"","ast-main-header-display":"","ast-hfb-above-header-display":"","ast-hfb-below-header-display":"","ast-hfb-mobile-header-display":"","site-post-title":"","ast-breadcrumbs-content":"","ast-featured-img":"","footer-sml-layout":"","ast-disable-related-posts":"","theme-transparent-header-meta":"default","adv-header-id-meta":"","stick-header-meta":"","header-above-stick-meta":"","header-main-stick-meta":"","header-below-stick-meta":"","astra-migrate-meta-layouts":"default","ast-page-background-enabled":"default","ast-page-background-meta":{"desktop":{"background-color":"","background-image":"","background-repeat":"repeat","background-position":"center center","background-size":"auto","background-attachment":"scroll","background-type":"","background-media":"","overlay-type":"","overlay-color":"","overlay-opacity":"","overlay-gradient":""},"tablet":{"background-color":"","background-image":"","background-repeat":"repeat","background-position":"center center","background-size":"auto","background-attachment":"scroll","background-type":"","background-media":"","overlay-type":"","overlay-color":"","overlay-opacity":"","overlay-gradient":""},"mobile":{"background-color":"","background-image":"","background-repeat":"repeat","background-position":"center center","background-size":"auto","background-attachment":"scroll","background-type":"","background-media":"","overlay-type":"","overlay-color":"","overlay-opacity":"","overlay-gradient":""}},"ast-content-background-meta":{"desktop":{"background-color":"var(--ast-global-color-5)","background-image":"","background-repeat":"repeat","background-position":"center center","background-size":"auto","background-attachment":"scroll","background-type":"","background-media":"","overlay-type":"","overlay-color":"","overlay-opacity":"","overlay-gradient":""},"tablet":{"background-color":"var(--ast-global-color-5)","background-image":"","background-repeat":"repeat","background-position":"center center","background-size":"auto","background-attachment":"scroll","background-type":"","background-media":"","overlay-type":"","overlay-color":"","overlay-opacity":"","overlay-gradient":""},"mobile":{"background-color":"var(--ast-global-color-5)","background-image":"","background-repeat":"repeat","background-position":"center center","background-size":"auto","background-attachment":"scroll","background-type":"","background-media":"","overlay-type":"","overlay-color":"","overlay-opacity":"","overlay-gradient":""}},"footnotes":""},"class_list":["post-250","page","type-page","status-publish","hentry"],"yoast_head":"<!-- This site is optimized with the Yoast SEO plugin v27.4 - https:\/\/yoast.com\/product\/yoast-seo-wordpress\/ -->\n<title>Ecozones Introduction | CCEA-CCAE<\/title>\n<meta name=\"robots\" content=\"index, follow, max-snippet:-1, max-image-preview:large, max-video-preview:-1\" \/>\n<link rel=\"canonical\" href=\"https:\/\/ccea-ccae.org\/fr\/ecozones-introduction\/\" \/>\n<meta property=\"og:locale\" content=\"fr_CA\" \/>\n<meta property=\"og:type\" content=\"article\" \/>\n<meta property=\"og:title\" content=\"Ecozones Introduction | CCEA-CCAE\" \/>\n<meta property=\"og:description\" content=\"Ecozones Introduction The first digital version of the Canadian Ecological Framework was developed in a joint initiative between Environment Canada (EC) and Agriculture and Agri-Food Canada (AAFC) between 1992 and 1995 and published in 1996. In collaboration with the CCEA, EC performed the consultative and policy planning while AAFC completed the GIS analysis and spatial [&hellip;]\" \/>\n<meta property=\"og:url\" content=\"https:\/\/ccea-ccae.org\/fr\/ecozones-introduction\/\" \/>\n<meta property=\"og:site_name\" content=\"CCEA-CCAE\" \/>\n<meta property=\"article:modified_time\" content=\"2020-10-15T20:14:35+00:00\" \/>\n<meta name=\"twitter:card\" content=\"summary_large_image\" \/>\n<meta name=\"twitter:label1\" content=\"Estimation du temps de lecture\" \/>\n\t<meta name=\"twitter:data1\" content=\"2 minutes\" \/>\n<script type=\"application\/ld+json\" class=\"yoast-schema-graph\">{\"@context\":\"https:\\\/\\\/schema.org\",\"@graph\":[{\"@type\":\"WebPage\",\"@id\":\"https:\\\/\\\/ccea-ccae.org\\\/fr\\\/ecozones-introduction\\\/\",\"url\":\"https:\\\/\\\/ccea-ccae.org\\\/fr\\\/ecozones-introduction\\\/\",\"name\":\"Ecozones Introduction | CCEA-CCAE\",\"isPartOf\":{\"@id\":\"https:\\\/\\\/ccea-ccae.org\\\/#website\"},\"datePublished\":\"2014-05-22T14:17:19+00:00\",\"dateModified\":\"2020-10-15T20:14:35+00:00\",\"breadcrumb\":{\"@id\":\"https:\\\/\\\/ccea-ccae.org\\\/fr\\\/ecozones-introduction\\\/#breadcrumb\"},\"inLanguage\":\"fr-CA\",\"potentialAction\":[{\"@type\":\"ReadAction\",\"target\":[\"https:\\\/\\\/ccea-ccae.org\\\/fr\\\/ecozones-introduction\\\/\"]}]},{\"@type\":\"BreadcrumbList\",\"@id\":\"https:\\\/\\\/ccea-ccae.org\\\/fr\\\/ecozones-introduction\\\/#breadcrumb\",\"itemListElement\":[{\"@type\":\"ListItem\",\"position\":1,\"name\":\"Home\",\"item\":\"https:\\\/\\\/ccea-ccae.org\\\/\"},{\"@type\":\"ListItem\",\"position\":2,\"name\":\"Ecozones Introduction\"}]},{\"@type\":\"WebSite\",\"@id\":\"https:\\\/\\\/ccea-ccae.org\\\/#website\",\"url\":\"https:\\\/\\\/ccea-ccae.org\\\/\",\"name\":\"CCEA-CCAE\",\"description\":\"Helping Canadians establish and  manage protected ecological areas\",\"publisher\":{\"@id\":\"https:\\\/\\\/ccea-ccae.org\\\/#organization\"},\"potentialAction\":[{\"@type\":\"SearchAction\",\"target\":{\"@type\":\"EntryPoint\",\"urlTemplate\":\"https:\\\/\\\/ccea-ccae.org\\\/?s={search_term_string}\"},\"query-input\":{\"@type\":\"PropertyValueSpecification\",\"valueRequired\":true,\"valueName\":\"search_term_string\"}}],\"inLanguage\":\"fr-CA\"},{\"@type\":\"Organization\",\"@id\":\"https:\\\/\\\/ccea-ccae.org\\\/#organization\",\"name\":\"CCEA-CCAE\",\"url\":\"https:\\\/\\\/ccea-ccae.org\\\/\",\"logo\":{\"@type\":\"ImageObject\",\"inLanguage\":\"fr-CA\",\"@id\":\"https:\\\/\\\/ccea-ccae.org\\\/#\\\/schema\\\/logo\\\/image\\\/\",\"url\":\"https:\\\/\\\/ccea-ccae.org\\\/wp-content\\\/uploads\\\/2014\\\/05\\\/header_CCEA.png\",\"contentUrl\":\"https:\\\/\\\/ccea-ccae.org\\\/wp-content\\\/uploads\\\/2014\\\/05\\\/header_CCEA.png\",\"width\":164,\"height\":57,\"caption\":\"CCEA-CCAE\"},\"image\":{\"@id\":\"https:\\\/\\\/ccea-ccae.org\\\/#\\\/schema\\\/logo\\\/image\\\/\"}}]}<\/script>\n<!-- \/ Yoast SEO plugin. -->","yoast_head_json":{"title":"Ecozones Introduction | CCEA-CCAE","robots":{"index":"index","follow":"follow","max-snippet":"max-snippet:-1","max-image-preview":"max-image-preview:large","max-video-preview":"max-video-preview:-1"},"canonical":"https:\/\/ccea-ccae.org\/fr\/ecozones-introduction\/","og_locale":"fr_CA","og_type":"article","og_title":"Ecozones Introduction | CCEA-CCAE","og_description":"Ecozones Introduction The first digital version of the Canadian Ecological Framework was developed in a joint initiative between Environment Canada (EC) and Agriculture and Agri-Food Canada (AAFC) between 1992 and 1995 and published in 1996. In collaboration with the CCEA, EC performed the consultative and policy planning while AAFC completed the GIS analysis and spatial [&hellip;]","og_url":"https:\/\/ccea-ccae.org\/fr\/ecozones-introduction\/","og_site_name":"CCEA-CCAE","article_modified_time":"2020-10-15T20:14:35+00:00","twitter_card":"summary_large_image","twitter_misc":{"Estimation du temps de lecture":"2 minutes"},"schema":{"@context":"https:\/\/schema.org","@graph":[{"@type":"WebPage","@id":"https:\/\/ccea-ccae.org\/fr\/ecozones-introduction\/","url":"https:\/\/ccea-ccae.org\/fr\/ecozones-introduction\/","name":"Ecozones Introduction | CCEA-CCAE","isPartOf":{"@id":"https:\/\/ccea-ccae.org\/#website"},"datePublished":"2014-05-22T14:17:19+00:00","dateModified":"2020-10-15T20:14:35+00:00","breadcrumb":{"@id":"https:\/\/ccea-ccae.org\/fr\/ecozones-introduction\/#breadcrumb"},"inLanguage":"fr-CA","potentialAction":[{"@type":"ReadAction","target":["https:\/\/ccea-ccae.org\/fr\/ecozones-introduction\/"]}]},{"@type":"BreadcrumbList","@id":"https:\/\/ccea-ccae.org\/fr\/ecozones-introduction\/#breadcrumb","itemListElement":[{"@type":"ListItem","position":1,"name":"Home","item":"https:\/\/ccea-ccae.org\/"},{"@type":"ListItem","position":2,"name":"Ecozones Introduction"}]},{"@type":"WebSite","@id":"https:\/\/ccea-ccae.org\/#website","url":"https:\/\/ccea-ccae.org\/","name":"CCAE-CCEA","description":"Aider les Canadiens \u00e0 \u00e9tablir et \u00e0 g\u00e9rer des aires \u00e9cologiques prot\u00e9g\u00e9es","publisher":{"@id":"https:\/\/ccea-ccae.org\/#organization"},"potentialAction":[{"@type":"SearchAction","target":{"@type":"EntryPoint","urlTemplate":"https:\/\/ccea-ccae.org\/?s={search_term_string}"},"query-input":{"@type":"PropertyValueSpecification","valueRequired":true,"valueName":"search_term_string"}}],"inLanguage":"fr-CA"},{"@type":"Organization","@id":"https:\/\/ccea-ccae.org\/#organization","name":"CCAE-CCEA","url":"https:\/\/ccea-ccae.org\/","logo":{"@type":"ImageObject","inLanguage":"fr-CA","@id":"https:\/\/ccea-ccae.org\/#\/schema\/logo\/image\/","url":"https:\/\/ccea-ccae.org\/wp-content\/uploads\/2014\/05\/header_CCEA.png","contentUrl":"https:\/\/ccea-ccae.org\/wp-content\/uploads\/2014\/05\/header_CCEA.png","width":164,"height":57,"caption":"CCEA-CCAE"},"image":{"@id":"https:\/\/ccea-ccae.org\/#\/schema\/logo\/image\/"}}]}},"_links":{"self":[{"href":"https:\/\/ccea-ccae.org\/fr\/wp-json\/wp\/v2\/pages\/250","targetHints":{"allow":["GET"]}}],"collection":[{"href":"https:\/\/ccea-ccae.org\/fr\/wp-json\/wp\/v2\/pages"}],"about":[{"href":"https:\/\/ccea-ccae.org\/fr\/wp-json\/wp\/v2\/types\/page"}],"author":[{"embeddable":true,"href":"https:\/\/ccea-ccae.org\/fr\/wp-json\/wp\/v2\/users\/1"}],"replies":[{"embeddable":true,"href":"https:\/\/ccea-ccae.org\/fr\/wp-json\/wp\/v2\/comments?post=250"}],"version-history":[{"count":4,"href":"https:\/\/ccea-ccae.org\/fr\/wp-json\/wp\/v2\/pages\/250\/revisions"}],"predecessor-version":[{"id":5527,"href":"https:\/\/ccea-ccae.org\/fr\/wp-json\/wp\/v2\/pages\/250\/revisions\/5527"}],"wp:attachment":[{"href":"https:\/\/ccea-ccae.org\/fr\/wp-json\/wp\/v2\/media?parent=250"}],"curies":[{"name":"wp","href":"https:\/\/api.w.org\/{rel}","templated":true}]}}