{"id":29,"date":"2014-05-06T19:30:38","date_gmt":"2014-05-06T23:30:38","guid":{"rendered":"http:\/\/www.ccea.org\/?page_id=29"},"modified":"2023-05-30T17:59:17","modified_gmt":"2023-05-30T21:59:17","slug":"about-the-ccea","status":"publish","type":"page","link":"https:\/\/ccea-ccae.org\/fr\/about-the-ccea\/","title":{"rendered":"\u00c0 propos du CCAE"},"content":{"rendered":"<div data-elementor-type=\"wp-page\" data-elementor-id=\"29\" class=\"elementor elementor-29\">\n\t\t\t\t\t\t<section class=\"elementor-section elementor-top-section elementor-element elementor-element-8704450 elementor-section-boxed elementor-section-height-default elementor-section-height-default\" data-id=\"8704450\" data-element_type=\"section\" data-e-type=\"section\">\n\t\t\t\t\t\t<div class=\"elementor-container elementor-column-gap-default\">\n\t\t\t\t\t<div class=\"elementor-column elementor-col-100 elementor-top-column elementor-element elementor-element-eabe0d0\" data-id=\"eabe0d0\" data-element_type=\"column\" data-e-type=\"column\">\n\t\t\t<div class=\"elementor-widget-wrap elementor-element-populated\">\n\t\t\t\t\t\t<div class=\"elementor-element elementor-element-1679363 elementor-widget elementor-widget-page-title\" data-id=\"1679363\" data-element_type=\"widget\" data-e-type=\"widget\" data-widget_type=\"page-title.default\">\n\t\t\t\t<div class=\"elementor-widget-container\">\n\t\t\t\t\t\t\t\n\t\t<div class=\"hfe-page-title hfe-page-title-wrapper elementor-widget-heading\">\n\n\t\t\t\t\t\t\t\t\t\t\t<a href=\"https:\/\/ccea-ccae.org\/fr\">\n\t\t\t\t\t\t<h2 class=\"elementor-heading-title elementor-size-default\">\n\t\t\t\t\t\t\t\t\n\t\t\t\t\u00c0 propos du CCAE  \n\t\t\t<\/h2> \n\t\t\t\t\t\t\t\t\t<\/a>\n\t\t\t\t\t<\/div>\n\t\t\t\t\t\t<\/div>\n\t\t\t\t<\/div>\n\t\t\t\t\t<\/div>\n\t\t<\/div>\n\t\t\t\t\t<\/div>\n\t\t<\/section>\n\t\t\t\t<section class=\"elementor-section elementor-top-section elementor-element elementor-element-3633bad elementor-section-boxed elementor-section-height-default elementor-section-height-default\" data-id=\"3633bad\" data-element_type=\"section\" data-e-type=\"section\">\n\t\t\t\t\t\t<div class=\"elementor-container elementor-column-gap-default\">\n\t\t\t\t\t<div class=\"elementor-column elementor-col-50 elementor-top-column elementor-element elementor-element-16d7a211\" data-id=\"16d7a211\" data-element_type=\"column\" data-e-type=\"column\">\n\t\t\t<div class=\"elementor-widget-wrap elementor-element-populated\">\n\t\t\t\t\t\t<div class=\"elementor-element elementor-element-575738d3 elementor-widget elementor-widget-text-editor\" data-id=\"575738d3\" data-element_type=\"widget\" data-e-type=\"widget\" data-widget_type=\"text-editor.default\">\n\t\t\t\t<div class=\"elementor-widget-container\">\n\t\t\t\t\t\t\t\t\t<h4><strong>The CCEA Story<\/strong><\/h4><p>The Canadian Council on Ecological Areas \/Conseil Canadien Des Aires \u00c9cologiques (CCEA\/CCAE) is a national conservation organization incorporated in 1982 (received registered charitable status in 1985) to help Canadians establish and manage a comprehensive viable network of\u00a0 protected and conserved ecological areas representative of Canada\u2019s terrestrial, freshwater and marine biodiversity. The scientific approach and collaborative spirit driving this effort stems from CCEA\u2019s origins dating back to the 1970s.<\/p><p>Les objectifs du CCEA pour \u00e9tablir, prot\u00e9ger et g\u00e9rer un syst\u00e8me repr\u00e9sentatif et scientifiquement solide d\u2019aires \u00e9cologiques prot\u00e9g\u00e9es sont les suivants:<\/p><ul><li>informer et \u00e9duquer les Canadiens sur l'importance et le r\u00f4le des aires prot\u00e9g\u00e9es;<\/li><li>guider la conception et l'ach\u00e8vement d'un r\u00e9seau d'aires prot\u00e9g\u00e9es canadiennes, y compris la gamme compl\u00e8te des milieux terrestres et aquatiques;<\/li><li>d\u00e9terminer les exigences \u00e9cologiques et les dispositions institutionnelles n\u00e9cessaires pour garantir l'int\u00e9grit\u00e9 des r\u00e9seaux d'aires prot\u00e9g\u00e9es;<\/li><li>faire progresser la bonne intendance, la gestion, la surveillance et la notification des aires prot\u00e9g\u00e9es;<\/li><li>promouvoir les valeurs environnementales, sociales et \u00e9conomiques des aires prot\u00e9g\u00e9es dans un contexte d'\u00e9cosyst\u00e8me; et,<\/li><li>faciliter l'\u00e9change d'information pertinente entre les partenaires int\u00e9ress\u00e9s par le biais de forums r\u00e9gionaux et nationaux.<\/li><\/ul><p>Le CCEA a \u00e9galement connu du succ\u00e8s en fournissant des conseils et une assistance aux agences internationales, nationales, provinciales \/ territoriales et locales sur les questions relatives aux aires prot\u00e9g\u00e9es et \u00e0 la conservation des \u00e9cosyst\u00e8mes. Reportez-vous au <a href=\"https:\/\/ccea-ccae.org\/wp-content\/uploads\/2020\/12\/2020-2030-Strategic-Framework_French.pdf\"><span style=\"text-decoration: underline;\"><strong>current strategic plan<\/strong> <\/span><\/a>pour voir comment le CCAE continuera de fournir des produits et services essentiels aux agences et organisations impliqu\u00e9es dans la conservation des aires \u00e9cologiques prot\u00e9g\u00e9es.<\/p><p>CCEA travaille en partenariat avec de nombreuses agences et organisations \u00e0 travers le Canada et dans le monde afin d'atteindre ces objectifs. Le CCEA tient r\u00e9guli\u00e8rement ses r\u00e9unions dans diff\u00e9rentes juridictions canadiennes pour discuter de probl\u00e8mes communs et pour aborder des probl\u00e8mes et des r\u00e9alisations r\u00e9gionales particuli\u00e8res. Le CCEA joue souvent le r\u00f4le unique de rassembler divers points de vue r\u00e9gionaux pour obtenir une image \u00e9cologique plus coh\u00e9rente et pertinente pour toutes les juridictions.<\/p><p>Mettant de plus en plus l\u2019accent sur la mondialisation, le portefeuille international du CCEA rev\u00eat une importance sans cesse croissante et est tr\u00e8s pertinent pour les efforts r\u00e9gionaux et nationaux du Canada visant \u00e0 remplir les obligations internationales telles que celles contenues dans la Convention des Nations Unies sur la diversit\u00e9 biologique. La structure et le mandat uniques du CCEA lui permettent de s\u2019attaquer \u00e0 de nombreux probl\u00e8mes de grande envergure touchant toutes les juridictions canadiennes.<\/p>\t\t\t\t\t\t\t\t<\/div>\n\t\t\t\t<\/div>\n\t\t\t\t\t<\/div>\n\t\t<\/div>\n\t\t\t\t<div class=\"elementor-column elementor-col-50 elementor-top-column elementor-element elementor-element-334f56d\" data-id=\"334f56d\" data-element_type=\"column\" data-e-type=\"column\" data-settings=\"{&quot;background_background&quot;:&quot;gradient&quot;}\">\n\t\t\t<div class=\"elementor-widget-wrap elementor-element-populated\">\n\t\t\t\t\t\t<div class=\"elementor-element elementor-element-cabf037 elementor-widget elementor-widget-text-editor\" data-id=\"cabf037\" data-element_type=\"widget\" data-e-type=\"widget\" data-widget_type=\"text-editor.default\">\n\t\t\t\t<div class=\"elementor-widget-container\">\n\t\t\t\t\t\t\t\t\tLes zones prot\u00e9g\u00e9es sont des zones mises de c\u00f4t\u00e9 par voie l\u00e9gislative ou par d'autres moyens efficaces et qui sont g\u00e9r\u00e9es pour une protection allant de valeurs \u00e9cologiques pr\u00e9cises jusqu'\u00e0 la protection de l'\u00e9cosyst\u00e8me dans son ensemble refl\u00e9tant la diversit\u00e9 terrestre, aquatique ou marine du Canada. Elles vont de zones non perturb\u00e9es par l'homme \u00e0 des zones qui ont \u00e9t\u00e9 modifi\u00e9es par les activit\u00e9s humaines mais qui conservent toujours une importance valeur \u00e9cologique.\t\t\t\t\t\t\t\t<\/div>\n\t\t\t\t<\/div>\n\t\t\t\t\t<\/div>\n\t\t<\/div>\n\t\t\t\t\t<\/div>\n\t\t<\/section>\n\t\t\t\t<\/div>","protected":false},"excerpt":{"rendered":"<p>About the CCEA The CCEA Story The Canadian Council on Ecological Areas \/Conseil Canadien Des Aires \u00c9cologiques (CCEA\/CCAE) is a national conservation organization incorporated in 1982 (received registered charitable status in 1985) to help Canadians establish and manage a comprehensive viable network of\u00a0 protected and conserved ecological areas representative of Canada\u2019s terrestrial, freshwater and marine [&hellip;]<\/p>\n","protected":false},"author":1,"featured_media":0,"parent":0,"menu_order":0,"comment_status":"closed","ping_status":"closed","template":"elementor_header_footer","meta":{"_monsterinsights_skip_tracking":false,"_monsterinsights_sitenote_active":false,"_monsterinsights_sitenote_note":"","_monsterinsights_sitenote_category":0,"site-sidebar-layout":"default","site-content-layout":"default","ast-site-content-layout":"default","site-content-style":"default","site-sidebar-style":"default","ast-global-header-display":"","ast-banner-title-visibility":"","ast-main-header-display":"","ast-hfb-above-header-display":"","ast-hfb-below-header-display":"","ast-hfb-mobile-header-display":"","site-post-title":"disabled","ast-breadcrumbs-content":"","ast-featured-img":"disabled","footer-sml-layout":"","ast-disable-related-posts":"","theme-transparent-header-meta":"default","adv-header-id-meta":"","stick-header-meta":"","header-above-stick-meta":"","header-main-stick-meta":"","header-below-stick-meta":"","astra-migrate-meta-layouts":"default","ast-page-background-enabled":"default","ast-page-background-meta":{"desktop":{"background-color":"","background-image":"","background-repeat":"repeat","background-position":"center center","background-size":"auto","background-attachment":"scroll","background-type":"","background-media":"","overlay-type":"","overlay-color":"","overlay-opacity":"","overlay-gradient":""},"tablet":{"background-color":"","background-image":"","background-repeat":"repeat","background-position":"center center","background-size":"auto","background-attachment":"scroll","background-type":"","background-media":"","overlay-type":"","overlay-color":"","overlay-opacity":"","overlay-gradient":""},"mobile":{"background-color":"","background-image":"","background-repeat":"repeat","background-position":"center center","background-size":"auto","background-attachment":"scroll","background-type":"","background-media":"","overlay-type":"","overlay-color":"","overlay-opacity":"","overlay-gradient":""}},"ast-content-background-meta":{"desktop":{"background-color":"var(--ast-global-color-5)","background-image":"","background-repeat":"repeat","background-position":"center center","background-size":"auto","background-attachment":"scroll","background-type":"","background-media":"","overlay-type":"","overlay-color":"","overlay-opacity":"","overlay-gradient":""},"tablet":{"background-color":"var(--ast-global-color-5)","background-image":"","background-repeat":"repeat","background-position":"center center","background-size":"auto","background-attachment":"scroll","background-type":"","background-media":"","overlay-type":"","overlay-color":"","overlay-opacity":"","overlay-gradient":""},"mobile":{"background-color":"var(--ast-global-color-5)","background-image":"","background-repeat":"repeat","background-position":"center center","background-size":"auto","background-attachment":"scroll","background-type":"","background-media":"","overlay-type":"","overlay-color":"","overlay-opacity":"","overlay-gradient":""}},"footnotes":""},"class_list":["post-29","page","type-page","status-publish","hentry"],"yoast_head":"<!-- This site is optimized with the Yoast SEO plugin v27.4 - https:\/\/yoast.com\/product\/yoast-seo-wordpress\/ -->\n<title>About the CCEA | CCEA-CCAE<\/title>\n<meta name=\"robots\" content=\"index, follow, max-snippet:-1, max-image-preview:large, max-video-preview:-1\" \/>\n<link rel=\"canonical\" href=\"https:\/\/ccea-ccae.org\/fr\/about-the-ccea\/\" \/>\n<meta property=\"og:locale\" content=\"fr_CA\" \/>\n<meta property=\"og:type\" content=\"article\" \/>\n<meta property=\"og:title\" content=\"About the CCEA | CCEA-CCAE\" \/>\n<meta property=\"og:description\" content=\"About the CCEA The CCEA Story The Canadian Council on Ecological Areas \/Conseil Canadien Des Aires \u00c9cologiques (CCEA\/CCAE) is a national conservation organization incorporated in 1982 (received registered charitable status in 1985) to help Canadians establish and manage a comprehensive viable network of\u00a0 protected and conserved ecological areas representative of Canada\u2019s terrestrial, freshwater and marine [&hellip;]\" \/>\n<meta property=\"og:url\" content=\"https:\/\/ccea-ccae.org\/fr\/about-the-ccea\/\" \/>\n<meta property=\"og:site_name\" content=\"CCEA-CCAE\" \/>\n<meta property=\"article:modified_time\" content=\"2023-05-30T21:59:17+00:00\" \/>\n<meta name=\"twitter:card\" content=\"summary_large_image\" \/>\n<meta name=\"twitter:label1\" content=\"Estimation du temps de lecture\" \/>\n\t<meta name=\"twitter:data1\" content=\"2 minutes\" \/>\n<script type=\"application\/ld+json\" class=\"yoast-schema-graph\">{\"@context\":\"https:\\\/\\\/schema.org\",\"@graph\":[{\"@type\":\"WebPage\",\"@id\":\"https:\\\/\\\/ccea-ccae.org\\\/about-the-ccea\\\/\",\"url\":\"https:\\\/\\\/ccea-ccae.org\\\/about-the-ccea\\\/\",\"name\":\"About the CCEA | CCEA-CCAE\",\"isPartOf\":{\"@id\":\"https:\\\/\\\/ccea-ccae.org\\\/#website\"},\"datePublished\":\"2014-05-06T23:30:38+00:00\",\"dateModified\":\"2023-05-30T21:59:17+00:00\",\"breadcrumb\":{\"@id\":\"https:\\\/\\\/ccea-ccae.org\\\/about-the-ccea\\\/#breadcrumb\"},\"inLanguage\":\"fr-CA\",\"potentialAction\":[{\"@type\":\"ReadAction\",\"target\":[\"https:\\\/\\\/ccea-ccae.org\\\/about-the-ccea\\\/\"]}]},{\"@type\":\"BreadcrumbList\",\"@id\":\"https:\\\/\\\/ccea-ccae.org\\\/about-the-ccea\\\/#breadcrumb\",\"itemListElement\":[{\"@type\":\"ListItem\",\"position\":1,\"name\":\"Home\",\"item\":\"https:\\\/\\\/ccea-ccae.org\\\/\"},{\"@type\":\"ListItem\",\"position\":2,\"name\":\"About the CCEA\"}]},{\"@type\":\"WebSite\",\"@id\":\"https:\\\/\\\/ccea-ccae.org\\\/#website\",\"url\":\"https:\\\/\\\/ccea-ccae.org\\\/\",\"name\":\"CCEA-CCAE\",\"description\":\"Helping Canadians establish and  manage protected ecological areas\",\"publisher\":{\"@id\":\"https:\\\/\\\/ccea-ccae.org\\\/#organization\"},\"potentialAction\":[{\"@type\":\"SearchAction\",\"target\":{\"@type\":\"EntryPoint\",\"urlTemplate\":\"https:\\\/\\\/ccea-ccae.org\\\/?s={search_term_string}\"},\"query-input\":{\"@type\":\"PropertyValueSpecification\",\"valueRequired\":true,\"valueName\":\"search_term_string\"}}],\"inLanguage\":\"fr-CA\"},{\"@type\":\"Organization\",\"@id\":\"https:\\\/\\\/ccea-ccae.org\\\/#organization\",\"name\":\"CCEA-CCAE\",\"url\":\"https:\\\/\\\/ccea-ccae.org\\\/\",\"logo\":{\"@type\":\"ImageObject\",\"inLanguage\":\"fr-CA\",\"@id\":\"https:\\\/\\\/ccea-ccae.org\\\/#\\\/schema\\\/logo\\\/image\\\/\",\"url\":\"https:\\\/\\\/ccea-ccae.org\\\/wp-content\\\/uploads\\\/2014\\\/05\\\/header_CCEA.png\",\"contentUrl\":\"https:\\\/\\\/ccea-ccae.org\\\/wp-content\\\/uploads\\\/2014\\\/05\\\/header_CCEA.png\",\"width\":164,\"height\":57,\"caption\":\"CCEA-CCAE\"},\"image\":{\"@id\":\"https:\\\/\\\/ccea-ccae.org\\\/#\\\/schema\\\/logo\\\/image\\\/\"}}]}<\/script>\n<!-- \/ Yoast SEO plugin. -->","yoast_head_json":{"title":"About the CCEA | CCEA-CCAE","robots":{"index":"index","follow":"follow","max-snippet":"max-snippet:-1","max-image-preview":"max-image-preview:large","max-video-preview":"max-video-preview:-1"},"canonical":"https:\/\/ccea-ccae.org\/fr\/about-the-ccea\/","og_locale":"fr_CA","og_type":"article","og_title":"About the CCEA | CCEA-CCAE","og_description":"About the CCEA The CCEA Story The Canadian Council on Ecological Areas \/Conseil Canadien Des Aires \u00c9cologiques (CCEA\/CCAE) is a national conservation organization incorporated in 1982 (received registered charitable status in 1985) to help Canadians establish and manage a comprehensive viable network of\u00a0 protected and conserved ecological areas representative of Canada\u2019s terrestrial, freshwater and marine [&hellip;]","og_url":"https:\/\/ccea-ccae.org\/fr\/about-the-ccea\/","og_site_name":"CCEA-CCAE","article_modified_time":"2023-05-30T21:59:17+00:00","twitter_card":"summary_large_image","twitter_misc":{"Estimation du temps de lecture":"2 minutes"},"schema":{"@context":"https:\/\/schema.org","@graph":[{"@type":"WebPage","@id":"https:\/\/ccea-ccae.org\/about-the-ccea\/","url":"https:\/\/ccea-ccae.org\/about-the-ccea\/","name":"About the CCEA | CCEA-CCAE","isPartOf":{"@id":"https:\/\/ccea-ccae.org\/#website"},"datePublished":"2014-05-06T23:30:38+00:00","dateModified":"2023-05-30T21:59:17+00:00","breadcrumb":{"@id":"https:\/\/ccea-ccae.org\/about-the-ccea\/#breadcrumb"},"inLanguage":"fr-CA","potentialAction":[{"@type":"ReadAction","target":["https:\/\/ccea-ccae.org\/about-the-ccea\/"]}]},{"@type":"BreadcrumbList","@id":"https:\/\/ccea-ccae.org\/about-the-ccea\/#breadcrumb","itemListElement":[{"@type":"ListItem","position":1,"name":"Home","item":"https:\/\/ccea-ccae.org\/"},{"@type":"ListItem","position":2,"name":"About the CCEA"}]},{"@type":"WebSite","@id":"https:\/\/ccea-ccae.org\/#website","url":"https:\/\/ccea-ccae.org\/","name":"CCAE-CCEA","description":"Aider les Canadiens \u00e0 \u00e9tablir et \u00e0 g\u00e9rer des aires \u00e9cologiques prot\u00e9g\u00e9es","publisher":{"@id":"https:\/\/ccea-ccae.org\/#organization"},"potentialAction":[{"@type":"SearchAction","target":{"@type":"EntryPoint","urlTemplate":"https:\/\/ccea-ccae.org\/?s={search_term_string}"},"query-input":{"@type":"PropertyValueSpecification","valueRequired":true,"valueName":"search_term_string"}}],"inLanguage":"fr-CA"},{"@type":"Organization","@id":"https:\/\/ccea-ccae.org\/#organization","name":"CCAE-CCEA","url":"https:\/\/ccea-ccae.org\/","logo":{"@type":"ImageObject","inLanguage":"fr-CA","@id":"https:\/\/ccea-ccae.org\/#\/schema\/logo\/image\/","url":"https:\/\/ccea-ccae.org\/wp-content\/uploads\/2014\/05\/header_CCEA.png","contentUrl":"https:\/\/ccea-ccae.org\/wp-content\/uploads\/2014\/05\/header_CCEA.png","width":164,"height":57,"caption":"CCEA-CCAE"},"image":{"@id":"https:\/\/ccea-ccae.org\/#\/schema\/logo\/image\/"}}]}},"_links":{"self":[{"href":"https:\/\/ccea-ccae.org\/fr\/wp-json\/wp\/v2\/pages\/29","targetHints":{"allow":["GET"]}}],"collection":[{"href":"https:\/\/ccea-ccae.org\/fr\/wp-json\/wp\/v2\/pages"}],"about":[{"href":"https:\/\/ccea-ccae.org\/fr\/wp-json\/wp\/v2\/types\/page"}],"author":[{"embeddable":true,"href":"https:\/\/ccea-ccae.org\/fr\/wp-json\/wp\/v2\/users\/1"}],"replies":[{"embeddable":true,"href":"https:\/\/ccea-ccae.org\/fr\/wp-json\/wp\/v2\/comments?post=29"}],"version-history":[{"count":20,"href":"https:\/\/ccea-ccae.org\/fr\/wp-json\/wp\/v2\/pages\/29\/revisions"}],"predecessor-version":[{"id":6613,"href":"https:\/\/ccea-ccae.org\/fr\/wp-json\/wp\/v2\/pages\/29\/revisions\/6613"}],"wp:attachment":[{"href":"https:\/\/ccea-ccae.org\/fr\/wp-json\/wp\/v2\/media?parent=29"}],"curies":[{"name":"wp","href":"https:\/\/api.w.org\/{rel}","templated":true}]}}