{"id":2975,"date":"2018-03-19T13:21:31","date_gmt":"2018-03-19T17:21:31","guid":{"rendered":"http:\/\/www.ccea.org\/?page_id=2975"},"modified":"2025-11-03T10:48:18","modified_gmt":"2025-11-03T14:48:18","slug":"workshops-agms","status":"publish","type":"page","link":"https:\/\/ccea-ccae.org\/fr\/workshops-agms\/","title":{"rendered":"Ateliers et Assembl\u00e9es g\u00e9n\u00e9rales annuelles"},"content":{"rendered":"<div data-elementor-type=\"wp-page\" data-elementor-id=\"2975\" class=\"elementor elementor-2975\">\n\t\t\t\t\t\t<section class=\"elementor-section elementor-top-section elementor-element elementor-element-56fabe1 elementor-section-boxed elementor-section-height-default elementor-section-height-default\" data-id=\"56fabe1\" data-element_type=\"section\" data-e-type=\"section\">\n\t\t\t\t\t\t<div class=\"elementor-container elementor-column-gap-default\">\n\t\t\t\t\t<div class=\"elementor-column elementor-col-100 elementor-top-column elementor-element elementor-element-6171deff\" data-id=\"6171deff\" data-element_type=\"column\" data-e-type=\"column\">\n\t\t\t<div class=\"elementor-widget-wrap elementor-element-populated\">\n\t\t\t\t\t\t<div class=\"elementor-element elementor-element-1c7d5582 elementor-widget elementor-widget-page-title\" data-id=\"1c7d5582\" data-element_type=\"widget\" data-e-type=\"widget\" data-widget_type=\"page-title.default\">\n\t\t\t\t<div class=\"elementor-widget-container\">\n\t\t\t\t\t\t\t\n\t\t<div class=\"hfe-page-title hfe-page-title-wrapper elementor-widget-heading\">\n\n\t\t\t\t\t\t\t\t\t\t\t<a href=\"https:\/\/ccea-ccae.org\/fr\">\n\t\t\t\t\t\t<h2 class=\"elementor-heading-title elementor-size-default\">\n\t\t\t\t\t\t\t\t\n\t\t\t\tAteliers et Assembl\u00e9es g\u00e9n\u00e9rales annuelles  \n\t\t\t<\/h2> \n\t\t\t\t\t\t\t\t\t<\/a>\n\t\t\t\t\t<\/div>\n\t\t\t\t\t\t<\/div>\n\t\t\t\t<\/div>\n\t\t\t\t\t<\/div>\n\t\t<\/div>\n\t\t\t\t\t<\/div>\n\t\t<\/section>\n\t\t\t\t<section class=\"elementor-section elementor-top-section elementor-element elementor-element-2109e5a6 elementor-section-boxed elementor-section-height-default elementor-section-height-default\" data-id=\"2109e5a6\" data-element_type=\"section\" data-e-type=\"section\">\n\t\t\t\t\t\t<div class=\"elementor-container elementor-column-gap-default\">\n\t\t\t\t\t<div class=\"elementor-column elementor-col-50 elementor-top-column elementor-element elementor-element-7eb24d73\" data-id=\"7eb24d73\" data-element_type=\"column\" data-e-type=\"column\">\n\t\t\t<div class=\"elementor-widget-wrap elementor-element-populated\">\n\t\t\t\t\t\t<div class=\"elementor-element elementor-element-8a4c094 elementor-grid-eael-col-1 elementor-grid-tablet-eael-col-2 elementor-grid-mobile-eael-col-1 elementor-widget elementor-widget-eael-post-grid\" data-id=\"8a4c094\" data-element_type=\"widget\" data-e-type=\"widget\" data-settings=\"{&quot;eael_post_grid_columns&quot;:&quot;eael-col-1&quot;,&quot;eael_post_grid_columns_tablet&quot;:&quot;eael-col-2&quot;,&quot;eael_post_grid_columns_mobile&quot;:&quot;eael-col-1&quot;}\" data-widget_type=\"eael-post-grid.default\">\n\t\t\t\t<div class=\"elementor-widget-container\">\n\t\t\t\t\t<div id=\"eael-post-grid-8a4c094\" class=\"eael-post-grid-container\">\n            <div class=\"eael-post-grid eael-post-appender eael-post-appender-8a4c094 eael-post-grid-style-three\" data-layout-mode=\"grid\"><article class=\"eael-grid-post  eael-post-grid-column eael-pg-post-6733 category-ccea-news-workshops\" data-id=\"6733\">\n        <div class=\"eael-grid-post-holder\">\n            <div class=\"eael-grid-post-holder-inner\"><div class=\"eael-entry-wrapper\"><header class=\"eael-entry-header\"><h2 class=\"eael-entry-title\"><a class=\"eael-grid-post-link\" href=\"https:\/\/ccea-ccae.org\/fr\/sustainable-conservation-financing-in-canada-a-national-workshop-with-a-special-focus-on-protected-and-conserved-areas\/\" title=\"2024 &#8211; Sustainable Conservation Financing in Canada: A National Workshop with a Special Focus on Protected and Conserved Areas\">2024 - Financement durable de la conservation au Canada : un Atelier national mettant un accent particulier sur les zones prot\u00e9g\u00e9es et conserv\u00e9es.<\/a><\/h2><\/header><\/div><\/div>\n        <\/div>\n    <\/article><article class=\"eael-grid-post  eael-post-grid-column eael-pg-post-6319 category-workshops\" data-id=\"6319\">\n        <div class=\"eael-grid-post-holder\">\n            <div class=\"eael-grid-post-holder-inner\"><div class=\"eael-entry-wrapper\"><header class=\"eael-entry-header\"><h2 class=\"eael-entry-title\"><a class=\"eael-grid-post-link\" href=\"https:\/\/ccea-ccae.org\/fr\/2019-ccea-pathway-training-for-screening-of-areas-contributing-to-canada-target-1\/\" title=\"2019 &#8211; CCEA\/Pathway training for screening of areas contributing to Canada Target 1\">2019 &#8211; CCEA\/Pathway training for screening of areas contributing to Canada Target 1<\/a><\/h2><\/header><\/div><\/div>\n        <\/div>\n    <\/article><article class=\"eael-grid-post  eael-post-grid-column eael-pg-post-6315 category-workshops\" data-id=\"6315\">\n        <div class=\"eael-grid-post-holder\">\n            <div class=\"eael-grid-post-holder-inner\"><div class=\"eael-entry-wrapper\"><header class=\"eael-entry-header\"><h2 class=\"eael-entry-title\"><a class=\"eael-grid-post-link\" href=\"https:\/\/ccea-ccae.org\/fr\/2018-conservation-planning\/\" title=\"2018 &#8211; Conservation planning\">2018 &#8211; Conservation planning<\/a><\/h2><\/header><\/div><\/div>\n        <\/div>\n    <\/article><article class=\"eael-grid-post  eael-post-grid-column eael-pg-post-6311 category-workshops\" data-id=\"6311\">\n        <div class=\"eael-grid-post-holder\">\n            <div class=\"eael-grid-post-holder-inner\"><div class=\"eael-entry-wrapper\"><header class=\"eael-entry-header\"><h2 class=\"eael-entry-title\"><a class=\"eael-grid-post-link\" href=\"https:\/\/ccea-ccae.org\/fr\/2017-reporting-on-conservation-key-biodiversity-areas-and-ecosystem-services\/\" title=\"2017 &#8211; Reporting on Conservation &#8211; Key Biodiversity Areas and Ecosystem Services\">2017 &#8211; Reporting on Conservation &#8211; Key Biodiversity Areas and Ecosystem Services<\/a><\/h2><\/header><\/div><\/div>\n        <\/div>\n    <\/article><article class=\"eael-grid-post  eael-post-grid-column eael-pg-post-6307 category-workshops\" data-id=\"6307\">\n        <div class=\"eael-grid-post-holder\">\n            <div class=\"eael-grid-post-holder-inner\"><div class=\"eael-entry-wrapper\"><header class=\"eael-entry-header\"><h2 class=\"eael-entry-title\"><a class=\"eael-grid-post-link\" href=\"https:\/\/ccea-ccae.org\/fr\/2016-part-2-achieving-all-aspects-of-aichi-target-11-canadas-biodiversity-target-1-how-will-we-know-weve-achieved-our-goals\/\" title=\"2016 (Part 2)- Achieving All Aspects of Aichi Target 11 &#038; Canada&#8217;s Biodiversity Target 1 \u2013 How Will We Know We\u2019ve Achieved Our Goals?\">2016 (Part 2)- Achieving All Aspects of Aichi Target 11 &#038; Canada&#8217;s Biodiversity Target 1 \u2013 How Will We Know We\u2019ve Achieved Our Goals?<\/a><\/h2><\/header><\/div><\/div>\n        <\/div>\n    <\/article><article class=\"eael-grid-post  eael-post-grid-column eael-pg-post-6300 category-workshops\" data-id=\"6300\">\n        <div class=\"eael-grid-post-holder\">\n            <div class=\"eael-grid-post-holder-inner\"><div class=\"eael-entry-wrapper\"><header class=\"eael-entry-header\"><h2 class=\"eael-entry-title\"><a class=\"eael-grid-post-link\" href=\"https:\/\/ccea-ccae.org\/fr\/2016-part-1-achieving-all-aspects-of-aichi-target-11-canadas-biodiversity-target-1-how-will-we-know-weve-achieved-our-goals\/\" title=\"2016 (Part 1)- Achieving All Aspects of Aichi Target 11 &#038; Canada&#8217;s Biodiversity Target 1 \u2013 How Will We Know We\u2019ve Achieved Our Goals?\">2016 (Part 1)- Achieving All Aspects of Aichi Target 11 &#038; Canada&#8217;s Biodiversity Target 1 \u2013 How Will We Know We\u2019ve Achieved Our Goals?<\/a><\/h2><\/header><\/div><\/div>\n        <\/div>\n    <\/article><article class=\"eael-grid-post  eael-post-grid-column eael-pg-post-6296 category-workshops\" data-id=\"6296\">\n        <div class=\"eael-grid-post-holder\">\n            <div class=\"eael-grid-post-holder-inner\"><div class=\"eael-entry-wrapper\"><header class=\"eael-entry-header\"><h2 class=\"eael-entry-title\"><a class=\"eael-grid-post-link\" href=\"https:\/\/ccea-ccae.org\/fr\/2015-towards-2020-barriers-solutions-and-opportunities-for-reaching-conservation-goals\/\" title=\"2015 &#8211; Towards 2020 \u2013 Barriers, Solutions, and Opportunities for Reaching Conservation Goals\">2015 &#8211; Towards 2020 \u2013 Barriers, Solutions, and Opportunities for Reaching Conservation Goals<\/a><\/h2><\/header><\/div><\/div>\n        <\/div>\n    <\/article><article class=\"eael-grid-post  eael-post-grid-column eael-pg-post-6292 category-workshops\" data-id=\"6292\">\n        <div class=\"eael-grid-post-holder\">\n            <div class=\"eael-grid-post-holder-inner\"><div class=\"eael-entry-wrapper\"><header class=\"eael-entry-header\"><h2 class=\"eael-entry-title\"><a class=\"eael-grid-post-link\" href=\"https:\/\/ccea-ccae.org\/fr\/2014-resolution-of-key-outstanding-issues-for-the-canadian-guidebook\/\" title=\"2014 &#8211; Resolution of Key Outstanding Issues for the Canadian Guidebook\">2014 &#8211; Resolution of Key Outstanding Issues for the Canadian Guidebook<\/a><\/h2><\/header><\/div><\/div>\n        <\/div>\n    <\/article><article class=\"eael-grid-post  eael-post-grid-column eael-pg-post-6285 category-workshops\" data-id=\"6285\">\n        <div class=\"eael-grid-post-holder\">\n            <div class=\"eael-grid-post-holder-inner\"><div class=\"eael-entry-wrapper\"><header class=\"eael-entry-header\"><h2 class=\"eael-entry-title\"><a class=\"eael-grid-post-link\" href=\"https:\/\/ccea-ccae.org\/fr\/2012-subsurface-rights\/\" title=\"2013 &#8211; Interpreting Aichi Biodiversity Target 11 in the Canadian Context\">2013 &#8211; Interpreting Aichi Biodiversity Target 11 in the Canadian Context<\/a><\/h2><\/header><\/div><\/div>\n        <\/div>\n    <\/article><article class=\"eael-grid-post  eael-post-grid-column eael-pg-post-6274 category-workshops\" data-id=\"6274\">\n        <div class=\"eael-grid-post-holder\">\n            <div class=\"eael-grid-post-holder-inner\"><div class=\"eael-entry-wrapper\"><header class=\"eael-entry-header\"><h2 class=\"eael-entry-title\"><a class=\"eael-grid-post-link\" href=\"https:\/\/ccea-ccae.org\/fr\/2010-future-planning-for-protected-areas-conference-responding-to-climate-change-2\/\" title=\"2012 &#8211; Subsurface Rights\">2012 &#8211; Subsurface Rights<\/a><\/h2><\/header><\/div><\/div>\n        <\/div>\n    <\/article><article class=\"eael-grid-post  eael-post-grid-column eael-pg-post-6249 category-workshops\" data-id=\"6249\">\n        <div class=\"eael-grid-post-holder\">\n            <div class=\"eael-grid-post-holder-inner\"><div class=\"eael-entry-wrapper\"><header class=\"eael-entry-header\"><h2 class=\"eael-entry-title\"><a class=\"eael-grid-post-link\" href=\"https:\/\/ccea-ccae.org\/fr\/2010-future-planning-for-protected-areas-conference-responding-to-climate-change\/\" title=\"2010 &#8211; Future Planning for Protected Areas Conference Responding to Climate Change\">2010 &#8211; Future Planning for Protected Areas Conference Responding to Climate Change<\/a><\/h2><\/header><\/div><\/div>\n        <\/div>\n    <\/article><article class=\"eael-grid-post  eael-post-grid-column eael-pg-post-6232 category-workshops\" data-id=\"6232\">\n        <div class=\"eael-grid-post-holder\">\n            <div class=\"eael-grid-post-holder-inner\"><div class=\"eael-entry-wrapper\"><header class=\"eael-entry-header\"><h2 class=\"eael-entry-title\"><a class=\"eael-grid-post-link\" href=\"https:\/\/ccea-ccae.org\/fr\/2009-boreal-zone-protected-areas\/\" title=\"2009 &#8211; Marine Protected Areas Conference Bridging Terrestrial and Marine Protected Areas Network Planning\">2009 &#8211; Marine Protected Areas Conference Bridging Terrestrial and Marine Protected Areas Network Planning<\/a><\/h2><\/header><\/div><\/div>\n        <\/div>\n    <\/article><article class=\"eael-grid-post  eael-post-grid-column eael-pg-post-6218 category-workshops\" data-id=\"6218\">\n        <div class=\"eael-grid-post-holder\">\n            <div class=\"eael-grid-post-holder-inner\"><div class=\"eael-entry-wrapper\"><header class=\"eael-entry-header\"><h2 class=\"eael-entry-title\"><a class=\"eael-grid-post-link\" href=\"https:\/\/ccea-ccae.org\/fr\/2008-boreal-zone-protected-areas\/\" title=\"2008 &#8211; Boreal Zone Protected Areas\">2008 &#8211; Boreal Zone Protected Areas<\/a><\/h2><\/header><\/div><\/div>\n        <\/div>\n    <\/article><article class=\"eael-grid-post  eael-post-grid-column eael-pg-post-6209 category-workshops\" data-id=\"6209\">\n        <div class=\"eael-grid-post-holder\">\n            <div class=\"eael-grid-post-holder-inner\"><div class=\"eael-entry-wrapper\"><header class=\"eael-entry-header\"><h2 class=\"eael-entry-title\"><a class=\"eael-grid-post-link\" href=\"https:\/\/ccea-ccae.org\/fr\/2007-ecological-best-practices-in-protected-natural-areas\/\" title=\"2007 &#8211; Ecological Best Practices in Protected Natural Areas\u200b\">2007 &#8211; Ecological Best Practices in Protected Natural Areas\u200b<\/a><\/h2><\/header><\/div><\/div>\n        <\/div>\n    <\/article><article class=\"eael-grid-post  eael-post-grid-column eael-pg-post-6199 category-workshops\" data-id=\"6199\">\n        <div class=\"eael-grid-post-holder\">\n            <div class=\"eael-grid-post-holder-inner\"><div class=\"eael-entry-wrapper\"><header class=\"eael-entry-header\"><h2 class=\"eael-entry-title\"><a class=\"eael-grid-post-link\" href=\"https:\/\/ccea-ccae.org\/fr\/1997-protected-areas-and-the-bottom-line\/\" title=\"1997 &#8211; Protected Areas and the Bottom Line\">1997 &#8211; Protected Areas and the Bottom Line<\/a><\/h2><\/header><\/div><\/div>\n        <\/div>\n    <\/article><\/div>\n            <div class=\"clearfix\"><\/div>\n        <\/div>\t\t\t\t<\/div>\n\t\t\t\t<\/div>\n\t\t\t\t\t<\/div>\n\t\t<\/div>\n\t\t\t\t<div class=\"elementor-column elementor-col-50 elementor-top-column elementor-element elementor-element-7cdaf4c0\" data-id=\"7cdaf4c0\" data-element_type=\"column\" data-e-type=\"column\" data-settings=\"{&quot;background_background&quot;:&quot;gradient&quot;}\">\n\t\t\t<div class=\"elementor-widget-wrap elementor-element-populated\">\n\t\t\t\t\t\t<div class=\"elementor-element elementor-element-1bfb8f5d elementor-widget elementor-widget-spacer\" data-id=\"1bfb8f5d\" data-element_type=\"widget\" data-e-type=\"widget\" data-widget_type=\"spacer.default\">\n\t\t\t\t<div class=\"elementor-widget-container\">\n\t\t\t\t\t\t\t<div class=\"elementor-spacer\">\n\t\t\t<div class=\"elementor-spacer-inner\"><\/div>\n\t\t<\/div>\n\t\t\t\t\t\t<\/div>\n\t\t\t\t<\/div>\n\t\t\t\t<div class=\"elementor-element elementor-element-7cabbdf3 elementor-widget elementor-widget-text-editor\" data-id=\"7cabbdf3\" data-element_type=\"widget\" data-e-type=\"widget\" data-widget_type=\"text-editor.default\">\n\t\t\t\t<div class=\"elementor-widget-container\">\n\t\t\t\t\t\t\t\t\t<p>Le CCAE travaille en partenariat avec de nombreux organismes, organisations et particuliers partout au Canada et dans le monde. Il r\u00e9pond particuli\u00e8rement aux besoins \u00e9cosyst\u00e9miques intergouvernementaux et r\u00e9gionaux des provinces et des territoires. Les activit\u00e9s de base du CCAE visent \u00e0 mettre en relation les juridictions, les sp\u00e9cialistes, les praticiens et les organisations des aires prot\u00e9g\u00e9es canadiennes.<\/p><p>Le CCAE tient des r\u00e9unions de collaboration dans diff\u00e9rentes juridictions pour discuter des probl\u00e8mes communs et des pr\u00e9occupations r\u00e9gionales sp\u00e9cifiques. Ces rencontres servent aussi \u00e0 c\u00e9l\u00e9brer les r\u00e9alisations des juridictions. Le leadership du CCAE en mati\u00e8re de repr\u00e9sentation des \u00e9cosyst\u00e8mes terrestres, d\u2019un cadre national pour les aires prot\u00e9g\u00e9es, des approches d'analyse des lacunes, des aires marines de conservation, des aires prot\u00e9g\u00e9es nordiques, de la cat\u00e9gorisation des aires prot\u00e9g\u00e9es, de  la collaboration internationale et de la gestion des donn\u00e9es sont le signe d'un travail durable r\u00e9pondant \u00e0 de vastes besoins juridictionnels et nationaux.<\/p>\t\t\t\t\t\t\t\t<\/div>\n\t\t\t\t<\/div>\n\t\t\t\t\t<\/div>\n\t\t<\/div>\n\t\t\t\t\t<\/div>\n\t\t<\/section>\n\t\t\t\t<\/div>","protected":false},"excerpt":{"rendered":"<p>Workshops &#038; AGMs 2024 &#8211; Sustainable Conservation Financing in Canada: A National Workshop with a Special Focus on Protected and Conserved Areas 2019 &#8211; CCEA\/Pathway training for screening of areas contributing to Canada Target 1 2018 &#8211; Conservation planning 2017 &#8211; Reporting on Conservation &#8211; Key Biodiversity Areas and Ecosystem Services 2016 (Part 2)- Achieving [&hellip;]<\/p>\n","protected":false},"author":1,"featured_media":0,"parent":0,"menu_order":0,"comment_status":"closed","ping_status":"closed","template":"elementor_header_footer","meta":{"_monsterinsights_skip_tracking":false,"_monsterinsights_sitenote_active":false,"_monsterinsights_sitenote_note":"","_monsterinsights_sitenote_category":0,"site-sidebar-layout":"default","site-content-layout":"default","ast-site-content-layout":"default","site-content-style":"default","site-sidebar-style":"default","ast-global-header-display":"","ast-banner-title-visibility":"","ast-main-header-display":"","ast-hfb-above-header-display":"","ast-hfb-below-header-display":"","ast-hfb-mobile-header-display":"","site-post-title":"","ast-breadcrumbs-content":"","ast-featured-img":"","footer-sml-layout":"","ast-disable-related-posts":"","theme-transparent-header-meta":"default","adv-header-id-meta":"","stick-header-meta":"","header-above-stick-meta":"","header-main-stick-meta":"","header-below-stick-meta":"","astra-migrate-meta-layouts":"default","ast-page-background-enabled":"default","ast-page-background-meta":{"desktop":{"background-color":"","background-image":"","background-repeat":"repeat","background-position":"center center","background-size":"auto","background-attachment":"scroll","background-type":"","background-media":"","overlay-type":"","overlay-color":"","overlay-opacity":"","overlay-gradient":""},"tablet":{"background-color":"","background-image":"","background-repeat":"repeat","background-position":"center center","background-size":"auto","background-attachment":"scroll","background-type":"","background-media":"","overlay-type":"","overlay-color":"","overlay-opacity":"","overlay-gradient":""},"mobile":{"background-color":"","background-image":"","background-repeat":"repeat","background-position":"center center","background-size":"auto","background-attachment":"scroll","background-type":"","background-media":"","overlay-type":"","overlay-color":"","overlay-opacity":"","overlay-gradient":""}},"ast-content-background-meta":{"desktop":{"background-color":"var(--ast-global-color-5)","background-image":"","background-repeat":"repeat","background-position":"center center","background-size":"auto","background-attachment":"scroll","background-type":"","background-media":"","overlay-type":"","overlay-color":"","overlay-opacity":"","overlay-gradient":""},"tablet":{"background-color":"var(--ast-global-color-5)","background-image":"","background-repeat":"repeat","background-position":"center center","background-size":"auto","background-attachment":"scroll","background-type":"","background-media":"","overlay-type":"","overlay-color":"","overlay-opacity":"","overlay-gradient":""},"mobile":{"background-color":"var(--ast-global-color-5)","background-image":"","background-repeat":"repeat","background-position":"center center","background-size":"auto","background-attachment":"scroll","background-type":"","background-media":"","overlay-type":"","overlay-color":"","overlay-opacity":"","overlay-gradient":""}},"footnotes":""},"class_list":["post-2975","page","type-page","status-publish","hentry"],"yoast_head":"<!-- This site is optimized with the Yoast SEO plugin v27.4 - https:\/\/yoast.com\/product\/yoast-seo-wordpress\/ -->\n<title>Workshops &amp; AGMs | CCEA-CCAE<\/title>\n<meta name=\"robots\" content=\"index, follow, max-snippet:-1, max-image-preview:large, max-video-preview:-1\" \/>\n<link rel=\"canonical\" href=\"https:\/\/ccea-ccae.org\/fr\/workshops-agms\/\" \/>\n<meta property=\"og:locale\" content=\"fr_CA\" \/>\n<meta property=\"og:type\" content=\"article\" \/>\n<meta property=\"og:title\" content=\"Workshops &amp; AGMs | CCEA-CCAE\" \/>\n<meta property=\"og:description\" content=\"Workshops &#038; AGMs 2024 &#8211; Sustainable Conservation Financing in Canada: A National Workshop with a Special Focus on Protected and Conserved Areas 2019 &#8211; CCEA\/Pathway training for screening of areas contributing to Canada Target 1 2018 &#8211; Conservation planning 2017 &#8211; Reporting on Conservation &#8211; Key Biodiversity Areas and Ecosystem Services 2016 (Part 2)- Achieving [&hellip;]\" \/>\n<meta property=\"og:url\" content=\"https:\/\/ccea-ccae.org\/fr\/workshops-agms\/\" \/>\n<meta property=\"og:site_name\" content=\"CCEA-CCAE\" \/>\n<meta property=\"article:modified_time\" content=\"2025-11-03T14:48:18+00:00\" \/>\n<meta name=\"twitter:card\" content=\"summary_large_image\" \/>\n<meta name=\"twitter:label1\" content=\"Estimation du temps de lecture\" \/>\n\t<meta name=\"twitter:data1\" content=\"2 minutes\" \/>\n<script type=\"application\/ld+json\" class=\"yoast-schema-graph\">{\"@context\":\"https:\\\/\\\/schema.org\",\"@graph\":[{\"@type\":\"WebPage\",\"@id\":\"https:\\\/\\\/ccea-ccae.org\\\/workshops-agms\\\/\",\"url\":\"https:\\\/\\\/ccea-ccae.org\\\/workshops-agms\\\/\",\"name\":\"Workshops & AGMs | CCEA-CCAE\",\"isPartOf\":{\"@id\":\"https:\\\/\\\/ccea-ccae.org\\\/#website\"},\"datePublished\":\"2018-03-19T17:21:31+00:00\",\"dateModified\":\"2025-11-03T14:48:18+00:00\",\"breadcrumb\":{\"@id\":\"https:\\\/\\\/ccea-ccae.org\\\/workshops-agms\\\/#breadcrumb\"},\"inLanguage\":\"fr-CA\",\"potentialAction\":[{\"@type\":\"ReadAction\",\"target\":[\"https:\\\/\\\/ccea-ccae.org\\\/workshops-agms\\\/\"]}]},{\"@type\":\"BreadcrumbList\",\"@id\":\"https:\\\/\\\/ccea-ccae.org\\\/workshops-agms\\\/#breadcrumb\",\"itemListElement\":[{\"@type\":\"ListItem\",\"position\":1,\"name\":\"Home\",\"item\":\"https:\\\/\\\/ccea-ccae.org\\\/\"},{\"@type\":\"ListItem\",\"position\":2,\"name\":\"Workshops &#038; AGMs\"}]},{\"@type\":\"WebSite\",\"@id\":\"https:\\\/\\\/ccea-ccae.org\\\/#website\",\"url\":\"https:\\\/\\\/ccea-ccae.org\\\/\",\"name\":\"CCEA-CCAE\",\"description\":\"Helping Canadians establish and  manage protected ecological areas\",\"publisher\":{\"@id\":\"https:\\\/\\\/ccea-ccae.org\\\/#organization\"},\"potentialAction\":[{\"@type\":\"SearchAction\",\"target\":{\"@type\":\"EntryPoint\",\"urlTemplate\":\"https:\\\/\\\/ccea-ccae.org\\\/?s={search_term_string}\"},\"query-input\":{\"@type\":\"PropertyValueSpecification\",\"valueRequired\":true,\"valueName\":\"search_term_string\"}}],\"inLanguage\":\"fr-CA\"},{\"@type\":\"Organization\",\"@id\":\"https:\\\/\\\/ccea-ccae.org\\\/#organization\",\"name\":\"CCEA-CCAE\",\"url\":\"https:\\\/\\\/ccea-ccae.org\\\/\",\"logo\":{\"@type\":\"ImageObject\",\"inLanguage\":\"fr-CA\",\"@id\":\"https:\\\/\\\/ccea-ccae.org\\\/#\\\/schema\\\/logo\\\/image\\\/\",\"url\":\"https:\\\/\\\/ccea-ccae.org\\\/wp-content\\\/uploads\\\/2014\\\/05\\\/header_CCEA.png\",\"contentUrl\":\"https:\\\/\\\/ccea-ccae.org\\\/wp-content\\\/uploads\\\/2014\\\/05\\\/header_CCEA.png\",\"width\":164,\"height\":57,\"caption\":\"CCEA-CCAE\"},\"image\":{\"@id\":\"https:\\\/\\\/ccea-ccae.org\\\/#\\\/schema\\\/logo\\\/image\\\/\"}}]}<\/script>\n<!-- \/ Yoast SEO plugin. -->","yoast_head_json":{"title":"Workshops & AGMs | CCEA-CCAE","robots":{"index":"index","follow":"follow","max-snippet":"max-snippet:-1","max-image-preview":"max-image-preview:large","max-video-preview":"max-video-preview:-1"},"canonical":"https:\/\/ccea-ccae.org\/fr\/workshops-agms\/","og_locale":"fr_CA","og_type":"article","og_title":"Workshops & AGMs | CCEA-CCAE","og_description":"Workshops &#038; AGMs 2024 &#8211; Sustainable Conservation Financing in Canada: A National Workshop with a Special Focus on Protected and Conserved Areas 2019 &#8211; CCEA\/Pathway training for screening of areas contributing to Canada Target 1 2018 &#8211; Conservation planning 2017 &#8211; Reporting on Conservation &#8211; Key Biodiversity Areas and Ecosystem Services 2016 (Part 2)- Achieving [&hellip;]","og_url":"https:\/\/ccea-ccae.org\/fr\/workshops-agms\/","og_site_name":"CCEA-CCAE","article_modified_time":"2025-11-03T14:48:18+00:00","twitter_card":"summary_large_image","twitter_misc":{"Estimation du temps de lecture":"2 minutes"},"schema":{"@context":"https:\/\/schema.org","@graph":[{"@type":"WebPage","@id":"https:\/\/ccea-ccae.org\/workshops-agms\/","url":"https:\/\/ccea-ccae.org\/workshops-agms\/","name":"Workshops & AGMs | CCEA-CCAE","isPartOf":{"@id":"https:\/\/ccea-ccae.org\/#website"},"datePublished":"2018-03-19T17:21:31+00:00","dateModified":"2025-11-03T14:48:18+00:00","breadcrumb":{"@id":"https:\/\/ccea-ccae.org\/workshops-agms\/#breadcrumb"},"inLanguage":"fr-CA","potentialAction":[{"@type":"ReadAction","target":["https:\/\/ccea-ccae.org\/workshops-agms\/"]}]},{"@type":"BreadcrumbList","@id":"https:\/\/ccea-ccae.org\/workshops-agms\/#breadcrumb","itemListElement":[{"@type":"ListItem","position":1,"name":"Home","item":"https:\/\/ccea-ccae.org\/"},{"@type":"ListItem","position":2,"name":"Workshops &#038; AGMs"}]},{"@type":"WebSite","@id":"https:\/\/ccea-ccae.org\/#website","url":"https:\/\/ccea-ccae.org\/","name":"CCAE-CCEA","description":"Aider les Canadiens \u00e0 \u00e9tablir et \u00e0 g\u00e9rer des aires \u00e9cologiques prot\u00e9g\u00e9es","publisher":{"@id":"https:\/\/ccea-ccae.org\/#organization"},"potentialAction":[{"@type":"SearchAction","target":{"@type":"EntryPoint","urlTemplate":"https:\/\/ccea-ccae.org\/?s={search_term_string}"},"query-input":{"@type":"PropertyValueSpecification","valueRequired":true,"valueName":"search_term_string"}}],"inLanguage":"fr-CA"},{"@type":"Organization","@id":"https:\/\/ccea-ccae.org\/#organization","name":"CCAE-CCEA","url":"https:\/\/ccea-ccae.org\/","logo":{"@type":"ImageObject","inLanguage":"fr-CA","@id":"https:\/\/ccea-ccae.org\/#\/schema\/logo\/image\/","url":"https:\/\/ccea-ccae.org\/wp-content\/uploads\/2014\/05\/header_CCEA.png","contentUrl":"https:\/\/ccea-ccae.org\/wp-content\/uploads\/2014\/05\/header_CCEA.png","width":164,"height":57,"caption":"CCEA-CCAE"},"image":{"@id":"https:\/\/ccea-ccae.org\/#\/schema\/logo\/image\/"}}]}},"_links":{"self":[{"href":"https:\/\/ccea-ccae.org\/fr\/wp-json\/wp\/v2\/pages\/2975","targetHints":{"allow":["GET"]}}],"collection":[{"href":"https:\/\/ccea-ccae.org\/fr\/wp-json\/wp\/v2\/pages"}],"about":[{"href":"https:\/\/ccea-ccae.org\/fr\/wp-json\/wp\/v2\/types\/page"}],"author":[{"embeddable":true,"href":"https:\/\/ccea-ccae.org\/fr\/wp-json\/wp\/v2\/users\/1"}],"replies":[{"embeddable":true,"href":"https:\/\/ccea-ccae.org\/fr\/wp-json\/wp\/v2\/comments?post=2975"}],"version-history":[{"count":21,"href":"https:\/\/ccea-ccae.org\/fr\/wp-json\/wp\/v2\/pages\/2975\/revisions"}],"predecessor-version":[{"id":6908,"href":"https:\/\/ccea-ccae.org\/fr\/wp-json\/wp\/v2\/pages\/2975\/revisions\/6908"}],"wp:attachment":[{"href":"https:\/\/ccea-ccae.org\/fr\/wp-json\/wp\/v2\/media?parent=2975"}],"curies":[{"name":"wp","href":"https:\/\/api.w.org\/{rel}","templated":true}]}}