{"id":3,"date":"2020-06-18T13:21:25","date_gmt":"2020-06-18T13:21:25","guid":{"rendered":"https:\/\/ccea-ccae.org\/?page_id=3"},"modified":"2022-10-18T15:01:44","modified_gmt":"2022-10-18T19:01:44","slug":"privacy-policy","status":"publish","type":"page","link":"https:\/\/ccea-ccae.org\/fr\/privacy-policy\/","title":{"rendered":"Privacy Policy"},"content":{"rendered":"<div data-elementor-type=\"wp-page\" data-elementor-id=\"3\" class=\"elementor elementor-3\">\n\t\t\t\t\t\t<section class=\"elementor-section elementor-top-section elementor-element elementor-element-7c526beb elementor-section-boxed elementor-section-height-default elementor-section-height-default\" data-id=\"7c526beb\" data-element_type=\"section\" data-e-type=\"section\">\n\t\t\t\t\t\t<div class=\"elementor-container elementor-column-gap-default\">\n\t\t\t\t\t<div class=\"elementor-column elementor-col-100 elementor-top-column elementor-element elementor-element-64166365\" data-id=\"64166365\" data-element_type=\"column\" data-e-type=\"column\">\n\t\t\t<div class=\"elementor-widget-wrap elementor-element-populated\">\n\t\t\t\t\t\t<div class=\"elementor-element elementor-element-6f9d63b1 elementor-widget elementor-widget-page-title\" data-id=\"6f9d63b1\" data-element_type=\"widget\" data-e-type=\"widget\" data-widget_type=\"page-title.default\">\n\t\t\t\t<div class=\"elementor-widget-container\">\n\t\t\t\t\t\t\t\n\t\t<div class=\"hfe-page-title hfe-page-title-wrapper elementor-widget-heading\">\n\n\t\t\t\t\t\t\t\t\t\t\t<a href=\"https:\/\/ccea-ccae.org\/fr\">\n\t\t\t\t\t\t<h2 class=\"elementor-heading-title elementor-size-default\">\n\t\t\t\t\t\t\t\t\n\t\t\t\tPrivacy Policy  \n\t\t\t<\/h2> \n\t\t\t\t\t\t\t\t\t<\/a>\n\t\t\t\t\t<\/div>\n\t\t\t\t\t\t<\/div>\n\t\t\t\t<\/div>\n\t\t\t\t\t<\/div>\n\t\t<\/div>\n\t\t\t\t\t<\/div>\n\t\t<\/section>\n\t\t\t\t<section class=\"elementor-section elementor-top-section elementor-element elementor-element-71a91a22 elementor-section-boxed elementor-section-height-default elementor-section-height-default\" data-id=\"71a91a22\" data-element_type=\"section\" data-e-type=\"section\">\n\t\t\t\t\t\t<div class=\"elementor-container elementor-column-gap-default\">\n\t\t\t\t\t<div class=\"elementor-column elementor-col-100 elementor-top-column elementor-element elementor-element-6f2dabef\" data-id=\"6f2dabef\" data-element_type=\"column\" data-e-type=\"column\">\n\t\t\t<div class=\"elementor-widget-wrap elementor-element-populated\">\n\t\t\t\t\t\t<div class=\"elementor-element elementor-element-71655621 elementor-widget elementor-widget-text-editor\" data-id=\"71655621\" data-element_type=\"widget\" data-e-type=\"widget\" data-widget_type=\"text-editor.default\">\n\t\t\t\t<div class=\"elementor-widget-container\">\n\t\t\t\t\t\t\t\t\t<p><\/p>\n<div class=\"elementor-element elementor-element-5e452afe elementor-widget elementor-widget-text-editor\" data-id=\"5e452afe\" data-element_type=\"widget\" data-widget_type=\"text-editor.default\">\n<div class=\"elementor-widget-container\">\n<h3 class=\"wp-block-heading\"><span style=\"font-size: 1.66667rem; font-weight: 400;\">MEDIA<\/span><\/h3>\n<p>If you upload images to the website, you should avoid uploading images with embedded location data (EXIF GPS) included. Visitors to the website can download and extract any location data from images on the website.<\/p>\n<h3>COOKIES<\/h3>\n<p>If you visit our login page, we will set a temporary cookie to determine if your browser accepts cookies. This cookie contains no personal data and is discarded when you close your browser.<\/p>\n<h3>EMBEDDED CONTENT FROM OTHER WEBSITES<\/h3>\n<p>Articles on this site may include embedded content (e.g. videos, images, articles, etc.). Embedded content from other websites behaves in the exact same way as if the visitor has visited the other website.<\/p>\n<p>These websites may collect data about you, use cookies, embed additional third-party tracking, and monitor your interaction with that embedded content, including tracking your interaction with the embedded content if you have an account and are logged in to that website.<\/p>\n<h3>WHO WE SHARE YOUR DATA WITH<\/h3>\n<p>We do not share your\u00a0information with any individual or\u00a0organization outside of Lise Allin Insurance.<\/p>\n<h3>WHAT RIGHTS YOU HAVE OVER YOUR DATA<\/h3>\n<p>If you have an account on this site, or have left comments, you can request to receive an exported file of the personal data we hold about you, including any data you have provided to us. You can also request that we erase any personal data we hold about you. This does not include any data we are obliged to keep for administrative, legal, or security purposes.<\/p>\n<p>If you have any question about our Privacy Policy please contact us at:<\/p>\n<\/div>\n<\/div>\n<div class=\"elementor-element elementor-element-260d464a elementor-align-left elementor-icon-list--layout-traditional elementor-list-item-link-full_width elementor-widget elementor-widget-icon-list\" data-id=\"260d464a\" data-element_type=\"widget\" data-widget_type=\"icon-list.default\">\n<div class=\"elementor-widget-container\">\n<ul class=\"elementor-icon-list-items\">\n<li class=\"elementor-icon-list-item\">ccea-ccae@gmail.com<\/li>\n<\/ul>\n<\/div>\n<\/div>\n<p><\/p>\t\t\t\t\t\t\t\t<\/div>\n\t\t\t\t<\/div>\n\t\t\t\t\t<\/div>\n\t\t<\/div>\n\t\t\t\t\t<\/div>\n\t\t<\/section>\n\t\t\t\t<\/div>","protected":false},"excerpt":{"rendered":"<p>Privacy Policy MEDIA If you upload images to the website, you should avoid uploading images with embedded location data (EXIF GPS) included. Visitors to the website can download and extract any location data from images on the website. COOKIES If you visit our login page, we will set a temporary cookie to determine if your [&hellip;]<\/p>\n","protected":false},"author":1,"featured_media":0,"parent":0,"menu_order":0,"comment_status":"closed","ping_status":"open","template":"elementor_header_footer","meta":{"_monsterinsights_skip_tracking":false,"_monsterinsights_sitenote_active":false,"_monsterinsights_sitenote_note":"","_monsterinsights_sitenote_category":0,"site-sidebar-layout":"default","site-content-layout":"","ast-site-content-layout":"default","site-content-style":"default","site-sidebar-style":"default","ast-global-header-display":"","ast-banner-title-visibility":"","ast-main-header-display":"","ast-hfb-above-header-display":"","ast-hfb-below-header-display":"","ast-hfb-mobile-header-display":"","site-post-title":"","ast-breadcrumbs-content":"","ast-featured-img":"","footer-sml-layout":"","ast-disable-related-posts":"","theme-transparent-header-meta":"","adv-header-id-meta":"","stick-header-meta":"","header-above-stick-meta":"","header-main-stick-meta":"","header-below-stick-meta":"","astra-migrate-meta-layouts":"default","ast-page-background-enabled":"default","ast-page-background-meta":{"desktop":{"background-color":"","background-image":"","background-repeat":"repeat","background-position":"center center","background-size":"auto","background-attachment":"scroll","background-type":"","background-media":"","overlay-type":"","overlay-color":"","overlay-opacity":"","overlay-gradient":""},"tablet":{"background-color":"","background-image":"","background-repeat":"repeat","background-position":"center center","background-size":"auto","background-attachment":"scroll","background-type":"","background-media":"","overlay-type":"","overlay-color":"","overlay-opacity":"","overlay-gradient":""},"mobile":{"background-color":"","background-image":"","background-repeat":"repeat","background-position":"center center","background-size":"auto","background-attachment":"scroll","background-type":"","background-media":"","overlay-type":"","overlay-color":"","overlay-opacity":"","overlay-gradient":""}},"ast-content-background-meta":{"desktop":{"background-color":"var(--ast-global-color-5)","background-image":"","background-repeat":"repeat","background-position":"center center","background-size":"auto","background-attachment":"scroll","background-type":"","background-media":"","overlay-type":"","overlay-color":"","overlay-opacity":"","overlay-gradient":""},"tablet":{"background-color":"var(--ast-global-color-5)","background-image":"","background-repeat":"repeat","background-position":"center center","background-size":"auto","background-attachment":"scroll","background-type":"","background-media":"","overlay-type":"","overlay-color":"","overlay-opacity":"","overlay-gradient":""},"mobile":{"background-color":"var(--ast-global-color-5)","background-image":"","background-repeat":"repeat","background-position":"center center","background-size":"auto","background-attachment":"scroll","background-type":"","background-media":"","overlay-type":"","overlay-color":"","overlay-opacity":"","overlay-gradient":""}},"footnotes":""},"class_list":["post-3","page","type-page","status-publish","hentry"],"yoast_head":"<!-- This site is optimized with the Yoast SEO plugin v27.4 - https:\/\/yoast.com\/product\/yoast-seo-wordpress\/ -->\n<title>Privacy Policy | CCEA-CCAE<\/title>\n<meta name=\"robots\" content=\"index, follow, max-snippet:-1, max-image-preview:large, max-video-preview:-1\" \/>\n<link rel=\"canonical\" href=\"https:\/\/ccea-ccae.org\/fr\/privacy-policy\/\" \/>\n<meta property=\"og:locale\" content=\"fr_CA\" \/>\n<meta property=\"og:type\" content=\"article\" \/>\n<meta property=\"og:title\" content=\"Privacy Policy | CCEA-CCAE\" \/>\n<meta property=\"og:description\" content=\"Privacy Policy MEDIA If you upload images to the website, you should avoid uploading images with embedded location data (EXIF GPS) included. Visitors to the website can download and extract any location data from images on the website. COOKIES If you visit our login page, we will set a temporary cookie to determine if your [&hellip;]\" \/>\n<meta property=\"og:url\" content=\"https:\/\/ccea-ccae.org\/fr\/privacy-policy\/\" \/>\n<meta property=\"og:site_name\" content=\"CCEA-CCAE\" \/>\n<meta property=\"article:modified_time\" content=\"2022-10-18T19:01:44+00:00\" \/>\n<meta name=\"twitter:card\" content=\"summary_large_image\" \/>\n<meta name=\"twitter:label1\" content=\"Estimation du temps de lecture\" \/>\n\t<meta name=\"twitter:data1\" content=\"1 minute\" \/>\n<script type=\"application\/ld+json\" class=\"yoast-schema-graph\">{\"@context\":\"https:\\\/\\\/schema.org\",\"@graph\":[{\"@type\":\"WebPage\",\"@id\":\"https:\\\/\\\/ccea-ccae.org\\\/privacy-policy\\\/\",\"url\":\"https:\\\/\\\/ccea-ccae.org\\\/privacy-policy\\\/\",\"name\":\"Privacy Policy | CCEA-CCAE\",\"isPartOf\":{\"@id\":\"https:\\\/\\\/ccea-ccae.org\\\/#website\"},\"datePublished\":\"2020-06-18T13:21:25+00:00\",\"dateModified\":\"2022-10-18T19:01:44+00:00\",\"breadcrumb\":{\"@id\":\"https:\\\/\\\/ccea-ccae.org\\\/privacy-policy\\\/#breadcrumb\"},\"inLanguage\":\"fr-CA\",\"potentialAction\":[{\"@type\":\"ReadAction\",\"target\":[\"https:\\\/\\\/ccea-ccae.org\\\/privacy-policy\\\/\"]}]},{\"@type\":\"BreadcrumbList\",\"@id\":\"https:\\\/\\\/ccea-ccae.org\\\/privacy-policy\\\/#breadcrumb\",\"itemListElement\":[{\"@type\":\"ListItem\",\"position\":1,\"name\":\"Home\",\"item\":\"https:\\\/\\\/ccea-ccae.org\\\/\"},{\"@type\":\"ListItem\",\"position\":2,\"name\":\"Privacy Policy\"}]},{\"@type\":\"WebSite\",\"@id\":\"https:\\\/\\\/ccea-ccae.org\\\/#website\",\"url\":\"https:\\\/\\\/ccea-ccae.org\\\/\",\"name\":\"CCEA-CCAE\",\"description\":\"Helping Canadians establish and  manage protected ecological areas\",\"publisher\":{\"@id\":\"https:\\\/\\\/ccea-ccae.org\\\/#organization\"},\"potentialAction\":[{\"@type\":\"SearchAction\",\"target\":{\"@type\":\"EntryPoint\",\"urlTemplate\":\"https:\\\/\\\/ccea-ccae.org\\\/?s={search_term_string}\"},\"query-input\":{\"@type\":\"PropertyValueSpecification\",\"valueRequired\":true,\"valueName\":\"search_term_string\"}}],\"inLanguage\":\"fr-CA\"},{\"@type\":\"Organization\",\"@id\":\"https:\\\/\\\/ccea-ccae.org\\\/#organization\",\"name\":\"CCEA-CCAE\",\"url\":\"https:\\\/\\\/ccea-ccae.org\\\/\",\"logo\":{\"@type\":\"ImageObject\",\"inLanguage\":\"fr-CA\",\"@id\":\"https:\\\/\\\/ccea-ccae.org\\\/#\\\/schema\\\/logo\\\/image\\\/\",\"url\":\"https:\\\/\\\/ccea-ccae.org\\\/wp-content\\\/uploads\\\/2014\\\/05\\\/header_CCEA.png\",\"contentUrl\":\"https:\\\/\\\/ccea-ccae.org\\\/wp-content\\\/uploads\\\/2014\\\/05\\\/header_CCEA.png\",\"width\":164,\"height\":57,\"caption\":\"CCEA-CCAE\"},\"image\":{\"@id\":\"https:\\\/\\\/ccea-ccae.org\\\/#\\\/schema\\\/logo\\\/image\\\/\"}}]}<\/script>\n<!-- \/ Yoast SEO plugin. -->","yoast_head_json":{"title":"Privacy Policy | CCEA-CCAE","robots":{"index":"index","follow":"follow","max-snippet":"max-snippet:-1","max-image-preview":"max-image-preview:large","max-video-preview":"max-video-preview:-1"},"canonical":"https:\/\/ccea-ccae.org\/fr\/privacy-policy\/","og_locale":"fr_CA","og_type":"article","og_title":"Privacy Policy | CCEA-CCAE","og_description":"Privacy Policy MEDIA If you upload images to the website, you should avoid uploading images with embedded location data (EXIF GPS) included. Visitors to the website can download and extract any location data from images on the website. COOKIES If you visit our login page, we will set a temporary cookie to determine if your [&hellip;]","og_url":"https:\/\/ccea-ccae.org\/fr\/privacy-policy\/","og_site_name":"CCEA-CCAE","article_modified_time":"2022-10-18T19:01:44+00:00","twitter_card":"summary_large_image","twitter_misc":{"Estimation du temps de lecture":"1 minute"},"schema":{"@context":"https:\/\/schema.org","@graph":[{"@type":"WebPage","@id":"https:\/\/ccea-ccae.org\/privacy-policy\/","url":"https:\/\/ccea-ccae.org\/privacy-policy\/","name":"Privacy Policy | CCEA-CCAE","isPartOf":{"@id":"https:\/\/ccea-ccae.org\/#website"},"datePublished":"2020-06-18T13:21:25+00:00","dateModified":"2022-10-18T19:01:44+00:00","breadcrumb":{"@id":"https:\/\/ccea-ccae.org\/privacy-policy\/#breadcrumb"},"inLanguage":"fr-CA","potentialAction":[{"@type":"ReadAction","target":["https:\/\/ccea-ccae.org\/privacy-policy\/"]}]},{"@type":"BreadcrumbList","@id":"https:\/\/ccea-ccae.org\/privacy-policy\/#breadcrumb","itemListElement":[{"@type":"ListItem","position":1,"name":"Home","item":"https:\/\/ccea-ccae.org\/"},{"@type":"ListItem","position":2,"name":"Privacy Policy"}]},{"@type":"WebSite","@id":"https:\/\/ccea-ccae.org\/#website","url":"https:\/\/ccea-ccae.org\/","name":"CCAE-CCEA","description":"Aider les Canadiens \u00e0 \u00e9tablir et \u00e0 g\u00e9rer des aires \u00e9cologiques prot\u00e9g\u00e9es","publisher":{"@id":"https:\/\/ccea-ccae.org\/#organization"},"potentialAction":[{"@type":"SearchAction","target":{"@type":"EntryPoint","urlTemplate":"https:\/\/ccea-ccae.org\/?s={search_term_string}"},"query-input":{"@type":"PropertyValueSpecification","valueRequired":true,"valueName":"search_term_string"}}],"inLanguage":"fr-CA"},{"@type":"Organization","@id":"https:\/\/ccea-ccae.org\/#organization","name":"CCAE-CCEA","url":"https:\/\/ccea-ccae.org\/","logo":{"@type":"ImageObject","inLanguage":"fr-CA","@id":"https:\/\/ccea-ccae.org\/#\/schema\/logo\/image\/","url":"https:\/\/ccea-ccae.org\/wp-content\/uploads\/2014\/05\/header_CCEA.png","contentUrl":"https:\/\/ccea-ccae.org\/wp-content\/uploads\/2014\/05\/header_CCEA.png","width":164,"height":57,"caption":"CCEA-CCAE"},"image":{"@id":"https:\/\/ccea-ccae.org\/#\/schema\/logo\/image\/"}}]}},"_links":{"self":[{"href":"https:\/\/ccea-ccae.org\/fr\/wp-json\/wp\/v2\/pages\/3","targetHints":{"allow":["GET"]}}],"collection":[{"href":"https:\/\/ccea-ccae.org\/fr\/wp-json\/wp\/v2\/pages"}],"about":[{"href":"https:\/\/ccea-ccae.org\/fr\/wp-json\/wp\/v2\/types\/page"}],"author":[{"embeddable":true,"href":"https:\/\/ccea-ccae.org\/fr\/wp-json\/wp\/v2\/users\/1"}],"replies":[{"embeddable":true,"href":"https:\/\/ccea-ccae.org\/fr\/wp-json\/wp\/v2\/comments?post=3"}],"version-history":[{"count":4,"href":"https:\/\/ccea-ccae.org\/fr\/wp-json\/wp\/v2\/pages\/3\/revisions"}],"predecessor-version":[{"id":6432,"href":"https:\/\/ccea-ccae.org\/fr\/wp-json\/wp\/v2\/pages\/3\/revisions\/6432"}],"wp:attachment":[{"href":"https:\/\/ccea-ccae.org\/fr\/wp-json\/wp\/v2\/media?parent=3"}],"curies":[{"name":"wp","href":"https:\/\/api.w.org\/{rel}","templated":true}]}}