{"id":5704,"date":"2020-12-22T18:26:15","date_gmt":"2020-12-22T22:26:15","guid":{"rendered":"https:\/\/ccea-ccae.org\/?page_id=5704"},"modified":"2020-12-29T11:24:32","modified_gmt":"2020-12-29T15:24:32","slug":"strategic-plan-2020-2030","status":"publish","type":"page","link":"https:\/\/ccea-ccae.org\/fr\/strategic-plan-2020-2030\/","title":{"rendered":"Cadre strat\u00e9gique 2020-2030"},"content":{"rendered":"<div data-elementor-type=\"wp-page\" data-elementor-id=\"5704\" class=\"elementor elementor-5704\">\n\t\t\t\t\t\t<section class=\"elementor-section elementor-top-section elementor-element elementor-element-7206c803 elementor-section-boxed elementor-section-height-default elementor-section-height-default\" data-id=\"7206c803\" data-element_type=\"section\" data-e-type=\"section\">\n\t\t\t\t\t\t<div class=\"elementor-container elementor-column-gap-default\">\n\t\t\t\t\t<div class=\"elementor-column elementor-col-100 elementor-top-column elementor-element elementor-element-2854fbbd\" data-id=\"2854fbbd\" data-element_type=\"column\" data-e-type=\"column\">\n\t\t\t<div class=\"elementor-widget-wrap elementor-element-populated\">\n\t\t\t\t\t\t<div class=\"elementor-element elementor-element-1a0d76dd elementor-widget elementor-widget-page-title\" data-id=\"1a0d76dd\" data-element_type=\"widget\" data-e-type=\"widget\" data-widget_type=\"page-title.default\">\n\t\t\t\t<div class=\"elementor-widget-container\">\n\t\t\t\t\t\t\t\n\t\t<div class=\"hfe-page-title hfe-page-title-wrapper elementor-widget-heading\">\n\n\t\t\t\t\t\t\t\t\t\t\t<a href=\"https:\/\/ccea-ccae.org\/fr\">\n\t\t\t\t\t\t<h2 class=\"elementor-heading-title elementor-size-default\">\n\t\t\t\t\t\t\t\t\n\t\t\t\tCadre strat\u00e9gique 2020-2030  \n\t\t\t<\/h2> \n\t\t\t\t\t\t\t\t\t<\/a>\n\t\t\t\t\t<\/div>\n\t\t\t\t\t\t<\/div>\n\t\t\t\t<\/div>\n\t\t\t\t\t<\/div>\n\t\t<\/div>\n\t\t\t\t\t<\/div>\n\t\t<\/section>\n\t\t\t\t<section class=\"elementor-section elementor-top-section elementor-element elementor-element-2848b587 elementor-section-boxed elementor-section-height-default elementor-section-height-default\" data-id=\"2848b587\" data-element_type=\"section\" data-e-type=\"section\">\n\t\t\t\t\t\t<div class=\"elementor-container elementor-column-gap-default\">\n\t\t\t\t\t<div class=\"elementor-column elementor-col-50 elementor-top-column elementor-element elementor-element-16259705\" data-id=\"16259705\" data-element_type=\"column\" data-e-type=\"column\" data-settings=\"{&quot;background_background&quot;:&quot;gradient&quot;}\">\n\t\t\t<div class=\"elementor-widget-wrap elementor-element-populated\">\n\t\t\t\t\t\t<div class=\"elementor-element elementor-element-7b43d48c elementor-widget elementor-widget-spacer\" data-id=\"7b43d48c\" data-element_type=\"widget\" data-e-type=\"widget\" data-widget_type=\"spacer.default\">\n\t\t\t\t<div class=\"elementor-widget-container\">\n\t\t\t\t\t\t\t<div class=\"elementor-spacer\">\n\t\t\t<div class=\"elementor-spacer-inner\"><\/div>\n\t\t<\/div>\n\t\t\t\t\t\t<\/div>\n\t\t\t\t<\/div>\n\t\t\t\t<div class=\"elementor-element elementor-element-3adf953 elementor-align-center elementor-widget elementor-widget-button\" data-id=\"3adf953\" data-element_type=\"widget\" data-e-type=\"widget\" data-widget_type=\"button.default\">\n\t\t\t\t<div class=\"elementor-widget-container\">\n\t\t\t\t\t\t\t\t\t<div class=\"elementor-button-wrapper\">\n\t\t\t\t\t<a class=\"elementor-button elementor-button-link elementor-size-sm\" href=\"https:\/\/ccea-ccae.org\/wp-content\/uploads\/2020\/12\/2020-2030-Strategic-Framework_French.pdf\">\n\t\t\t\t\t\t<span class=\"elementor-button-content-wrapper\">\n\t\t\t\t\t\t\t\t\t<span class=\"elementor-button-text\">Cadre strat\u00e9gique 2020-2030<\/span>\n\t\t\t\t\t<\/span>\n\t\t\t\t\t<\/a>\n\t\t\t\t<\/div>\n\t\t\t\t\t\t\t\t<\/div>\n\t\t\t\t<\/div>\n\t\t\t\t\t<\/div>\n\t\t<\/div>\n\t\t\t\t<div class=\"elementor-column elementor-col-50 elementor-top-column elementor-element elementor-element-6546df07\" data-id=\"6546df07\" data-element_type=\"column\" data-e-type=\"column\">\n\t\t\t<div class=\"elementor-widget-wrap elementor-element-populated\">\n\t\t\t\t\t\t<div class=\"elementor-element elementor-element-5a7ffd71 elementor-widget elementor-widget-text-editor\" data-id=\"5a7ffd71\" data-element_type=\"widget\" data-e-type=\"widget\" data-widget_type=\"text-editor.default\">\n\t\t\t\t<div class=\"elementor-widget-container\">\n\t\t\t\t\t\t\t\t\t<p>Le Conseil canadien des aires \u00e9cologiques (CCAE) est un chef de file national dans la fourniture de conseils fond\u00e9s sur des donn\u00e9es probantes pour l\u2019\u00e9tablissement et la gestion d\u2019un r\u00e9seau complet d\u2019aires \u00e9cologiques afin de contribuer \u00e0 la conservation et \u00e0 la restauration de la biodiversit\u00e9 et des avantages sociaux et \u00e9cologiques qu\u2019elle procure.<span class=\"Apple-converted-space\">\u00a0 <\/span>Le CCAE rassemble des experts de partout au pays, notamment des gouvernements f\u00e9d\u00e9ral, provinciaux et territoriaux, des peuples et organisations autochtones, des universit\u00e9s, des organisations non gouvernementales et d\u2019autres experts, afin de favoriser la compr\u00e9hension des probl\u00e8mes contemporains de politique, de planification et de gestion affectant les zones \u00e9cologiques, et de promouvoir les synergies et la coordination dans l\u2019\u00e9laboration d\u2019orientations neutres et ax\u00e9es sur les solutions.<span class=\"Apple-converted-space\">\u00a0<\/span><\/p><p>Ce cadre strat\u00e9gique, comprenant un \u00e9nonc\u00e9 de mission et des objectifs mesurables, sert de guide pour le travail du CCAE et repr\u00e9sente un moyen transparent sur lequel les progr\u00e8s peuvent \u00eatre \u00e9valu\u00e9s. Le Conseil d\u2019administration du CCAE utilisera ce cadre de mani\u00e8re flexible et adaptable pour \u00e9laborer des plans de travail annuels d\u00e9taill\u00e9s et les r\u00e9sultats associ\u00e9s entre 2020 et 2030.<span class=\"Apple-converted-space\">\u00a0 \u00a0<\/span><\/p><p>Le travail du CCAE au cours des 10 prochaines ann\u00e9es sera important pour atteindre les buts et objectifs \u00e9nonc\u00e9s dans la lettre de mandat 2019 du ministre de l\u2019Environnement et du Changement climatique.<span class=\"Apple-converted-space\">\u00a0 <\/span>La lettre de mandat met fortement l\u2019accent sur l\u2019expansion g\u00e9n\u00e9ralis\u00e9e des aires prot\u00e9g\u00e9es au Canada gr\u00e2ce \u00e0 l\u2019utilisation de la science et d\u2019autres formes de connaissances.<\/p>\t\t\t\t\t\t\t\t<\/div>\n\t\t\t\t<\/div>\n\t\t\t\t\t<\/div>\n\t\t<\/div>\n\t\t\t\t\t<\/div>\n\t\t<\/section>\n\t\t\t\t<\/div>","protected":false},"excerpt":{"rendered":"<p>Strategic Plan 2020-2030 2020-2030 Strategic framework The Canadian Council on Ecological Areas (CCEA) is a national leader in providing evidence-based guidance in the establishment and management of a comprehensive network of ecological areas to contribute to the conservation and restoration of biodiversity and the social and ecological benefits it provides.&nbsp; The CCEA brings together experts [&hellip;]<\/p>\n","protected":false},"author":1,"featured_media":4431,"parent":0,"menu_order":0,"comment_status":"closed","ping_status":"closed","template":"elementor_header_footer","meta":{"_monsterinsights_skip_tracking":false,"_monsterinsights_sitenote_active":false,"_monsterinsights_sitenote_note":"","_monsterinsights_sitenote_category":0,"site-sidebar-layout":"no-sidebar","site-content-layout":"page-builder","ast-site-content-layout":"default","site-content-style":"default","site-sidebar-style":"default","ast-global-header-display":"","ast-banner-title-visibility":"","ast-main-header-display":"","ast-hfb-above-header-display":"","ast-hfb-below-header-display":"","ast-hfb-mobile-header-display":"","site-post-title":"disabled","ast-breadcrumbs-content":"disabled","ast-featured-img":"disabled","footer-sml-layout":"","ast-disable-related-posts":"","theme-transparent-header-meta":"default","adv-header-id-meta":"","stick-header-meta":"","header-above-stick-meta":"","header-main-stick-meta":"","header-below-stick-meta":"","astra-migrate-meta-layouts":"default","ast-page-background-enabled":"default","ast-page-background-meta":{"desktop":{"background-color":"","background-image":"","background-repeat":"repeat","background-position":"center center","background-size":"auto","background-attachment":"scroll","background-type":"","background-media":"","overlay-type":"","overlay-color":"","overlay-opacity":"","overlay-gradient":""},"tablet":{"background-color":"","background-image":"","background-repeat":"repeat","background-position":"center center","background-size":"auto","background-attachment":"scroll","background-type":"","background-media":"","overlay-type":"","overlay-color":"","overlay-opacity":"","overlay-gradient":""},"mobile":{"background-color":"","background-image":"","background-repeat":"repeat","background-position":"center center","background-size":"auto","background-attachment":"scroll","background-type":"","background-media":"","overlay-type":"","overlay-color":"","overlay-opacity":"","overlay-gradient":""}},"ast-content-background-meta":{"desktop":{"background-color":"var(--ast-global-color-5)","background-image":"","background-repeat":"repeat","background-position":"center center","background-size":"auto","background-attachment":"scroll","background-type":"","background-media":"","overlay-type":"","overlay-color":"","overlay-opacity":"","overlay-gradient":""},"tablet":{"background-color":"var(--ast-global-color-5)","background-image":"","background-repeat":"repeat","background-position":"center center","background-size":"auto","background-attachment":"scroll","background-type":"","background-media":"","overlay-type":"","overlay-color":"","overlay-opacity":"","overlay-gradient":""},"mobile":{"background-color":"var(--ast-global-color-5)","background-image":"","background-repeat":"repeat","background-position":"center center","background-size":"auto","background-attachment":"scroll","background-type":"","background-media":"","overlay-type":"","overlay-color":"","overlay-opacity":"","overlay-gradient":""}},"footnotes":""},"class_list":["post-5704","page","type-page","status-publish","has-post-thumbnail","hentry"],"yoast_head":"<!-- This site is optimized with the Yoast SEO plugin v27.4 - https:\/\/yoast.com\/product\/yoast-seo-wordpress\/ -->\n<title>2020-2030 Strategic Framework | CCEA-CCAE<\/title>\n<meta name=\"robots\" content=\"index, follow, max-snippet:-1, max-image-preview:large, max-video-preview:-1\" \/>\n<link rel=\"canonical\" href=\"https:\/\/ccea-ccae.org\/fr\/strategic-plan-2020-2030\/\" \/>\n<meta property=\"og:locale\" content=\"fr_CA\" \/>\n<meta property=\"og:type\" content=\"article\" \/>\n<meta property=\"og:title\" content=\"2020-2030 Strategic Framework | CCEA-CCAE\" \/>\n<meta property=\"og:description\" content=\"Strategic Plan 2020-2030 2020-2030 Strategic framework The Canadian Council on Ecological Areas (CCEA) is a national leader in providing evidence-based guidance in the establishment and management of a comprehensive network of ecological areas to contribute to the conservation and restoration of biodiversity and the social and ecological benefits it provides.&nbsp; The CCEA brings together experts [&hellip;]\" \/>\n<meta property=\"og:url\" content=\"https:\/\/ccea-ccae.org\/fr\/strategic-plan-2020-2030\/\" \/>\n<meta property=\"og:site_name\" content=\"CCEA-CCAE\" \/>\n<meta property=\"article:modified_time\" content=\"2020-12-29T15:24:32+00:00\" \/>\n<meta property=\"og:image\" content=\"https:\/\/ccea-ccae.org\/wp-content\/uploads\/2020\/06\/2016_SimpleLogo.png\" \/>\n\t<meta property=\"og:image:width\" content=\"563\" \/>\n\t<meta property=\"og:image:height\" content=\"190\" \/>\n\t<meta property=\"og:image:type\" content=\"image\/png\" \/>\n<meta name=\"twitter:card\" content=\"summary_large_image\" \/>\n<meta name=\"twitter:label1\" content=\"Estimation du temps de lecture\" \/>\n\t<meta name=\"twitter:data1\" content=\"1 minute\" \/>\n<script type=\"application\/ld+json\" class=\"yoast-schema-graph\">{\"@context\":\"https:\\\/\\\/schema.org\",\"@graph\":[{\"@type\":\"WebPage\",\"@id\":\"https:\\\/\\\/ccea-ccae.org\\\/strategic-plan-2020-2030\\\/\",\"url\":\"https:\\\/\\\/ccea-ccae.org\\\/strategic-plan-2020-2030\\\/\",\"name\":\"2020-2030 Strategic Framework | CCEA-CCAE\",\"isPartOf\":{\"@id\":\"https:\\\/\\\/ccea-ccae.org\\\/#website\"},\"primaryImageOfPage\":{\"@id\":\"https:\\\/\\\/ccea-ccae.org\\\/strategic-plan-2020-2030\\\/#primaryimage\"},\"image\":{\"@id\":\"https:\\\/\\\/ccea-ccae.org\\\/strategic-plan-2020-2030\\\/#primaryimage\"},\"thumbnailUrl\":\"https:\\\/\\\/ccea-ccae.org\\\/wp-content\\\/uploads\\\/2020\\\/06\\\/2016_SimpleLogo-e1669821676893.png\",\"datePublished\":\"2020-12-22T22:26:15+00:00\",\"dateModified\":\"2020-12-29T15:24:32+00:00\",\"breadcrumb\":{\"@id\":\"https:\\\/\\\/ccea-ccae.org\\\/strategic-plan-2020-2030\\\/#breadcrumb\"},\"inLanguage\":\"fr-CA\",\"potentialAction\":[{\"@type\":\"ReadAction\",\"target\":[\"https:\\\/\\\/ccea-ccae.org\\\/strategic-plan-2020-2030\\\/\"]}]},{\"@type\":\"ImageObject\",\"inLanguage\":\"fr-CA\",\"@id\":\"https:\\\/\\\/ccea-ccae.org\\\/strategic-plan-2020-2030\\\/#primaryimage\",\"url\":\"https:\\\/\\\/ccea-ccae.org\\\/wp-content\\\/uploads\\\/2020\\\/06\\\/2016_SimpleLogo-e1669821676893.png\",\"contentUrl\":\"https:\\\/\\\/ccea-ccae.org\\\/wp-content\\\/uploads\\\/2020\\\/06\\\/2016_SimpleLogo-e1669821676893.png\",\"width\":300,\"height\":101},{\"@type\":\"BreadcrumbList\",\"@id\":\"https:\\\/\\\/ccea-ccae.org\\\/strategic-plan-2020-2030\\\/#breadcrumb\",\"itemListElement\":[{\"@type\":\"ListItem\",\"position\":1,\"name\":\"Home\",\"item\":\"https:\\\/\\\/ccea-ccae.org\\\/\"},{\"@type\":\"ListItem\",\"position\":2,\"name\":\"2020-2030 Strategic Framework\"}]},{\"@type\":\"WebSite\",\"@id\":\"https:\\\/\\\/ccea-ccae.org\\\/#website\",\"url\":\"https:\\\/\\\/ccea-ccae.org\\\/\",\"name\":\"CCEA-CCAE\",\"description\":\"Helping Canadians establish and  manage protected ecological areas\",\"publisher\":{\"@id\":\"https:\\\/\\\/ccea-ccae.org\\\/#organization\"},\"potentialAction\":[{\"@type\":\"SearchAction\",\"target\":{\"@type\":\"EntryPoint\",\"urlTemplate\":\"https:\\\/\\\/ccea-ccae.org\\\/?s={search_term_string}\"},\"query-input\":{\"@type\":\"PropertyValueSpecification\",\"valueRequired\":true,\"valueName\":\"search_term_string\"}}],\"inLanguage\":\"fr-CA\"},{\"@type\":\"Organization\",\"@id\":\"https:\\\/\\\/ccea-ccae.org\\\/#organization\",\"name\":\"CCEA-CCAE\",\"url\":\"https:\\\/\\\/ccea-ccae.org\\\/\",\"logo\":{\"@type\":\"ImageObject\",\"inLanguage\":\"fr-CA\",\"@id\":\"https:\\\/\\\/ccea-ccae.org\\\/#\\\/schema\\\/logo\\\/image\\\/\",\"url\":\"https:\\\/\\\/ccea-ccae.org\\\/wp-content\\\/uploads\\\/2014\\\/05\\\/header_CCEA.png\",\"contentUrl\":\"https:\\\/\\\/ccea-ccae.org\\\/wp-content\\\/uploads\\\/2014\\\/05\\\/header_CCEA.png\",\"width\":164,\"height\":57,\"caption\":\"CCEA-CCAE\"},\"image\":{\"@id\":\"https:\\\/\\\/ccea-ccae.org\\\/#\\\/schema\\\/logo\\\/image\\\/\"}}]}<\/script>\n<!-- \/ Yoast SEO plugin. -->","yoast_head_json":{"title":"2020-2030 Strategic Framework | CCEA-CCAE","robots":{"index":"index","follow":"follow","max-snippet":"max-snippet:-1","max-image-preview":"max-image-preview:large","max-video-preview":"max-video-preview:-1"},"canonical":"https:\/\/ccea-ccae.org\/fr\/strategic-plan-2020-2030\/","og_locale":"fr_CA","og_type":"article","og_title":"2020-2030 Strategic Framework | CCEA-CCAE","og_description":"Strategic Plan 2020-2030 2020-2030 Strategic framework The Canadian Council on Ecological Areas (CCEA) is a national leader in providing evidence-based guidance in the establishment and management of a comprehensive network of ecological areas to contribute to the conservation and restoration of biodiversity and the social and ecological benefits it provides.&nbsp; The CCEA brings together experts [&hellip;]","og_url":"https:\/\/ccea-ccae.org\/fr\/strategic-plan-2020-2030\/","og_site_name":"CCEA-CCAE","article_modified_time":"2020-12-29T15:24:32+00:00","og_image":[{"width":563,"height":190,"url":"https:\/\/ccea-ccae.org\/wp-content\/uploads\/2020\/06\/2016_SimpleLogo.png","type":"image\/png"}],"twitter_card":"summary_large_image","twitter_misc":{"Estimation du temps de lecture":"1 minute"},"schema":{"@context":"https:\/\/schema.org","@graph":[{"@type":"WebPage","@id":"https:\/\/ccea-ccae.org\/strategic-plan-2020-2030\/","url":"https:\/\/ccea-ccae.org\/strategic-plan-2020-2030\/","name":"2020-2030 Strategic Framework | CCEA-CCAE","isPartOf":{"@id":"https:\/\/ccea-ccae.org\/#website"},"primaryImageOfPage":{"@id":"https:\/\/ccea-ccae.org\/strategic-plan-2020-2030\/#primaryimage"},"image":{"@id":"https:\/\/ccea-ccae.org\/strategic-plan-2020-2030\/#primaryimage"},"thumbnailUrl":"https:\/\/ccea-ccae.org\/wp-content\/uploads\/2020\/06\/2016_SimpleLogo-e1669821676893.png","datePublished":"2020-12-22T22:26:15+00:00","dateModified":"2020-12-29T15:24:32+00:00","breadcrumb":{"@id":"https:\/\/ccea-ccae.org\/strategic-plan-2020-2030\/#breadcrumb"},"inLanguage":"fr-CA","potentialAction":[{"@type":"ReadAction","target":["https:\/\/ccea-ccae.org\/strategic-plan-2020-2030\/"]}]},{"@type":"ImageObject","inLanguage":"fr-CA","@id":"https:\/\/ccea-ccae.org\/strategic-plan-2020-2030\/#primaryimage","url":"https:\/\/ccea-ccae.org\/wp-content\/uploads\/2020\/06\/2016_SimpleLogo-e1669821676893.png","contentUrl":"https:\/\/ccea-ccae.org\/wp-content\/uploads\/2020\/06\/2016_SimpleLogo-e1669821676893.png","width":300,"height":101},{"@type":"BreadcrumbList","@id":"https:\/\/ccea-ccae.org\/strategic-plan-2020-2030\/#breadcrumb","itemListElement":[{"@type":"ListItem","position":1,"name":"Home","item":"https:\/\/ccea-ccae.org\/"},{"@type":"ListItem","position":2,"name":"2020-2030 Strategic Framework"}]},{"@type":"WebSite","@id":"https:\/\/ccea-ccae.org\/#website","url":"https:\/\/ccea-ccae.org\/","name":"CCAE-CCEA","description":"Aider les Canadiens \u00e0 \u00e9tablir et \u00e0 g\u00e9rer des aires \u00e9cologiques prot\u00e9g\u00e9es","publisher":{"@id":"https:\/\/ccea-ccae.org\/#organization"},"potentialAction":[{"@type":"SearchAction","target":{"@type":"EntryPoint","urlTemplate":"https:\/\/ccea-ccae.org\/?s={search_term_string}"},"query-input":{"@type":"PropertyValueSpecification","valueRequired":true,"valueName":"search_term_string"}}],"inLanguage":"fr-CA"},{"@type":"Organization","@id":"https:\/\/ccea-ccae.org\/#organization","name":"CCAE-CCEA","url":"https:\/\/ccea-ccae.org\/","logo":{"@type":"ImageObject","inLanguage":"fr-CA","@id":"https:\/\/ccea-ccae.org\/#\/schema\/logo\/image\/","url":"https:\/\/ccea-ccae.org\/wp-content\/uploads\/2014\/05\/header_CCEA.png","contentUrl":"https:\/\/ccea-ccae.org\/wp-content\/uploads\/2014\/05\/header_CCEA.png","width":164,"height":57,"caption":"CCEA-CCAE"},"image":{"@id":"https:\/\/ccea-ccae.org\/#\/schema\/logo\/image\/"}}]}},"_links":{"self":[{"href":"https:\/\/ccea-ccae.org\/fr\/wp-json\/wp\/v2\/pages\/5704","targetHints":{"allow":["GET"]}}],"collection":[{"href":"https:\/\/ccea-ccae.org\/fr\/wp-json\/wp\/v2\/pages"}],"about":[{"href":"https:\/\/ccea-ccae.org\/fr\/wp-json\/wp\/v2\/types\/page"}],"author":[{"embeddable":true,"href":"https:\/\/ccea-ccae.org\/fr\/wp-json\/wp\/v2\/users\/1"}],"replies":[{"embeddable":true,"href":"https:\/\/ccea-ccae.org\/fr\/wp-json\/wp\/v2\/comments?post=5704"}],"version-history":[{"count":15,"href":"https:\/\/ccea-ccae.org\/fr\/wp-json\/wp\/v2\/pages\/5704\/revisions"}],"predecessor-version":[{"id":5724,"href":"https:\/\/ccea-ccae.org\/fr\/wp-json\/wp\/v2\/pages\/5704\/revisions\/5724"}],"wp:featuredmedia":[{"embeddable":true,"href":"https:\/\/ccea-ccae.org\/fr\/wp-json\/wp\/v2\/media\/4431"}],"wp:attachment":[{"href":"https:\/\/ccea-ccae.org\/fr\/wp-json\/wp\/v2\/media?parent=5704"}],"curies":[{"name":"wp","href":"https:\/\/api.w.org\/{rel}","templated":true}]}}