{"id":67,"date":"2014-05-06T20:22:47","date_gmt":"2014-05-07T00:22:47","guid":{"rendered":"http:\/\/www.ccea.org\/?page_id=67"},"modified":"2022-09-16T08:27:56","modified_gmt":"2022-09-16T12:27:56","slug":"board-and-liaisons","status":"publish","type":"page","link":"https:\/\/ccea-ccae.org\/fr\/board-and-liaisons\/","title":{"rendered":"Board and Liaisons"},"content":{"rendered":"<div data-elementor-type=\"wp-page\" data-elementor-id=\"67\" class=\"elementor elementor-67\">\n\t\t\t\t\t\t<section class=\"elementor-section elementor-top-section elementor-element elementor-element-5b25f11a elementor-section-boxed elementor-section-height-default elementor-section-height-default\" data-id=\"5b25f11a\" data-element_type=\"section\" data-e-type=\"section\">\n\t\t\t\t\t\t<div class=\"elementor-container elementor-column-gap-default\">\n\t\t\t\t\t<div class=\"elementor-column elementor-col-100 elementor-top-column elementor-element elementor-element-382d3e8d\" data-id=\"382d3e8d\" data-element_type=\"column\" data-e-type=\"column\">\n\t\t\t<div class=\"elementor-widget-wrap elementor-element-populated\">\n\t\t\t\t\t\t<div class=\"elementor-element elementor-element-3ecdecc8 elementor-widget elementor-widget-page-title\" data-id=\"3ecdecc8\" data-element_type=\"widget\" data-e-type=\"widget\" data-widget_type=\"page-title.default\">\n\t\t\t\t<div class=\"elementor-widget-container\">\n\t\t\t\t\t\t\t\n\t\t<div class=\"hfe-page-title hfe-page-title-wrapper elementor-widget-heading\">\n\n\t\t\t\t\t\t\t\t\t\t\t<a href=\"https:\/\/ccea-ccae.org\/fr\">\n\t\t\t\t\t\t<h2 class=\"elementor-heading-title elementor-size-default\">\n\t\t\t\t\t\t\t\t\n\t\t\t\tBoard and Liaisons  \n\t\t\t<\/h2> \n\t\t\t\t\t\t\t\t\t<\/a>\n\t\t\t\t\t<\/div>\n\t\t\t\t\t\t<\/div>\n\t\t\t\t<\/div>\n\t\t\t\t\t<\/div>\n\t\t<\/div>\n\t\t\t\t\t<\/div>\n\t\t<\/section>\n\t\t\t\t<section class=\"elementor-section elementor-top-section elementor-element elementor-element-101d0d05 elementor-section-boxed elementor-section-height-default elementor-section-height-default\" data-id=\"101d0d05\" data-element_type=\"section\" data-e-type=\"section\">\n\t\t\t\t\t\t<div class=\"elementor-container elementor-column-gap-default\">\n\t\t\t\t\t<div class=\"elementor-column elementor-col-100 elementor-top-column elementor-element elementor-element-76871d0d\" data-id=\"76871d0d\" data-element_type=\"column\" data-e-type=\"column\">\n\t\t\t<div class=\"elementor-widget-wrap elementor-element-populated\">\n\t\t\t\t\t\t<div class=\"elementor-element elementor-element-6ac45ee elementor-widget elementor-widget-text-editor\" data-id=\"6ac45ee\" data-element_type=\"widget\" data-e-type=\"widget\" data-widget_type=\"text-editor.default\">\n\t\t\t\t<div class=\"elementor-widget-container\">\n\t\t\t\t\t\t\t\t\t<div id=\"pl-67\" class=\"panel-layout\"><div id=\"pg-67-0\" class=\"panel-grid panel-no-style\"><div id=\"pgc-67-0-0\" class=\"panel-grid-cell\" data-weight=\"1\"><div id=\"panel-67-0-0-0\" class=\"so-panel widget widget_sow-editor panel-first-child panel-last-child\" data-index=\"0\" data-style=\"{\"><div class=\"so-widget-sow-editor so-widget-sow-editor-base\"><div class=\"siteorigin-widget-tinymce textwidget\"><p>The Canadian Council on Ecological Areas is structured to encourage collaboration among its many partners and collaborators. The Board of Directors is the managing and decision-making authority that oversees and coordinates CCEA activities. The Board seeks advice and assistance of liaisons of the jurisdictions, environmental non-governmental (ENGO) organizations, academic institutions as well as a diverse range of Associates. These advisory bodies are also encouraged to participate and lead various activities of Council.<\/p><\/div><\/div><\/div><\/div><\/div><\/div>\t\t\t\t\t\t\t\t<\/div>\n\t\t\t\t<\/div>\n\t\t\t\t\t<\/div>\n\t\t<\/div>\n\t\t\t\t\t<\/div>\n\t\t<\/section>\n\t\t\t\t<section class=\"elementor-section elementor-top-section elementor-element elementor-element-cc4813e elementor-section-boxed elementor-section-height-default elementor-section-height-default\" data-id=\"cc4813e\" data-element_type=\"section\" data-e-type=\"section\">\n\t\t\t\t\t\t<div class=\"elementor-container elementor-column-gap-default\">\n\t\t\t\t\t<div class=\"elementor-column elementor-col-100 elementor-top-column elementor-element elementor-element-f5c54b7\" data-id=\"f5c54b7\" data-element_type=\"column\" data-e-type=\"column\">\n\t\t\t<div class=\"elementor-widget-wrap elementor-element-populated\">\n\t\t\t\t\t\t<div class=\"elementor-element elementor-element-6664072 elementor-tabs-view-horizontal elementor-widget elementor-widget-tabs\" data-id=\"6664072\" data-element_type=\"widget\" data-e-type=\"widget\" data-widget_type=\"tabs.default\">\n\t\t\t\t<div class=\"elementor-widget-container\">\n\t\t\t\t\t\t\t<div class=\"elementor-tabs\">\n\t\t\t<div class=\"elementor-tabs-wrapper\" role=\"tablist\" >\n\t\t\t\t\t\t\t\t\t<div id=\"elementor-tab-title-1071\" class=\"elementor-tab-title elementor-tab-desktop-title\" aria-selected=\"true\" data-tab=\"1\" role=\"tab\" tabindex=\"0\" aria-controls=\"elementor-tab-content-1071\" aria-expanded=\"false\">Ex\u00e9cutif<\/div>\n\t\t\t\t\t\t\t\t\t<div id=\"elementor-tab-title-1072\" class=\"elementor-tab-title elementor-tab-desktop-title\" aria-selected=\"false\" data-tab=\"2\" role=\"tab\" tabindex=\"-1\" aria-controls=\"elementor-tab-content-1072\" aria-expanded=\"false\">Directeurs<\/div>\n\t\t\t\t\t\t\t\t\t<div id=\"elementor-tab-title-1073\" class=\"elementor-tab-title elementor-tab-desktop-title\" aria-selected=\"false\" data-tab=\"3\" role=\"tab\" tabindex=\"-1\" aria-controls=\"elementor-tab-content-1073\" aria-expanded=\"false\">Jurisdictional Liaisons<\/div>\n\t\t\t\t\t\t\t<\/div>\n\t\t\t<div class=\"elementor-tabs-content-wrapper\" role=\"tablist\" aria-orientation=\"vertical\">\n\t\t\t\t\t\t\t\t\t<div class=\"elementor-tab-title elementor-tab-mobile-title\" aria-selected=\"true\" data-tab=\"1\" role=\"tab\" tabindex=\"0\" aria-controls=\"elementor-tab-content-1071\" aria-expanded=\"false\">Ex\u00e9cutif<\/div>\n\t\t\t\t\t<div id=\"elementor-tab-content-1071\" class=\"elementor-tab-content elementor-clearfix\" data-tab=\"1\" role=\"tabpanel\" aria-labelledby=\"elementor-tab-title-1071\" tabindex=\"0\" hidden=\"false\"><p>\n<table id=\"tablepress-1\" class=\"tablepress tablepress-id-1\">\n<tbody>\n<tr class=\"row-1\">\n\t<td class=\"column-1\"><h5>Pr\u00e9sident<\/h5><br \/>\n<b>Darin Bagshaw<\/b><br \/>\nchairperson@ccea-ccae.org<\/td><td class=\"column-2\"><h5>Vice-pr\u00e9sident<\/h5><br \/>\n<b>Tatyana Feiner<\/b><br \/>\nvice-chair@ccea-ccae.org<\/td>\n<\/tr>\n<tr class=\"row-2\">\n\t<td class=\"column-1\"><h5>DIRECTOR OF FINANCE<\/h5><br \/>\n<b>Jean Langlois<\/b><br \/>\nManager, Park Planning<br \/>\nYukon Parks, Dept. of Environment<br \/>\nP.O. Box 2703 (V-4)<br \/>\nWhitehorse, YT<br \/>\nY1A 2C6<br \/>\n<br \/>\njean.langlois@yukon.ca<\/td><td class=\"column-2\"><h5>Secr\u00e9taire<\/h5><br \/>\n<b>David MacKinnon<\/b><br \/>\nNova Scotia Environment<br \/>\nProtected Areas Branch<br \/>\n1903 Barrington St., Suite 2085<br \/>\nPO Box 442<br \/>\nHalifax, NS, B3J 2P8<br \/>\n<br \/>\nDavid.MacKinnon2@novascotia.ca<\/td>\n<\/tr>\n<\/tbody>\n<\/table>\n<\/p><\/div>\n\t\t\t\t\t\t\t\t\t<div class=\"elementor-tab-title elementor-tab-mobile-title\" aria-selected=\"false\" data-tab=\"2\" role=\"tab\" tabindex=\"-1\" aria-controls=\"elementor-tab-content-1072\" aria-expanded=\"false\">Directeurs<\/div>\n\t\t\t\t\t<div id=\"elementor-tab-content-1072\" class=\"elementor-tab-content elementor-clearfix\" data-tab=\"2\" role=\"tabpanel\" aria-labelledby=\"elementor-tab-title-1072\" tabindex=\"0\" hidden=\"hidden\">\n<table id=\"tablepress-2\" class=\"tablepress tablepress-id-2\">\n<tbody>\n<tr class=\"row-1\">\n\t<td class=\"column-1\"><h5>DIRECTOR OF MEMBERSHIP AND COMMUNICATIONS<\/h5><br \/>\n<b>Jason Kelly<\/b><br \/>\njdkelly79@gmail.com<\/td><td class=\"column-2\"><h5>IUCN RELATIONS<\/h5><br \/>\n<b>Jacques Perron<\/b><br \/>\njpr.perron@gmail.com<\/td>\n<\/tr>\n<tr class=\"row-2\">\n\t<td class=\"column-1\"><b>Tom Beechey<\/b><br \/>\ntombeechey1@gmail.com<\/td><td class=\"column-2\"><b>Rob Davis<\/b><br \/>\nGilmourStreetRob@gmail.com<\/td>\n<\/tr>\n<tr class=\"row-3\">\n\t<td class=\"column-1\"><b>Jessica Elliott<\/b><br \/>\nJessica.Elliott@yukon.ca<\/td><td class=\"column-2\"><b>Robert H\u00e9lie<\/b><br \/>\nrobertghelie@gmail.com<\/td>\n<\/tr>\n<tr class=\"row-4\">\n\t<td class=\"column-1\"><b>Erika Pittman<\/b><br \/>\nDepartment of Environment and Climate Change<br \/>\nPO Box 2006    <br \/>\nCorner Brook, NL  Canada  A2H 6J8<br \/>\nerikapittman@gov.nl.ca<\/td><td class=\"column-2\"><\/td>\n<\/tr>\n<\/tbody>\n<\/table>\n<\/div>\n\t\t\t\t\t\t\t\t\t<div class=\"elementor-tab-title elementor-tab-mobile-title\" aria-selected=\"false\" data-tab=\"3\" role=\"tab\" tabindex=\"-1\" aria-controls=\"elementor-tab-content-1073\" aria-expanded=\"false\">Jurisdictional Liaisons<\/div>\n\t\t\t\t\t<div id=\"elementor-tab-content-1073\" class=\"elementor-tab-content elementor-clearfix\" data-tab=\"3\" role=\"tabpanel\" aria-labelledby=\"elementor-tab-title-1073\" tabindex=\"0\" hidden=\"hidden\">\n<table id=\"tablepress-3\" class=\"tablepress tablepress-id-3\">\n<tbody>\n<tr class=\"row-1\">\n\t<td class=\"column-1\"><h5>La Terre-Neuve-et-Labrador<\/h5><br \/>\n<b>Erika Pittman<\/b><br \/>\nDepartment of Environment and Climate Change<br \/>\nPO Box 2006    <br \/>\nCorner Brook, NL  Canada  A2H 6J8<br \/>\nerikapittman@gov.nl.ca<\/td><td class=\"column-2\"><h5>\u00cele-du-Prince-\u00c9douard<\/h5><br \/>\n<b>Garry Gregory<\/b><br \/>\nPrince Edward Island<br \/>\nForests, Fish and Wildlife<br \/>\nggregory@gov.pe.ca<\/td>\n<\/tr>\n<tr class=\"row-2\">\n\t<td class=\"column-1\"><h5>La Nouvelle-\u00c9cosse<\/h5><br \/>\n<b>David MacKinnon<\/b><br \/>\nNova Scotia Environment<br \/>\nProtected Areas Branch<br \/>\n1903 Barrington St., Suite 2085<br \/>\nPO Box 442<br \/>\nHalifax, NS, B3J 2P8<br \/>\nmackinds@gov.ns.ca<\/td><td class=\"column-2\"><h5>Le Nouveau-Brunswick<\/h5><br \/>\n<b>Maryse Bourgeois<\/b><br \/>\nNew Brunswick Dept. of Natural Resources<br \/>\nP.O. Box 6000<br \/>\nFredericton, NB E3B 5H1<br \/>\nMaryse.Bourgeois@gnb.ca<\/td>\n<\/tr>\n<tr class=\"row-3\">\n\t<td class=\"column-1\"><h5>Le Qu\u00e9bec<\/h5><br \/>\n<b>Pierre-Luc Brin<\/b><br \/>\nMinist\u00e8re de l\u2019Environnement, de la Lutte contre les changements climatiques, de la Faune et des Parcs<br \/>\nDirection des aires prot\u00e9g\u00e9es<br \/>\n675, boulevard Ren\u00e9-L\u00e9vesque Est<br \/>\nQu\u00e9bec, QC, G1R 5V7<br \/>\npierre-luc.brin@environnement.gouv.qc.ca<\/td><td class=\"column-2\"><h5>L'Ontario<\/h5><br \/>\n<b>Karen Hartley<\/b><br \/>\nProtected Areas Section, Ontario Parks<br \/>\nMinistry of the Environment, Conservation and Parks<br \/>\n300 Water Street, 6th floor<br \/>\nPeterborough, ON, K9J 8M5<br \/>\nKaren.Hartley@ontario.ca<\/td>\n<\/tr>\n<tr class=\"row-4\">\n\t<td class=\"column-1\"><h5>Le Manitoba<\/h5><br \/>\n<b>Jessicca Lagimodiere<\/b><br \/>\nParks Branch<br \/>\nEnvironment and Climate Change<br \/>\n4th Floor &#8211; 258 Portage Ave<br \/>\nWinnipeg MB, R3C 0B6<br \/>\nJessicca.Lagimodiere@gov.mb.ca<\/td><td class=\"column-2\"><h5>La Saskatchewan<\/h5><br \/>\n<b>Ben Sawa<\/b><br \/>\nMinistry of Environment<br \/>\nFish, Wildlife and Lands Branch<br \/>\n3211 Albert Street<br \/>\nRegina, SK, S4S 5W6<br \/>\nben.sawa@gov.sk.ca<\/td>\n<\/tr>\n<tr class=\"row-5\">\n\t<td class=\"column-1\"><h5>L'Alberta<\/h5><br \/>\n<b>Heather Lazaruk<\/b><br \/>\nParks Division, Ministry of Forestry and Parks<br \/>\n9820 \u2013 106 Street, 9th floor Oxbridge Place<br \/>\nEdmonton, Alberta T5K 2J6<br \/>\nheather.lazaruk@gov.ab.ca<\/td><td class=\"column-2\"><h5>La Colombie-Britannique<\/h5><br \/>\n<b>Sharilynn Wardrop<\/b><br \/>\nBC Parks<br \/>\nMinistry of Environment and Climate Change Strategy<br \/>\nPO Box 9398, Station Provincial Government<br \/>\nVictoria, BC, V8M 9M9<br \/>\nSharilynn.Wardrop@gov.bc.ca<\/td>\n<\/tr>\n<tr class=\"row-6\">\n\t<td class=\"column-1\"><h5>Le Yukon<\/h5><br \/>\n<b>Jean Langlois<\/b><br \/>\nManager, Park Planning<br \/>\nYukon Parks, Dept. of Environment<br \/>\nP.O. Box 2703 (V-4)<br \/>\nWhitehorse, YT<br \/>\nY1A 2C6<br \/>\njean.langlois@yukon.ca<\/td><td class=\"column-2\"><h5>Les Territoires du Nord-Ouest<\/h5><br \/>\n<b>Kelsey Stewart<\/b><br \/>\nConservation Areas Advisor<br \/>\nConservation and Sustainable Livelihoods Division<br \/>\nDepartment of Environment and Climate Change<br \/>\nGovernment of the Northwest Territories<br \/>\n2nd floor, Gallery Building<br \/>\n4923-52nd Street<br \/>\nYellowknife NT X1A 2R3<br \/>\nkelsey_stewart@gov.nt.ca<\/td>\n<\/tr>\n<tr class=\"row-7\">\n\t<td class=\"column-1\"><h5>Le Nunavut<\/h5><br \/>\n<b>Salome Qaunaq<\/b><br \/>\nNunavut Parks &amp; Special Places<br \/>\nDepartment of Environment<br \/>\nGovernment of Nunavut<br \/>\nP.O. Box 1000, Station 1340<br \/>\nIqaluit, NU X0A 0H0<br \/>\nSQaunaq3@gov.nu.ca<\/td><td class=\"column-2\"><h5>ENVIRONMENT AND CLIMATE CHANGE CANADA<\/h5><\/td>\n<\/tr>\n<tr class=\"row-8\">\n\t<td class=\"column-1\"><h5>P\u00eaches et Oc\u00e9ans Canada<\/h5><\/td><td class=\"column-2\"><h5>Agence Parcs Canada<\/h5><\/td>\n<\/tr>\n<tr class=\"row-9\">\n\t<td class=\"column-1\"><h5>Conservation de la Nature Canada<\/h5><br \/>\n<b>Megan Lafferty<\/b><br \/>\nManager, Land Protection Measures <br \/>\nmegan.lafferty@natureconservancy.ca<\/td><td class=\"column-2\"><h5>Commission de la capitale nationale<\/h5><br \/>\n<b>Jean-Fran\u00e7ois Gobeil<\/b><br \/>\nSenior Biologist, Natural Resources and Land Management<br \/>\nJean-Francois.Gobeil@ncc-ccn.ca<\/td>\n<\/tr>\n<\/tbody>\n<\/table>\n<\/div>\n\t\t\t\t\t\t\t<\/div>\n\t\t<\/div>\n\t\t\t\t\t\t<\/div>\n\t\t\t\t<\/div>\n\t\t\t\t\t<\/div>\n\t\t<\/div>\n\t\t\t\t\t<\/div>\n\t\t<\/section>\n\t\t\t\t<section class=\"elementor-section elementor-top-section elementor-element elementor-element-2e074da elementor-section-boxed elementor-section-height-default elementor-section-height-default\" data-id=\"2e074da\" data-element_type=\"section\" data-e-type=\"section\">\n\t\t\t\t\t\t<div class=\"elementor-container elementor-column-gap-default\">\n\t\t\t\t\t<div class=\"elementor-column elementor-col-100 elementor-top-column elementor-element elementor-element-cc6eb77\" data-id=\"cc6eb77\" data-element_type=\"column\" data-e-type=\"column\">\n\t\t\t<div class=\"elementor-widget-wrap elementor-element-populated\">\n\t\t\t\t\t\t<div class=\"elementor-element elementor-element-57224c2 elementor-widget elementor-widget-spacer\" data-id=\"57224c2\" data-element_type=\"widget\" data-e-type=\"widget\" data-widget_type=\"spacer.default\">\n\t\t\t\t<div class=\"elementor-widget-container\">\n\t\t\t\t\t\t\t<div class=\"elementor-spacer\">\n\t\t\t<div class=\"elementor-spacer-inner\"><\/div>\n\t\t<\/div>\n\t\t\t\t\t\t<\/div>\n\t\t\t\t<\/div>\n\t\t\t\t\t<\/div>\n\t\t<\/div>\n\t\t\t\t\t<\/div>\n\t\t<\/section>\n\t\t\t\t<\/div>","protected":false},"excerpt":{"rendered":"<p>Board and Liaisons The Canadian Council on Ecological Areas is structured to encourage collaboration among its many partners and collaborators. The Board of Directors is the managing and decision-making authority that oversees and coordinates CCEA activities. The Board seeks advice and assistance of liaisons of the jurisdictions, environmental non-governmental (ENGO) organizations, academic institutions as well [&hellip;]<\/p>\n","protected":false},"author":1,"featured_media":0,"parent":0,"menu_order":0,"comment_status":"closed","ping_status":"closed","template":"elementor_header_footer","meta":{"_monsterinsights_skip_tracking":false,"_monsterinsights_sitenote_active":false,"_monsterinsights_sitenote_note":"","_monsterinsights_sitenote_category":0,"site-sidebar-layout":"default","site-content-layout":"default","ast-site-content-layout":"default","site-content-style":"default","site-sidebar-style":"default","ast-global-header-display":"","ast-banner-title-visibility":"","ast-main-header-display":"","ast-hfb-above-header-display":"","ast-hfb-below-header-display":"","ast-hfb-mobile-header-display":"","site-post-title":"","ast-breadcrumbs-content":"","ast-featured-img":"","footer-sml-layout":"","ast-disable-related-posts":"","theme-transparent-header-meta":"default","adv-header-id-meta":"","stick-header-meta":"","header-above-stick-meta":"","header-main-stick-meta":"","header-below-stick-meta":"","astra-migrate-meta-layouts":"default","ast-page-background-enabled":"default","ast-page-background-meta":{"desktop":{"background-color":"","background-image":"","background-repeat":"repeat","background-position":"center center","background-size":"auto","background-attachment":"scroll","background-type":"","background-media":"","overlay-type":"","overlay-color":"","overlay-opacity":"","overlay-gradient":""},"tablet":{"background-color":"","background-image":"","background-repeat":"repeat","background-position":"center center","background-size":"auto","background-attachment":"scroll","background-type":"","background-media":"","overlay-type":"","overlay-color":"","overlay-opacity":"","overlay-gradient":""},"mobile":{"background-color":"","background-image":"","background-repeat":"repeat","background-position":"center center","background-size":"auto","background-attachment":"scroll","background-type":"","background-media":"","overlay-type":"","overlay-color":"","overlay-opacity":"","overlay-gradient":""}},"ast-content-background-meta":{"desktop":{"background-color":"var(--ast-global-color-5)","background-image":"","background-repeat":"repeat","background-position":"center center","background-size":"auto","background-attachment":"scroll","background-type":"","background-media":"","overlay-type":"","overlay-color":"","overlay-opacity":"","overlay-gradient":""},"tablet":{"background-color":"var(--ast-global-color-5)","background-image":"","background-repeat":"repeat","background-position":"center center","background-size":"auto","background-attachment":"scroll","background-type":"","background-media":"","overlay-type":"","overlay-color":"","overlay-opacity":"","overlay-gradient":""},"mobile":{"background-color":"var(--ast-global-color-5)","background-image":"","background-repeat":"repeat","background-position":"center center","background-size":"auto","background-attachment":"scroll","background-type":"","background-media":"","overlay-type":"","overlay-color":"","overlay-opacity":"","overlay-gradient":""}},"footnotes":""},"class_list":["post-67","page","type-page","status-publish","hentry"],"yoast_head":"<!-- This site is optimized with the Yoast SEO plugin v27.4 - https:\/\/yoast.com\/product\/yoast-seo-wordpress\/ -->\n<title>Board and Liaisons | CCEA-CCAE<\/title>\n<meta name=\"robots\" content=\"index, follow, max-snippet:-1, max-image-preview:large, max-video-preview:-1\" \/>\n<link rel=\"canonical\" href=\"https:\/\/ccea-ccae.org\/fr\/board-and-liaisons\/\" \/>\n<meta property=\"og:locale\" content=\"fr_CA\" \/>\n<meta property=\"og:type\" content=\"article\" \/>\n<meta property=\"og:title\" content=\"Board and Liaisons | CCEA-CCAE\" \/>\n<meta property=\"og:description\" content=\"Board and Liaisons The Canadian Council on Ecological Areas is structured to encourage collaboration among its many partners and collaborators. The Board of Directors is the managing and decision-making authority that oversees and coordinates CCEA activities. The Board seeks advice and assistance of liaisons of the jurisdictions, environmental non-governmental (ENGO) organizations, academic institutions as well [&hellip;]\" \/>\n<meta property=\"og:url\" content=\"https:\/\/ccea-ccae.org\/fr\/board-and-liaisons\/\" \/>\n<meta property=\"og:site_name\" content=\"CCEA-CCAE\" \/>\n<meta property=\"article:modified_time\" content=\"2022-09-16T12:27:56+00:00\" \/>\n<meta name=\"twitter:card\" content=\"summary_large_image\" \/>\n<script type=\"application\/ld+json\" class=\"yoast-schema-graph\">{\"@context\":\"https:\\\/\\\/schema.org\",\"@graph\":[{\"@type\":\"WebPage\",\"@id\":\"https:\\\/\\\/ccea-ccae.org\\\/board-and-liaisons\\\/\",\"url\":\"https:\\\/\\\/ccea-ccae.org\\\/board-and-liaisons\\\/\",\"name\":\"Board and Liaisons | CCEA-CCAE\",\"isPartOf\":{\"@id\":\"https:\\\/\\\/ccea-ccae.org\\\/#website\"},\"datePublished\":\"2014-05-07T00:22:47+00:00\",\"dateModified\":\"2022-09-16T12:27:56+00:00\",\"breadcrumb\":{\"@id\":\"https:\\\/\\\/ccea-ccae.org\\\/board-and-liaisons\\\/#breadcrumb\"},\"inLanguage\":\"fr-CA\",\"potentialAction\":[{\"@type\":\"ReadAction\",\"target\":[\"https:\\\/\\\/ccea-ccae.org\\\/board-and-liaisons\\\/\"]}]},{\"@type\":\"BreadcrumbList\",\"@id\":\"https:\\\/\\\/ccea-ccae.org\\\/board-and-liaisons\\\/#breadcrumb\",\"itemListElement\":[{\"@type\":\"ListItem\",\"position\":1,\"name\":\"Home\",\"item\":\"https:\\\/\\\/ccea-ccae.org\\\/\"},{\"@type\":\"ListItem\",\"position\":2,\"name\":\"Board and Liaisons\"}]},{\"@type\":\"WebSite\",\"@id\":\"https:\\\/\\\/ccea-ccae.org\\\/#website\",\"url\":\"https:\\\/\\\/ccea-ccae.org\\\/\",\"name\":\"CCEA-CCAE\",\"description\":\"Helping Canadians establish and  manage protected ecological areas\",\"publisher\":{\"@id\":\"https:\\\/\\\/ccea-ccae.org\\\/#organization\"},\"potentialAction\":[{\"@type\":\"SearchAction\",\"target\":{\"@type\":\"EntryPoint\",\"urlTemplate\":\"https:\\\/\\\/ccea-ccae.org\\\/?s={search_term_string}\"},\"query-input\":{\"@type\":\"PropertyValueSpecification\",\"valueRequired\":true,\"valueName\":\"search_term_string\"}}],\"inLanguage\":\"fr-CA\"},{\"@type\":\"Organization\",\"@id\":\"https:\\\/\\\/ccea-ccae.org\\\/#organization\",\"name\":\"CCEA-CCAE\",\"url\":\"https:\\\/\\\/ccea-ccae.org\\\/\",\"logo\":{\"@type\":\"ImageObject\",\"inLanguage\":\"fr-CA\",\"@id\":\"https:\\\/\\\/ccea-ccae.org\\\/#\\\/schema\\\/logo\\\/image\\\/\",\"url\":\"https:\\\/\\\/ccea-ccae.org\\\/wp-content\\\/uploads\\\/2014\\\/05\\\/header_CCEA.png\",\"contentUrl\":\"https:\\\/\\\/ccea-ccae.org\\\/wp-content\\\/uploads\\\/2014\\\/05\\\/header_CCEA.png\",\"width\":164,\"height\":57,\"caption\":\"CCEA-CCAE\"},\"image\":{\"@id\":\"https:\\\/\\\/ccea-ccae.org\\\/#\\\/schema\\\/logo\\\/image\\\/\"}}]}<\/script>\n<!-- \/ Yoast SEO plugin. -->","yoast_head_json":{"title":"Board and Liaisons | CCEA-CCAE","robots":{"index":"index","follow":"follow","max-snippet":"max-snippet:-1","max-image-preview":"max-image-preview:large","max-video-preview":"max-video-preview:-1"},"canonical":"https:\/\/ccea-ccae.org\/fr\/board-and-liaisons\/","og_locale":"fr_CA","og_type":"article","og_title":"Board and Liaisons | CCEA-CCAE","og_description":"Board and Liaisons The Canadian Council on Ecological Areas is structured to encourage collaboration among its many partners and collaborators. The Board of Directors is the managing and decision-making authority that oversees and coordinates CCEA activities. The Board seeks advice and assistance of liaisons of the jurisdictions, environmental non-governmental (ENGO) organizations, academic institutions as well [&hellip;]","og_url":"https:\/\/ccea-ccae.org\/fr\/board-and-liaisons\/","og_site_name":"CCEA-CCAE","article_modified_time":"2022-09-16T12:27:56+00:00","twitter_card":"summary_large_image","schema":{"@context":"https:\/\/schema.org","@graph":[{"@type":"WebPage","@id":"https:\/\/ccea-ccae.org\/board-and-liaisons\/","url":"https:\/\/ccea-ccae.org\/board-and-liaisons\/","name":"Board and Liaisons | CCEA-CCAE","isPartOf":{"@id":"https:\/\/ccea-ccae.org\/#website"},"datePublished":"2014-05-07T00:22:47+00:00","dateModified":"2022-09-16T12:27:56+00:00","breadcrumb":{"@id":"https:\/\/ccea-ccae.org\/board-and-liaisons\/#breadcrumb"},"inLanguage":"fr-CA","potentialAction":[{"@type":"ReadAction","target":["https:\/\/ccea-ccae.org\/board-and-liaisons\/"]}]},{"@type":"BreadcrumbList","@id":"https:\/\/ccea-ccae.org\/board-and-liaisons\/#breadcrumb","itemListElement":[{"@type":"ListItem","position":1,"name":"Home","item":"https:\/\/ccea-ccae.org\/"},{"@type":"ListItem","position":2,"name":"Board and Liaisons"}]},{"@type":"WebSite","@id":"https:\/\/ccea-ccae.org\/#website","url":"https:\/\/ccea-ccae.org\/","name":"CCAE-CCEA","description":"Aider les Canadiens \u00e0 \u00e9tablir et \u00e0 g\u00e9rer des aires \u00e9cologiques prot\u00e9g\u00e9es","publisher":{"@id":"https:\/\/ccea-ccae.org\/#organization"},"potentialAction":[{"@type":"SearchAction","target":{"@type":"EntryPoint","urlTemplate":"https:\/\/ccea-ccae.org\/?s={search_term_string}"},"query-input":{"@type":"PropertyValueSpecification","valueRequired":true,"valueName":"search_term_string"}}],"inLanguage":"fr-CA"},{"@type":"Organization","@id":"https:\/\/ccea-ccae.org\/#organization","name":"CCAE-CCEA","url":"https:\/\/ccea-ccae.org\/","logo":{"@type":"ImageObject","inLanguage":"fr-CA","@id":"https:\/\/ccea-ccae.org\/#\/schema\/logo\/image\/","url":"https:\/\/ccea-ccae.org\/wp-content\/uploads\/2014\/05\/header_CCEA.png","contentUrl":"https:\/\/ccea-ccae.org\/wp-content\/uploads\/2014\/05\/header_CCEA.png","width":164,"height":57,"caption":"CCEA-CCAE"},"image":{"@id":"https:\/\/ccea-ccae.org\/#\/schema\/logo\/image\/"}}]}},"_links":{"self":[{"href":"https:\/\/ccea-ccae.org\/fr\/wp-json\/wp\/v2\/pages\/67","targetHints":{"allow":["GET"]}}],"collection":[{"href":"https:\/\/ccea-ccae.org\/fr\/wp-json\/wp\/v2\/pages"}],"about":[{"href":"https:\/\/ccea-ccae.org\/fr\/wp-json\/wp\/v2\/types\/page"}],"author":[{"embeddable":true,"href":"https:\/\/ccea-ccae.org\/fr\/wp-json\/wp\/v2\/users\/1"}],"replies":[{"embeddable":true,"href":"https:\/\/ccea-ccae.org\/fr\/wp-json\/wp\/v2\/comments?post=67"}],"version-history":[{"count":18,"href":"https:\/\/ccea-ccae.org\/fr\/wp-json\/wp\/v2\/pages\/67\/revisions"}],"predecessor-version":[{"id":6407,"href":"https:\/\/ccea-ccae.org\/fr\/wp-json\/wp\/v2\/pages\/67\/revisions\/6407"}],"wp:attachment":[{"href":"https:\/\/ccea-ccae.org\/fr\/wp-json\/wp\/v2\/media?parent=67"}],"curies":[{"name":"wp","href":"https:\/\/api.w.org\/{rel}","templated":true}]}}