{"id":76,"date":"2014-05-06T20:32:57","date_gmt":"2014-05-06T20:32:57","guid":{"rendered":"http:\/\/www.ccea.org\/?page_id=76"},"modified":"2022-05-04T14:07:15","modified_gmt":"2022-05-04T18:07:15","slug":"support-the-ccea","status":"publish","type":"page","link":"https:\/\/ccea-ccae.org\/fr\/support-the-ccea\/","title":{"rendered":"Soutenez le CCAE"},"content":{"rendered":"<div data-elementor-type=\"wp-page\" data-elementor-id=\"76\" class=\"elementor elementor-76\">\n\t\t\t\t\t\t<section class=\"elementor-section elementor-top-section elementor-element elementor-element-6ac3d8c2 elementor-section-boxed elementor-section-height-default elementor-section-height-default\" data-id=\"6ac3d8c2\" data-element_type=\"section\" data-e-type=\"section\">\n\t\t\t\t\t\t<div class=\"elementor-container elementor-column-gap-default\">\n\t\t\t\t\t<div class=\"elementor-column elementor-col-100 elementor-top-column elementor-element elementor-element-6d01b9e8\" data-id=\"6d01b9e8\" data-element_type=\"column\" data-e-type=\"column\">\n\t\t\t<div class=\"elementor-widget-wrap elementor-element-populated\">\n\t\t\t\t\t\t\t<\/div>\n\t\t<\/div>\n\t\t\t\t\t<\/div>\n\t\t<\/section>\n\t\t\t\t<section class=\"elementor-section elementor-top-section elementor-element elementor-element-22787d4 elementor-section-boxed elementor-section-height-default elementor-section-height-default\" data-id=\"22787d4\" data-element_type=\"section\" data-e-type=\"section\">\n\t\t\t\t\t\t<div class=\"elementor-container elementor-column-gap-default\">\n\t\t\t\t\t<div class=\"elementor-column elementor-col-100 elementor-top-column elementor-element elementor-element-3f7c9d70\" data-id=\"3f7c9d70\" data-element_type=\"column\" data-e-type=\"column\">\n\t\t\t<div class=\"elementor-widget-wrap elementor-element-populated\">\n\t\t\t\t\t\t<div class=\"elementor-element elementor-element-4a034736 elementor-widget elementor-widget-page-title\" data-id=\"4a034736\" data-element_type=\"widget\" data-e-type=\"widget\" data-widget_type=\"page-title.default\">\n\t\t\t\t<div class=\"elementor-widget-container\">\n\t\t\t\t\t\t\t\n\t\t<div class=\"hfe-page-title hfe-page-title-wrapper elementor-widget-heading\">\n\n\t\t\t\t\t\t\t\t\t\t\t<a href=\"https:\/\/ccea-ccae.org\/fr\">\n\t\t\t\t\t\t<h2 class=\"elementor-heading-title elementor-size-default\">\n\t\t\t\t\t\t\t\t\n\t\t\t\tSoutenez le CCAE  \n\t\t\t<\/h2> \n\t\t\t\t\t\t\t\t\t<\/a>\n\t\t\t\t\t<\/div>\n\t\t\t\t\t\t<\/div>\n\t\t\t\t<\/div>\n\t\t\t\t\t<\/div>\n\t\t<\/div>\n\t\t\t\t\t<\/div>\n\t\t<\/section>\n\t\t\t\t<section class=\"elementor-section elementor-top-section elementor-element elementor-element-2e1f7d10 elementor-section-boxed elementor-section-height-default elementor-section-height-default\" data-id=\"2e1f7d10\" data-element_type=\"section\" data-e-type=\"section\">\n\t\t\t\t\t\t<div class=\"elementor-container elementor-column-gap-default\">\n\t\t\t\t\t<div class=\"elementor-column elementor-col-50 elementor-top-column elementor-element elementor-element-6c3e32b9\" data-id=\"6c3e32b9\" data-element_type=\"column\" data-e-type=\"column\">\n\t\t\t<div class=\"elementor-widget-wrap elementor-element-populated\">\n\t\t\t\t\t\t<div class=\"elementor-element elementor-element-b69f659 elementor-widget elementor-widget-text-editor\" data-id=\"b69f659\" data-element_type=\"widget\" data-e-type=\"widget\" data-widget_type=\"text-editor.default\">\n\t\t\t\t<div class=\"elementor-widget-container\">\n\t\t\t\t\t\t\t\t\t<p>Depuis sa cr\u00e9ation en 1982, le Conseil canadien des aires \u00e9cologiques (CCAE) a re\u00e7u un soutien substantiel d'institutions gouvernementales canadiennes, d'organisations non gouvernementales, de fiducies priv\u00e9es et de particuliers pour effectuer des travaux au nom de tous les Canadiens.<\/p><p>En tant qu'organisme de bienfaisance enregistr\u00e9 sans but lucratif, le CCEA salue la participation et le soutien continus de ses partenaires \u00e9tablis et de tous ceux qui souhaitent partager l'important travail des aires prot\u00e9g\u00e9es et de la conservation de la biodiversit\u00e9.<\/p><p>Vous pouvez soutenir le CCEA en faisant une contribution aujourd'hui,  soit au Fonds g\u00e9n\u00e9ral, pour soutenir les projets et les priorit\u00e9s en cours, soit au Fonds comm\u00e9moratif Stan Rowe Home Place.<\/p><p>Il est facile de contribuer en utilisant notre option en ligne pratique via Canada Helps. Si vous pr\u00e9f\u00e9rez envoyer un ch\u00e8que au CCEA, veuillez <strong><span style=\"text-decoration: underline;\"><a href=\"mailto:jean.langlois@gov.yk.ca\">nous contacter<\/a><\/span><\/strong> afin que nous puissions vous envoyer le formulaire de don et l'adresse postale o\u00f9 vous pouvez envoyer le don.<\/p><p>Contributions to the Canadian Council on Ecological Areas are tax-deductible under its registered charitable status. A charitable tax receipt will be issued for all donations over $10.<\/p>\t\t\t\t\t\t\t\t<\/div>\n\t\t\t\t<\/div>\n\t\t\t\t\t<\/div>\n\t\t<\/div>\n\t\t\t\t<div class=\"elementor-column elementor-col-50 elementor-top-column elementor-element elementor-element-3c64cf7d\" data-id=\"3c64cf7d\" data-element_type=\"column\" data-e-type=\"column\" data-settings=\"{&quot;background_background&quot;:&quot;gradient&quot;}\">\n\t\t\t<div class=\"elementor-widget-wrap elementor-element-populated\">\n\t\t\t\t\t\t<div class=\"elementor-element elementor-element-9adf26f elementor-widget elementor-widget-spacer\" data-id=\"9adf26f\" data-element_type=\"widget\" data-e-type=\"widget\" data-widget_type=\"spacer.default\">\n\t\t\t\t<div class=\"elementor-widget-container\">\n\t\t\t\t\t\t\t<div class=\"elementor-spacer\">\n\t\t\t<div class=\"elementor-spacer-inner\"><\/div>\n\t\t<\/div>\n\t\t\t\t\t\t<\/div>\n\t\t\t\t<\/div>\n\t\t\t\t<div class=\"elementor-element elementor-element-dbc7200 elementor-widget elementor-widget-image\" data-id=\"dbc7200\" data-element_type=\"widget\" data-e-type=\"widget\" data-widget_type=\"image.default\">\n\t\t\t\t<div class=\"elementor-widget-container\">\n\t\t\t\t\t\t\t\t\t\t\t\t\t\t\t<img decoding=\"async\" src=\"https:\/\/ccea-ccae.org\/wp-content\/uploads\/2020\/07\/2016-logos-3.png\" title=\"\" alt=\"\" loading=\"lazy\" \/>\t\t\t\t\t\t\t\t\t\t\t\t\t\t\t<\/div>\n\t\t\t\t<\/div>\n\t\t\t\t<div class=\"elementor-element elementor-element-f2ae83c elementor-align-center elementor-widget elementor-widget-button\" data-id=\"f2ae83c\" data-element_type=\"widget\" data-e-type=\"widget\" data-widget_type=\"button.default\">\n\t\t\t\t<div class=\"elementor-widget-container\">\n\t\t\t\t\t\t\t\t\t<div class=\"elementor-button-wrapper\">\n\t\t\t\t\t<a class=\"elementor-button elementor-button-link elementor-size-md\" href=\"https:\/\/ccea-ccae.org\/fr\/donate-2\/\">\n\t\t\t\t\t\t<span class=\"elementor-button-content-wrapper\">\n\t\t\t\t\t\t\t\t\t<span class=\"elementor-button-text\">Soutenez le CCEA<\/span>\n\t\t\t\t\t<\/span>\n\t\t\t\t\t<\/a>\n\t\t\t\t<\/div>\n\t\t\t\t\t\t\t\t<\/div>\n\t\t\t\t<\/div>\n\t\t\t\t\t<\/div>\n\t\t<\/div>\n\t\t\t\t\t<\/div>\n\t\t<\/section>\n\t\t\t\t<\/div>","protected":false},"excerpt":{"rendered":"<p>Support the CCEA Since its inception in 1982, the Canadian Council on Ecological Areas (CCEA) has received substantial support from Canadian government institutions, non-government organizations, private trusts and individuals to carry out work on behalf of all Canadians. As a not-for-profit, registered charitable organization, CCEA welcomes the continued participation and support of its established partners [&hellip;]<\/p>\n","protected":false},"author":1,"featured_media":0,"parent":0,"menu_order":0,"comment_status":"closed","ping_status":"closed","template":"elementor_header_footer","meta":{"_monsterinsights_skip_tracking":false,"_monsterinsights_sitenote_active":false,"_monsterinsights_sitenote_note":"","_monsterinsights_sitenote_category":0,"site-sidebar-layout":"default","site-content-layout":"default","ast-site-content-layout":"default","site-content-style":"default","site-sidebar-style":"default","ast-global-header-display":"","ast-banner-title-visibility":"","ast-main-header-display":"","ast-hfb-above-header-display":"","ast-hfb-below-header-display":"","ast-hfb-mobile-header-display":"","site-post-title":"","ast-breadcrumbs-content":"","ast-featured-img":"","footer-sml-layout":"","ast-disable-related-posts":"","theme-transparent-header-meta":"default","adv-header-id-meta":"","stick-header-meta":"","header-above-stick-meta":"","header-main-stick-meta":"","header-below-stick-meta":"","astra-migrate-meta-layouts":"default","ast-page-background-enabled":"default","ast-page-background-meta":{"desktop":{"background-color":"","background-image":"","background-repeat":"repeat","background-position":"center center","background-size":"auto","background-attachment":"scroll","background-type":"","background-media":"","overlay-type":"","overlay-color":"","overlay-opacity":"","overlay-gradient":""},"tablet":{"background-color":"","background-image":"","background-repeat":"repeat","background-position":"center center","background-size":"auto","background-attachment":"scroll","background-type":"","background-media":"","overlay-type":"","overlay-color":"","overlay-opacity":"","overlay-gradient":""},"mobile":{"background-color":"","background-image":"","background-repeat":"repeat","background-position":"center center","background-size":"auto","background-attachment":"scroll","background-type":"","background-media":"","overlay-type":"","overlay-color":"","overlay-opacity":"","overlay-gradient":""}},"ast-content-background-meta":{"desktop":{"background-color":"var(--ast-global-color-5)","background-image":"","background-repeat":"repeat","background-position":"center center","background-size":"auto","background-attachment":"scroll","background-type":"","background-media":"","overlay-type":"","overlay-color":"","overlay-opacity":"","overlay-gradient":""},"tablet":{"background-color":"var(--ast-global-color-5)","background-image":"","background-repeat":"repeat","background-position":"center center","background-size":"auto","background-attachment":"scroll","background-type":"","background-media":"","overlay-type":"","overlay-color":"","overlay-opacity":"","overlay-gradient":""},"mobile":{"background-color":"var(--ast-global-color-5)","background-image":"","background-repeat":"repeat","background-position":"center center","background-size":"auto","background-attachment":"scroll","background-type":"","background-media":"","overlay-type":"","overlay-color":"","overlay-opacity":"","overlay-gradient":""}},"footnotes":""},"class_list":["post-76","page","type-page","status-publish","hentry"],"yoast_head":"<!-- This site is optimized with the Yoast SEO plugin v27.4 - https:\/\/yoast.com\/product\/yoast-seo-wordpress\/ -->\n<title>Support the CCEA | CCEA-CCAE<\/title>\n<meta name=\"robots\" content=\"index, follow, max-snippet:-1, max-image-preview:large, max-video-preview:-1\" \/>\n<link rel=\"canonical\" href=\"https:\/\/ccea-ccae.org\/fr\/support-the-ccea\/\" \/>\n<meta property=\"og:locale\" content=\"fr_CA\" \/>\n<meta property=\"og:type\" content=\"article\" \/>\n<meta property=\"og:title\" content=\"Support the CCEA | CCEA-CCAE\" \/>\n<meta property=\"og:description\" content=\"Support the CCEA Since its inception in 1982, the Canadian Council on Ecological Areas (CCEA) has received substantial support from Canadian government institutions, non-government organizations, private trusts and individuals to carry out work on behalf of all Canadians. As a not-for-profit, registered charitable organization, CCEA welcomes the continued participation and support of its established partners [&hellip;]\" \/>\n<meta property=\"og:url\" content=\"https:\/\/ccea-ccae.org\/fr\/support-the-ccea\/\" \/>\n<meta property=\"og:site_name\" content=\"CCEA-CCAE\" \/>\n<meta property=\"article:modified_time\" content=\"2022-05-04T18:07:15+00:00\" \/>\n<meta property=\"og:image\" content=\"https:\/\/ccea-ccae.org\/wp-content\/uploads\/2020\/06\/donate-now-buttonwhite.png\" \/>\n<meta name=\"twitter:card\" content=\"summary_large_image\" \/>\n<meta name=\"twitter:label1\" content=\"Estimation du temps de lecture\" \/>\n\t<meta name=\"twitter:data1\" content=\"1 minute\" \/>\n<script type=\"application\/ld+json\" class=\"yoast-schema-graph\">{\"@context\":\"https:\\\/\\\/schema.org\",\"@graph\":[{\"@type\":\"WebPage\",\"@id\":\"https:\\\/\\\/ccea-ccae.org\\\/fr\\\/support-the-ccea\\\/\",\"url\":\"https:\\\/\\\/ccea-ccae.org\\\/fr\\\/support-the-ccea\\\/\",\"name\":\"Support the CCEA | CCEA-CCAE\",\"isPartOf\":{\"@id\":\"https:\\\/\\\/ccea-ccae.org\\\/#website\"},\"primaryImageOfPage\":{\"@id\":\"https:\\\/\\\/ccea-ccae.org\\\/fr\\\/support-the-ccea\\\/#primaryimage\"},\"image\":{\"@id\":\"https:\\\/\\\/ccea-ccae.org\\\/fr\\\/support-the-ccea\\\/#primaryimage\"},\"thumbnailUrl\":\"https:\\\/\\\/ccea-ccae.org\\\/wp-content\\\/uploads\\\/2020\\\/06\\\/donate-now-buttonwhite.png\",\"datePublished\":\"2014-05-06T20:32:57+00:00\",\"dateModified\":\"2022-05-04T18:07:15+00:00\",\"breadcrumb\":{\"@id\":\"https:\\\/\\\/ccea-ccae.org\\\/fr\\\/support-the-ccea\\\/#breadcrumb\"},\"inLanguage\":\"fr-CA\",\"potentialAction\":[{\"@type\":\"ReadAction\",\"target\":[\"https:\\\/\\\/ccea-ccae.org\\\/fr\\\/support-the-ccea\\\/\"]}]},{\"@type\":\"ImageObject\",\"inLanguage\":\"fr-CA\",\"@id\":\"https:\\\/\\\/ccea-ccae.org\\\/fr\\\/support-the-ccea\\\/#primaryimage\",\"url\":\"https:\\\/\\\/ccea-ccae.org\\\/wp-content\\\/uploads\\\/2020\\\/06\\\/donate-now-buttonwhite.png\",\"contentUrl\":\"https:\\\/\\\/ccea-ccae.org\\\/wp-content\\\/uploads\\\/2020\\\/06\\\/donate-now-buttonwhite.png\"},{\"@type\":\"BreadcrumbList\",\"@id\":\"https:\\\/\\\/ccea-ccae.org\\\/fr\\\/support-the-ccea\\\/#breadcrumb\",\"itemListElement\":[{\"@type\":\"ListItem\",\"position\":1,\"name\":\"Home\",\"item\":\"https:\\\/\\\/ccea-ccae.org\\\/\"},{\"@type\":\"ListItem\",\"position\":2,\"name\":\"Support the CCEA\"}]},{\"@type\":\"WebSite\",\"@id\":\"https:\\\/\\\/ccea-ccae.org\\\/#website\",\"url\":\"https:\\\/\\\/ccea-ccae.org\\\/\",\"name\":\"CCEA-CCAE\",\"description\":\"Helping Canadians establish and  manage protected ecological areas\",\"publisher\":{\"@id\":\"https:\\\/\\\/ccea-ccae.org\\\/#organization\"},\"potentialAction\":[{\"@type\":\"SearchAction\",\"target\":{\"@type\":\"EntryPoint\",\"urlTemplate\":\"https:\\\/\\\/ccea-ccae.org\\\/?s={search_term_string}\"},\"query-input\":{\"@type\":\"PropertyValueSpecification\",\"valueRequired\":true,\"valueName\":\"search_term_string\"}}],\"inLanguage\":\"fr-CA\"},{\"@type\":\"Organization\",\"@id\":\"https:\\\/\\\/ccea-ccae.org\\\/#organization\",\"name\":\"CCEA-CCAE\",\"url\":\"https:\\\/\\\/ccea-ccae.org\\\/\",\"logo\":{\"@type\":\"ImageObject\",\"inLanguage\":\"fr-CA\",\"@id\":\"https:\\\/\\\/ccea-ccae.org\\\/#\\\/schema\\\/logo\\\/image\\\/\",\"url\":\"https:\\\/\\\/ccea-ccae.org\\\/wp-content\\\/uploads\\\/2014\\\/05\\\/header_CCEA.png\",\"contentUrl\":\"https:\\\/\\\/ccea-ccae.org\\\/wp-content\\\/uploads\\\/2014\\\/05\\\/header_CCEA.png\",\"width\":164,\"height\":57,\"caption\":\"CCEA-CCAE\"},\"image\":{\"@id\":\"https:\\\/\\\/ccea-ccae.org\\\/#\\\/schema\\\/logo\\\/image\\\/\"}}]}<\/script>\n<!-- \/ Yoast SEO plugin. -->","yoast_head_json":{"title":"Support the CCEA | CCEA-CCAE","robots":{"index":"index","follow":"follow","max-snippet":"max-snippet:-1","max-image-preview":"max-image-preview:large","max-video-preview":"max-video-preview:-1"},"canonical":"https:\/\/ccea-ccae.org\/fr\/support-the-ccea\/","og_locale":"fr_CA","og_type":"article","og_title":"Support the CCEA | CCEA-CCAE","og_description":"Support the CCEA Since its inception in 1982, the Canadian Council on Ecological Areas (CCEA) has received substantial support from Canadian government institutions, non-government organizations, private trusts and individuals to carry out work on behalf of all Canadians. As a not-for-profit, registered charitable organization, CCEA welcomes the continued participation and support of its established partners [&hellip;]","og_url":"https:\/\/ccea-ccae.org\/fr\/support-the-ccea\/","og_site_name":"CCEA-CCAE","article_modified_time":"2022-05-04T18:07:15+00:00","og_image":[{"url":"https:\/\/ccea-ccae.org\/wp-content\/uploads\/2020\/06\/donate-now-buttonwhite.png","type":"","width":"","height":""}],"twitter_card":"summary_large_image","twitter_misc":{"Estimation du temps de lecture":"1 minute"},"schema":{"@context":"https:\/\/schema.org","@graph":[{"@type":"WebPage","@id":"https:\/\/ccea-ccae.org\/fr\/support-the-ccea\/","url":"https:\/\/ccea-ccae.org\/fr\/support-the-ccea\/","name":"Support the CCEA | CCEA-CCAE","isPartOf":{"@id":"https:\/\/ccea-ccae.org\/#website"},"primaryImageOfPage":{"@id":"https:\/\/ccea-ccae.org\/fr\/support-the-ccea\/#primaryimage"},"image":{"@id":"https:\/\/ccea-ccae.org\/fr\/support-the-ccea\/#primaryimage"},"thumbnailUrl":"https:\/\/ccea-ccae.org\/wp-content\/uploads\/2020\/06\/donate-now-buttonwhite.png","datePublished":"2014-05-06T20:32:57+00:00","dateModified":"2022-05-04T18:07:15+00:00","breadcrumb":{"@id":"https:\/\/ccea-ccae.org\/fr\/support-the-ccea\/#breadcrumb"},"inLanguage":"fr-CA","potentialAction":[{"@type":"ReadAction","target":["https:\/\/ccea-ccae.org\/fr\/support-the-ccea\/"]}]},{"@type":"ImageObject","inLanguage":"fr-CA","@id":"https:\/\/ccea-ccae.org\/fr\/support-the-ccea\/#primaryimage","url":"https:\/\/ccea-ccae.org\/wp-content\/uploads\/2020\/06\/donate-now-buttonwhite.png","contentUrl":"https:\/\/ccea-ccae.org\/wp-content\/uploads\/2020\/06\/donate-now-buttonwhite.png"},{"@type":"BreadcrumbList","@id":"https:\/\/ccea-ccae.org\/fr\/support-the-ccea\/#breadcrumb","itemListElement":[{"@type":"ListItem","position":1,"name":"Home","item":"https:\/\/ccea-ccae.org\/"},{"@type":"ListItem","position":2,"name":"Support the CCEA"}]},{"@type":"WebSite","@id":"https:\/\/ccea-ccae.org\/#website","url":"https:\/\/ccea-ccae.org\/","name":"CCAE-CCEA","description":"Aider les Canadiens \u00e0 \u00e9tablir et \u00e0 g\u00e9rer des aires \u00e9cologiques prot\u00e9g\u00e9es","publisher":{"@id":"https:\/\/ccea-ccae.org\/#organization"},"potentialAction":[{"@type":"SearchAction","target":{"@type":"EntryPoint","urlTemplate":"https:\/\/ccea-ccae.org\/?s={search_term_string}"},"query-input":{"@type":"PropertyValueSpecification","valueRequired":true,"valueName":"search_term_string"}}],"inLanguage":"fr-CA"},{"@type":"Organization","@id":"https:\/\/ccea-ccae.org\/#organization","name":"CCAE-CCEA","url":"https:\/\/ccea-ccae.org\/","logo":{"@type":"ImageObject","inLanguage":"fr-CA","@id":"https:\/\/ccea-ccae.org\/#\/schema\/logo\/image\/","url":"https:\/\/ccea-ccae.org\/wp-content\/uploads\/2014\/05\/header_CCEA.png","contentUrl":"https:\/\/ccea-ccae.org\/wp-content\/uploads\/2014\/05\/header_CCEA.png","width":164,"height":57,"caption":"CCEA-CCAE"},"image":{"@id":"https:\/\/ccea-ccae.org\/#\/schema\/logo\/image\/"}}]}},"_links":{"self":[{"href":"https:\/\/ccea-ccae.org\/fr\/wp-json\/wp\/v2\/pages\/76","targetHints":{"allow":["GET"]}}],"collection":[{"href":"https:\/\/ccea-ccae.org\/fr\/wp-json\/wp\/v2\/pages"}],"about":[{"href":"https:\/\/ccea-ccae.org\/fr\/wp-json\/wp\/v2\/types\/page"}],"author":[{"embeddable":true,"href":"https:\/\/ccea-ccae.org\/fr\/wp-json\/wp\/v2\/users\/1"}],"replies":[{"embeddable":true,"href":"https:\/\/ccea-ccae.org\/fr\/wp-json\/wp\/v2\/comments?post=76"}],"version-history":[{"count":8,"href":"https:\/\/ccea-ccae.org\/fr\/wp-json\/wp\/v2\/pages\/76\/revisions"}],"predecessor-version":[{"id":6378,"href":"https:\/\/ccea-ccae.org\/fr\/wp-json\/wp\/v2\/pages\/76\/revisions\/6378"}],"wp:attachment":[{"href":"https:\/\/ccea-ccae.org\/fr\/wp-json\/wp\/v2\/media?parent=76"}],"curies":[{"name":"wp","href":"https:\/\/api.w.org\/{rel}","templated":true}]}}